{"id":23,"date":"2016-02-12T08:12:49","date_gmt":"2016-02-12T08:12:49","guid":{"rendered":"http:\/\/demos.famethemes.com\/onepress\/?page_id=23"},"modified":"2023-11-01T09:32:11","modified_gmt":"2023-11-01T12:32:11","slug":"curso-de-capelania","status":"publish","type":"page","link":"https:\/\/www.igrejabatistadecorreas.com.br\/2018\/curso-de-capelania\/","title":{"rendered":"Curso de Capelania"},"content":{"rendered":"\t\t<div data-elementor-type=\"wp-page\" data-elementor-id=\"23\" class=\"elementor elementor-23\">\n\t\t\t\t<div class=\"elementor-element elementor-element-407b588 e-flex e-con-boxed e-con e-parent\" data-id=\"407b588\" data-element_type=\"container\" data-e-type=\"container\">\n\t\t\t\t\t<div class=\"e-con-inner\">\n\t\t\t\t<div class=\"elementor-element elementor-element-823b26f elementor-widget elementor-widget-heading\" data-id=\"823b26f\" data-element_type=\"widget\" data-e-type=\"widget\" data-widget_type=\"heading.default\">\n\t\t\t\t<div class=\"elementor-widget-container\">\n\t\t\t\t\t<h1 class=\"elementor-heading-title elementor-size-default\">Curso de capelania<\/h1>\t\t\t\t<\/div>\n\t\t\t\t<\/div>\n\t\t\t\t<div class=\"elementor-element elementor-element-1ceb62e elementor-widget elementor-widget-accordion\" data-id=\"1ceb62e\" data-element_type=\"widget\" data-e-type=\"widget\" data-widget_type=\"accordion.default\">\n\t\t\t\t<div class=\"elementor-widget-container\">\n\t\t\t\t\t\t\t<div class=\"elementor-accordion\">\n\t\t\t\t\t\t\t<div class=\"elementor-accordion-item\">\n\t\t\t\t\t<div id=\"elementor-tab-title-3031\" class=\"elementor-tab-title\" data-tab=\"1\" role=\"button\" aria-controls=\"elementor-tab-content-3031\" aria-expanded=\"false\">\n\t\t\t\t\t\t\t\t\t\t\t\t\t<span class=\"elementor-accordion-icon elementor-accordion-icon-left\" aria-hidden=\"true\">\n\t\t\t\t\t\t\t\t\t\t\t\t\t\t\t<span class=\"elementor-accordion-icon-closed\"><i class=\"far fa-plus-square\"><\/i><\/span>\n\t\t\t\t\t\t\t\t<span class=\"elementor-accordion-icon-opened\"><i class=\"fas fa-minus-circle\"><\/i><\/span>\n\t\t\t\t\t\t\t\t\t\t\t\t\t\t<\/span>\n\t\t\t\t\t\t\t\t\t\t\t\t<a class=\"elementor-accordion-title\" tabindex=\"0\">Como surgiu a capelania?<\/a>\n\t\t\t\t\t<\/div>\n\t\t\t\t\t<div id=\"elementor-tab-content-3031\" class=\"elementor-tab-content elementor-clearfix\" data-tab=\"1\" role=\"region\" aria-labelledby=\"elementor-tab-title-3031\"><p>Historicamente o termo &#8220;capelania&#8221; foi criado na Fran\u00e7a, em 1700 porque, em tempos de guerra, o rei costumava mandar para os acampamentos militares, uma rel\u00edquia dentro de um orat\u00f3rio, que recebia o nome de &#8220;Capela&#8221;. Essa capela ficava sob a responsabilidade do sacerdote, conselheiro dos militares. Em tempos de paz, a capela voltava para o reino, ainda sob a responsabilidade do sacerdote, que continuava como l\u00edder espiritual do rei, e assim ficou conhecido por capel\u00e3o. Com o tempo, o servi\u00e7o de capelania se estendeu aos parlamentos, col\u00e9gios, cemit\u00e9rios e pris\u00f5es.<\/p><p>Ao longo da hist\u00f3ria, muitas cortes e fam\u00edlias nobres tinham tamb\u00e9m o seu capel\u00e3o. No caso de uma corpora\u00e7\u00e3o militar, fala-se de capelania militar ou capelania castrense.<\/p><\/div>\n\t\t\t\t<\/div>\n\t\t\t\t\t\t\t<div class=\"elementor-accordion-item\">\n\t\t\t\t\t<div id=\"elementor-tab-title-3032\" class=\"elementor-tab-title\" data-tab=\"2\" role=\"button\" aria-controls=\"elementor-tab-content-3032\" aria-expanded=\"false\">\n\t\t\t\t\t\t\t\t\t\t\t\t\t<span class=\"elementor-accordion-icon elementor-accordion-icon-left\" aria-hidden=\"true\">\n\t\t\t\t\t\t\t\t\t\t\t\t\t\t\t<span class=\"elementor-accordion-icon-closed\"><i class=\"far fa-plus-square\"><\/i><\/span>\n\t\t\t\t\t\t\t\t<span class=\"elementor-accordion-icon-opened\"><i class=\"fas fa-minus-circle\"><\/i><\/span>\n\t\t\t\t\t\t\t\t\t\t\t\t\t\t<\/span>\n\t\t\t\t\t\t\t\t\t\t\t\t<a class=\"elementor-accordion-title\" tabindex=\"0\">O que \u00e9 um capel\u00e3o?<\/a>\n\t\t\t\t\t<\/div>\n\t\t\t\t\t<div id=\"elementor-tab-content-3032\" class=\"elementor-tab-content elementor-clearfix\" data-tab=\"2\" role=\"region\" aria-labelledby=\"elementor-tab-title-3032\"><p>Capel\u00e3o (em franc\u00eas: chapelain) \u00e9 um ministro religioso autorizado a prestar assist\u00eancia e a realizar cultos em comunidades religiosas, conventos, col\u00e9gios, universidades, hospitais, pres\u00eddios, corpora\u00e7\u00f5es militares e outras organiza\u00e7\u00f5es ou corpora\u00e7\u00f5es, e que geralmente \u00e9 oficiado por um padre ou pastor.<\/p><\/div>\n\t\t\t\t<\/div>\n\t\t\t\t\t\t\t<div class=\"elementor-accordion-item\">\n\t\t\t\t\t<div id=\"elementor-tab-title-3033\" class=\"elementor-tab-title\" data-tab=\"3\" role=\"button\" aria-controls=\"elementor-tab-content-3033\" aria-expanded=\"false\">\n\t\t\t\t\t\t\t\t\t\t\t\t\t<span class=\"elementor-accordion-icon elementor-accordion-icon-left\" aria-hidden=\"true\">\n\t\t\t\t\t\t\t\t\t\t\t\t\t\t\t<span class=\"elementor-accordion-icon-closed\"><i class=\"far fa-plus-square\"><\/i><\/span>\n\t\t\t\t\t\t\t\t<span class=\"elementor-accordion-icon-opened\"><i class=\"fas fa-minus-circle\"><\/i><\/span>\n\t\t\t\t\t\t\t\t\t\t\t\t\t\t<\/span>\n\t\t\t\t\t\t\t\t\t\t\t\t<a class=\"elementor-accordion-title\" tabindex=\"0\">Atualmente, ainda existem capel\u00e3os?<\/a>\n\t\t\t\t\t<\/div>\n\t\t\t\t\t<div id=\"elementor-tab-content-3033\" class=\"elementor-tab-content elementor-clearfix\" data-tab=\"3\" role=\"region\" aria-labelledby=\"elementor-tab-title-3033\"><p>Sim, ainda existem capel\u00f5es e a capelania \u00e9 um servi\u00e7o social garantido por Lei.<\/p><p>A Constitui\u00e7\u00e3o Federal de 1988 prev\u00ea em seu art. 5\u00ba, inciso VII que \u00ab\u00e9 assegurada, nos termos da lei, a presta\u00e7\u00e3o de assist\u00eancia religiosa nas entidades civis e militares de interna\u00e7\u00e3o coletiva.<\/p><\/div>\n\t\t\t\t<\/div>\n\t\t\t\t\t\t\t\t<\/div>\n\t\t\t\t\t\t<\/div>\n\t\t\t\t<\/div>\n\t\t\t\t<div class=\"elementor-element elementor-element-a716fe4 elementor-widget elementor-widget-heading\" data-id=\"a716fe4\" data-element_type=\"widget\" data-e-type=\"widget\" data-widget_type=\"heading.default\">\n\t\t\t\t<div class=\"elementor-widget-container\">\n\t\t\t\t\t<h3 class=\"elementor-heading-title elementor-size-default\">Foto com a \u00faltima turma formada:<\/h3>\t\t\t\t<\/div>\n\t\t\t\t<\/div>\n\t\t\t\t<div class=\"elementor-element elementor-element-70abad4 elementor-widget elementor-widget-image\" data-id=\"70abad4\" data-element_type=\"widget\" data-e-type=\"widget\" data-widget_type=\"image.default\">\n\t\t\t\t<div class=\"elementor-widget-container\">\n\t\t\t\t\t\t\t\t\t\t\t\t<figure class=\"wp-caption\">\n\t\t\t\t\t\t\t\t\t\t\t<a href=\"https:\/\/i0.wp.com\/www.igrejabatistadecorreas.com.br\/2018\/wp-content\/uploads\/2019\/07\/WhatsApp-Image-2019-07-04-at-18.57.32-1.jpeg?ssl=1\" data-elementor-open-lightbox=\"yes\" data-elementor-lightbox-title=\"Entrega de Certificados\" data-e-action-hash=\"#elementor-action%3Aaction%3Dlightbox%26settings%3DeyJpZCI6MjIxNCwidXJsIjoiaHR0cHM6XC9cL3d3dy5pZ3JlamFiYXRpc3RhZGVjb3JyZWFzLmNvbS5iclwvMjAxOFwvd3AtY29udGVudFwvdXBsb2Fkc1wvMjAxOVwvMDdcL1doYXRzQXBwLUltYWdlLTIwMTktMDctMDQtYXQtMTguNTcuMzItMS5qcGVnIn0%3D\">\n\t\t\t\t\t\t\t<img fetchpriority=\"high\" decoding=\"async\" width=\"300\" height=\"225\" src=\"https:\/\/i0.wp.com\/www.igrejabatistadecorreas.com.br\/2018\/wp-content\/uploads\/2019\/07\/WhatsApp-Image-2019-07-04-at-18.57.32-1.jpeg?fit=300%2C225&amp;ssl=1\" class=\"elementor-animation-grow attachment-medium size-medium wp-image-2214\" alt=\"\" srcset=\"https:\/\/i0.wp.com\/www.igrejabatistadecorreas.com.br\/2018\/wp-content\/uploads\/2019\/07\/WhatsApp-Image-2019-07-04-at-18.57.32-1.jpeg?w=960&amp;ssl=1 960w, https:\/\/i0.wp.com\/www.igrejabatistadecorreas.com.br\/2018\/wp-content\/uploads\/2019\/07\/WhatsApp-Image-2019-07-04-at-18.57.32-1.jpeg?resize=300%2C225&amp;ssl=1 300w, https:\/\/i0.wp.com\/www.igrejabatistadecorreas.com.br\/2018\/wp-content\/uploads\/2019\/07\/WhatsApp-Image-2019-07-04-at-18.57.32-1.jpeg?resize=768%2C576&amp;ssl=1 768w\" sizes=\"(max-width: 300px) 100vw, 300px\" \/>\t\t\t\t\t\t\t\t<\/a>\n\t\t\t\t\t\t\t\t\t\t\t<figcaption class=\"widget-image-caption wp-caption-text\">Entrega de certificados<\/figcaption>\n\t\t\t\t\t\t\t\t\t\t<\/figure>\n\t\t\t\t\t\t\t\t\t<\/div>\n\t\t\t\t<\/div>\n\t\t\t\t<div class=\"elementor-element elementor-element-be7871b elementor-widget elementor-widget-text-editor\" data-id=\"be7871b\" data-element_type=\"widget\" data-e-type=\"widget\" data-widget_type=\"text-editor.default\">\n\t\t\t\t<div class=\"elementor-widget-container\">\n\t\t\t\t\t\t\t\t\t<p class=\"footer-page\">Fontes: https:\/\/www.scielo.br\/j\/ean\/a\/fM5Pc5gQWry7FxFmh4vKcFb\/?lang=pt#:~:text=Historicamente%20o%20termo%20%22capelania%22%20foi,do%20sacerdote%2C%20conselheiro%20dos%20militares.\n<br>\nhttps:\/\/pt.wikipedia.org\/wiki\/Capel%C3%A3o\n<\/p>\t\t\t\t\t\t\t\t<\/div>\n\t\t\t\t<\/div>\n\t\t\t\t\t<\/div>\n\t\t\t\t<\/div>\n\t\t\t\t<\/div>\n\t\t","protected":false},"excerpt":{"rendered":"<p>Venha fazer o curso de capelania com a gente \u00e9 uma excelente oportunidade de servir a Deus e ao pr\u00f3ximo.<\/p>\n","protected":false},"author":1,"featured_media":1841,"parent":0,"menu_order":0,"comment_status":"closed","ping_status":"closed","template":"template-fullwidth.php","meta":{"footnotes":""},"class_list":["post-23","page","type-page","status-publish","has-post-thumbnail","hentry"],"jetpack_sharing_enabled":true,"_links":{"self":[{"href":"https:\/\/www.igrejabatistadecorreas.com.br\/2018\/wp-json\/wp\/v2\/pages\/23","targetHints":{"allow":["GET"]}}],"collection":[{"href":"https:\/\/www.igrejabatistadecorreas.com.br\/2018\/wp-json\/wp\/v2\/pages"}],"about":[{"href":"https:\/\/www.igrejabatistadecorreas.com.br\/2018\/wp-json\/wp\/v2\/types\/page"}],"author":[{"embeddable":true,"href":"https:\/\/www.igrejabatistadecorreas.com.br\/2018\/wp-json\/wp\/v2\/users\/1"}],"replies":[{"embeddable":true,"href":"https:\/\/www.igrejabatistadecorreas.com.br\/2018\/wp-json\/wp\/v2\/comments?post=23"}],"version-history":[{"count":22,"href":"https:\/\/www.igrejabatistadecorreas.com.br\/2018\/wp-json\/wp\/v2\/pages\/23\/revisions"}],"predecessor-version":[{"id":5584,"href":"https:\/\/www.igrejabatistadecorreas.com.br\/2018\/wp-json\/wp\/v2\/pages\/23\/revisions\/5584"}],"wp:featuredmedia":[{"embeddable":true,"href":"https:\/\/www.igrejabatistadecorreas.com.br\/2018\/wp-json\/wp\/v2\/media\/1841"}],"wp:attachment":[{"href":"https:\/\/www.igrejabatistadecorreas.com.br\/2018\/wp-json\/wp\/v2\/media?parent=23"}],"curies":[{"name":"wp","href":"https:\/\/api.w.org\/{rel}","templated":true}]}}