{"id":2241,"date":"2019-07-05T16:09:36","date_gmt":"2019-07-05T19:09:36","guid":{"rendered":"https:\/\/www.igrejabatistadecorreas.com.br\/2018\/?page_id=2241"},"modified":"2023-10-30T10:56:54","modified_gmt":"2023-10-30T13:56:54","slug":"a-embalagem-de-deus","status":"publish","type":"page","link":"https:\/\/www.igrejabatistadecorreas.com.br\/2018\/palavra-pastoral\/a-embalagem-de-deus\/","title":{"rendered":"A embalagem de Deus"},"content":{"rendered":"\t\t<div data-elementor-type=\"wp-page\" data-elementor-id=\"2241\" class=\"elementor elementor-2241\">\n\t\t\t\t<div class=\"elementor-element elementor-element-b9aa328 e-flex e-con-boxed e-con e-parent\" data-id=\"b9aa328\" data-element_type=\"container\" data-e-type=\"container\">\n\t\t\t\t\t<div class=\"e-con-inner\">\n\t\t\t\t<div class=\"elementor-element elementor-element-e4e1ba0 elementor-widget elementor-widget-heading\" data-id=\"e4e1ba0\" data-element_type=\"widget\" data-e-type=\"widget\" data-widget_type=\"heading.default\">\n\t\t\t\t<div class=\"elementor-widget-container\">\n\t\t\t\t\t<h1 class=\"elementor-heading-title elementor-size-default\">A embalagem de Deus<\/h1>\t\t\t\t<\/div>\n\t\t\t\t<\/div>\n\t\t\t\t<div class=\"elementor-element elementor-element-1639f4f elementor-drop-cap-yes elementor-drop-cap-view-default elementor-widget elementor-widget-text-editor\" data-id=\"1639f4f\" data-element_type=\"widget\" data-e-type=\"widget\" data-settings=\"{&quot;drop_cap&quot;:&quot;yes&quot;}\" data-widget_type=\"text-editor.default\">\n\t\t\t\t<div class=\"elementor-widget-container\">\n\t\t\t\t\t\t\t\t\t<p>Um jovem estava para se formar. J\u00e1 h\u00e1 muitos meses ele vinha admirando um lindo carro esporte. Sabendo que seu pai podia muito bem arcar com aquela despesa, ele disse ao pai que o carro era tudo o que ele desejava. Como o dia da formatura estava pr\u00f3ximo, o jovem esperava sinais de que seu pai tivesse comprado o carro. Finalmente, na manh\u00e3 da formatura, o pai o chamou e disse qu\u00e3o orgulhoso se sentia por ter um filho t\u00e3o bom e disse a ele o quanto o amava. Ent\u00e3o entregou ao filho uma caixa de presente, lindamente embalada. Curioso e, de certa forma desapontado, o jovem abriu a caixa e encontrou uma B\u00edblia de capa de couro com o nome dele gravado em ouro. Irado, ele levantou a sua voz para o pai e disse: \u201cCom todo o dinheiro que voc\u00ea tem, voc\u00ea me d\u00e1 uma B\u00edblia?\u201d E violentamente saiu de casa. Muitos anos se passaram, e o jovem tornou-se um homem de sucesso nos neg\u00f3cios. Ele tinha uma linda casa e uma fam\u00edlia bonita, mas certo dia percebeu que seu pai j\u00e1 estava idoso e resolveu visit\u00e1-lo. Ele n\u00e3o via o pai desde o dia da formatura. Antes de terminar os preparativos para a viagem, recebeu um telegrama informando que seu pai havia falecido e deixado todas as suas posses em testamento para o filho. Ele precisava imediatamente ir \u00e0 casa do pai e cuidar de tudo. Quando l\u00e1 chegou, sentiu um misto de tristeza e arrependimento preencher o seu cora\u00e7\u00e3o. Estava remexendo os documentos e pap\u00e9is do pai quando viu a B\u00edblia, ainda nova, exatamente como ele havia deixado anos atr\u00e1s. Com l\u00e1grimas, ele abriu a B\u00edblia e come\u00e7ou a virar as p\u00e1ginas. Seu pai havia sublinhado cuidadosamente o vers\u00edculo de Mateus 7.11: \u201cSe v\u00f3s, pois, sendo maus, sabeis dar boas coisas aos vossos filhos, quanto mais vosso Pai, que est\u00e1 nos c\u00e9us, dar\u00e1 bens aos que lhes pedirem?\u201d Enquanto lia, uma chave de carro caiu da B\u00edblia. Ela tinha uma etiqueta com o nome da revendedora, a mesma que tinha o carro esporte que ele tanto desejava. Na etiqueta constava a data da formatura, e as palavras: \u201cTotalmente pago.\u201d<br \/><br \/>Quantas vezes n\u00f3s perdemos as b\u00ean\u00e7\u00e3os de Deus porque elas n\u00e3o v\u00eam \u201cembaladas\u201d como n\u00f3s esperamos!<\/p>\t\t\t\t\t\t\t\t<\/div>\n\t\t\t\t<\/div>\n\t\t\t\t\t<\/div>\n\t\t\t\t<\/div>\n\t\t\t\t<\/div>\n\t\t","protected":false},"excerpt":{"rendered":"<p>A embalagem de Deus Um jovem estava para se formar. J\u00e1 h\u00e1 muitos meses ele vinha admirando um lindo carro esporte. Sabendo que seu pai podia muito bem arcar com &#8230;<\/p>\n","protected":false},"author":6,"featured_media":0,"parent":1713,"menu_order":0,"comment_status":"closed","ping_status":"closed","template":"template-fullwidth.php","meta":{"footnotes":""},"class_list":["post-2241","page","type-page","status-publish","hentry"],"jetpack_sharing_enabled":true,"_links":{"self":[{"href":"https:\/\/www.igrejabatistadecorreas.com.br\/2018\/wp-json\/wp\/v2\/pages\/2241","targetHints":{"allow":["GET"]}}],"collection":[{"href":"https:\/\/www.igrejabatistadecorreas.com.br\/2018\/wp-json\/wp\/v2\/pages"}],"about":[{"href":"https:\/\/www.igrejabatistadecorreas.com.br\/2018\/wp-json\/wp\/v2\/types\/page"}],"author":[{"embeddable":true,"href":"https:\/\/www.igrejabatistadecorreas.com.br\/2018\/wp-json\/wp\/v2\/users\/6"}],"replies":[{"embeddable":true,"href":"https:\/\/www.igrejabatistadecorreas.com.br\/2018\/wp-json\/wp\/v2\/comments?post=2241"}],"version-history":[{"count":19,"href":"https:\/\/www.igrejabatistadecorreas.com.br\/2018\/wp-json\/wp\/v2\/pages\/2241\/revisions"}],"predecessor-version":[{"id":5394,"href":"https:\/\/www.igrejabatistadecorreas.com.br\/2018\/wp-json\/wp\/v2\/pages\/2241\/revisions\/5394"}],"up":[{"embeddable":true,"href":"https:\/\/www.igrejabatistadecorreas.com.br\/2018\/wp-json\/wp\/v2\/pages\/1713"}],"wp:attachment":[{"href":"https:\/\/www.igrejabatistadecorreas.com.br\/2018\/wp-json\/wp\/v2\/media?parent=2241"}],"curies":[{"name":"wp","href":"https:\/\/api.w.org\/{rel}","templated":true}]}}