{"id":2234,"date":"2019-07-05T16:07:18","date_gmt":"2019-07-05T19:07:18","guid":{"rendered":"https:\/\/www.igrejabatistadecorreas.com.br\/2018\/?page_id=2234"},"modified":"2023-10-30T10:54:21","modified_gmt":"2023-10-30T13:54:21","slug":"a-meta-da-maturidade","status":"publish","type":"page","link":"https:\/\/www.igrejabatistadecorreas.com.br\/2018\/palavra-pastoral\/a-meta-da-maturidade\/","title":{"rendered":"A meta da maturidade"},"content":{"rendered":"\t\t<div data-elementor-type=\"wp-page\" data-elementor-id=\"2234\" class=\"elementor elementor-2234\">\n\t\t\t\t<div class=\"elementor-element elementor-element-1eacb99 e-flex e-con-boxed e-con e-parent\" data-id=\"1eacb99\" data-element_type=\"container\" data-e-type=\"container\">\n\t\t\t\t\t<div class=\"e-con-inner\">\n\t\t\t\t<div class=\"elementor-element elementor-element-711b6b3 elementor-widget elementor-widget-heading\" data-id=\"711b6b3\" data-element_type=\"widget\" data-e-type=\"widget\" data-widget_type=\"heading.default\">\n\t\t\t\t<div class=\"elementor-widget-container\">\n\t\t\t\t\t<h1 class=\"elementor-heading-title elementor-size-default\">A meta da maturidade<\/h1>\t\t\t\t<\/div>\n\t\t\t\t<\/div>\n\t\t\t\t<div class=\"elementor-element elementor-element-4dbf714 elementor-widget elementor-widget-text-editor\" data-id=\"4dbf714\" data-element_type=\"widget\" data-e-type=\"widget\" data-widget_type=\"text-editor.default\">\n\t\t\t\t<div class=\"elementor-widget-container\">\n\t\t\t\t\t\t\t\t\t<p>\u201cN\u00e3o \u00e9 verdade que as pessoas param de perseguir os sonhos porque est\u00e3o ficando velhas; elas est\u00e3o ficando velhas porque pararam de perseguir os sonhos\u201d. (Gabriel M\u00e1rquez)<\/p><p>Todos estamos \u2014 ou dever\u00edamos estar \u2014 a caminho de nos tornarmos pessoas maduras. Na jornada da maturidade, comecemos por admitir que ela n\u00e3o vem necessariamente com a idade. Maturidade \u00e9 um processo, de baixo para cima, com um topo sempre m\u00f3vel. A pessoa madura gosta de vencer, mas vencer verdadeiramente, sem equ\u00edvocos, sem gritos, sem danos para si ou para os outros, reconhecendo que perder tamb\u00e9m pode ser vencer. (Sabemos que amadurecemos pelo modo como lidamos com as nossas derrotas.) A pessoa madura disp\u00f5e-se a ceder, seja a vez numa fila, a m\u00e3o para um companheiro, o dinheiro numa necessidade, a vit\u00f3ria numa discuss\u00e3o. A pessoa madura sabe que n\u00e3o \u00e9 completamente livre, porque h\u00e1 desagrad\u00e1veis fatores que condicionam a liberdade humana e que implicam em claras limita\u00e7\u00f5es nos desejos e em pesadas responsabilidades nas decis\u00f5es. A pessoa madura alegra-se em aprender, como o professor que estuda, como o l\u00edder que ouve, como o jovem que presta aten\u00e7\u00e3o. A pessoa madura pergunta quando n\u00e3o sabe e pergunta quando sabe, para saber mais. A pessoa madura dialoga com o seu passado pessoal, sem se deixar escravizar por ele, mas para ficar livre para novos voos. A pessoa madura cala-se quando o sil\u00eancio \u00e9 sinal de santidade, que \u00e9 a verdadeira meta da maturidade.<\/p><p>\u201cQuando eu era menino, falava como menino, sentia como menino, pensava como menino; quando cheguei a ser homem, desisti das coisas pr\u00f3prias de menino\u201d. (1 Cor\u00edntios 13.11)<\/p>\t\t\t\t\t\t\t\t<\/div>\n\t\t\t\t<\/div>\n\t\t\t\t\t<\/div>\n\t\t\t\t<\/div>\n\t\t\t\t<\/div>\n\t\t","protected":false},"excerpt":{"rendered":"<p>A meta da maturidade \u201cN\u00e3o \u00e9 verdade que as pessoas param de perseguir os sonhos porque est\u00e3o ficando velhas; elas est\u00e3o ficando velhas porque pararam de perseguir os sonhos\u201d. (Gabriel &#8230;<\/p>\n","protected":false},"author":6,"featured_media":0,"parent":1713,"menu_order":0,"comment_status":"closed","ping_status":"closed","template":"template-fullwidth.php","meta":{"footnotes":""},"class_list":["post-2234","page","type-page","status-publish","hentry"],"jetpack_sharing_enabled":true,"_links":{"self":[{"href":"https:\/\/www.igrejabatistadecorreas.com.br\/2018\/wp-json\/wp\/v2\/pages\/2234","targetHints":{"allow":["GET"]}}],"collection":[{"href":"https:\/\/www.igrejabatistadecorreas.com.br\/2018\/wp-json\/wp\/v2\/pages"}],"about":[{"href":"https:\/\/www.igrejabatistadecorreas.com.br\/2018\/wp-json\/wp\/v2\/types\/page"}],"author":[{"embeddable":true,"href":"https:\/\/www.igrejabatistadecorreas.com.br\/2018\/wp-json\/wp\/v2\/users\/6"}],"replies":[{"embeddable":true,"href":"https:\/\/www.igrejabatistadecorreas.com.br\/2018\/wp-json\/wp\/v2\/comments?post=2234"}],"version-history":[{"count":15,"href":"https:\/\/www.igrejabatistadecorreas.com.br\/2018\/wp-json\/wp\/v2\/pages\/2234\/revisions"}],"predecessor-version":[{"id":5388,"href":"https:\/\/www.igrejabatistadecorreas.com.br\/2018\/wp-json\/wp\/v2\/pages\/2234\/revisions\/5388"}],"up":[{"embeddable":true,"href":"https:\/\/www.igrejabatistadecorreas.com.br\/2018\/wp-json\/wp\/v2\/pages\/1713"}],"wp:attachment":[{"href":"https:\/\/www.igrejabatistadecorreas.com.br\/2018\/wp-json\/wp\/v2\/media?parent=2234"}],"curies":[{"name":"wp","href":"https:\/\/api.w.org\/{rel}","templated":true}]}}