{"id":2216,"date":"2019-07-05T15:43:33","date_gmt":"2019-07-05T18:43:33","guid":{"rendered":"https:\/\/www.igrejabatistadecorreas.com.br\/2018\/?page_id=2216"},"modified":"2023-10-30T10:53:27","modified_gmt":"2023-10-30T13:53:27","slug":"como-os-batistas-nasceram-aqui","status":"publish","type":"page","link":"https:\/\/www.igrejabatistadecorreas.com.br\/2018\/palavra-pastoral\/como-os-batistas-nasceram-aqui\/","title":{"rendered":"Como os batistas nasceram aqui"},"content":{"rendered":"\t\t<div data-elementor-type=\"wp-page\" data-elementor-id=\"2216\" class=\"elementor elementor-2216\">\n\t\t\t\t<div class=\"elementor-element elementor-element-e5115be e-flex e-con-boxed e-con e-parent\" data-id=\"e5115be\" data-element_type=\"container\" data-e-type=\"container\">\n\t\t\t\t\t<div class=\"e-con-inner\">\n\t\t\t\t<div class=\"elementor-element elementor-element-bedbf31 elementor-widget elementor-widget-heading\" data-id=\"bedbf31\" data-element_type=\"widget\" data-e-type=\"widget\" data-widget_type=\"heading.default\">\n\t\t\t\t<div class=\"elementor-widget-container\">\n\t\t\t\t\t<h1 class=\"elementor-heading-title elementor-size-default\">Como os batistas nasceram aqui<\/h1>\t\t\t\t<\/div>\n\t\t\t\t<\/div>\n\t\t\t\t<div class=\"elementor-element elementor-element-4631cb7 elementor-drop-cap-yes elementor-drop-cap-view-default elementor-widget elementor-widget-text-editor\" data-id=\"4631cb7\" data-element_type=\"widget\" data-e-type=\"widget\" data-settings=\"{&quot;drop_cap&quot;:&quot;yes&quot;}\" data-widget_type=\"text-editor.default\">\n\t\t\t\t<div class=\"elementor-widget-container\">\n\t\t\t\t\t\t\t\t\t<p>Sou fruto de uma gera\u00e7\u00e3o de crist\u00e3os plantadores de sementes boas do evangelho na cidade de Petr\u00f3polis. Cresci vendo homens e mulheres semeando o evangelho em alguns dos bairros de dif\u00edcil acesso para a \u00e9poca como: Morin, 24 de Maio, S\u00e3o Sebasti\u00e3o, Itamarati, Provis\u00f3ria, Corr\u00eaas, Alto Independ\u00eancia, Alto da Serra e Pedro do Rio, devido as ruas que n\u00e3o eram pavimentadas e n\u00e3o tinham cal\u00e7adas.<br \/><br \/>Eu tinha uns seis anos de idade e acompanhava meus pais com um conjunto instrumental presente em praticamente todos os cultos realizados durante a semana nas casas onde as mensagens pregadas pelos pregadores leigos, objetivava converter a Jesus a fam\u00edlia e os seus convidados. Depois de consolidado o trabalho, com um n\u00famero suficiente de crentes convertidos, a igreja sede, a PIBP (Primeira Igreja Batista), organizava uma congrega\u00e7\u00e3o e posteriormente uma nova igreja. Assim, a Primeira Igreja Batista, desde o seu in\u00edcio trabalhou organizando em quase todos os bairros da cidade uma Igreja Batista, ao longo de sua exist\u00eancia.<br \/><br \/>Um grupo de irm\u00e3os come\u00e7ava um n\u00facleo de estudos b\u00edblicos em uma resid\u00eancia e, \u00e0 medida que vidas iam sendo salvas pela prega\u00e7\u00e3o do evangelho, uma congrega\u00e7\u00e3o era organizada e instalada num im\u00f3vel alugado pela igreja e, depois com o seu crescimento e aparente capacidade de manter-se, um concilio era formado para o exame do aprendizado B\u00edblico, doutrin\u00e1rio, espiritual e social naquela comunidade, e, se aprovado, a igreja podia ser organizada para continuar anunciando as boas novas do evangelho naquele local. Com a chegada de outras denomina\u00e7\u00f5es o evangelho em Petr\u00f3polis foi crescendo e o n\u00famero de convertidos aumentando, gra\u00e7as ao pioneirismo de alguns corajosos crentes que foram perseguidos, apedrejados, escorra\u00e7ados e severamente discriminados, enquanto crescia o n\u00famero de crist\u00e3os.<br \/><br \/>Lembro-me que anualmente os evang\u00e9licos de v\u00e1rias cidades do estado participavam do culto que ocorria no Hotel Gran Solar, na Rua Jo\u00e3o Caetano, local onde foi o ber\u00e7o da primeira Escola B\u00edblia Dominical iniciada em 1885, sob a lideran\u00e7a dos mission\u00e1rios Dr. Robert Kalley (m\u00e9dico), e sua esposa Dra. Sara Poltron Kalley, crentes congregacionais, com o objetivo de lembrar aquele marco b\u00edblico de f\u00e9. O evangelho na cidade e fora dela, foi crescendo e o nome de Jesus glorificado.<br \/><br \/>Nas \u00faltimas quatro d\u00e9cadas surgiram novas denomina\u00e7\u00f5es como os pentecostais, os neopentecostais, as comunidades e ultimamente os minist\u00e9rios que disputam um lugar ao sol no mercado da f\u00e9. Infelizmente, at\u00e9 em nosso meio, a estrat\u00e9gia de planta\u00e7\u00e3o de igrejas conta com shows musicais, atra\u00e7\u00f5es gospel, stand ups de renome, muita agita\u00e7\u00e3o, pula-pula e etc. Algumas destas representa\u00e7\u00f5es institucionais tem come\u00e7ado seus trabalhos com membros e l\u00edderes de outras igrejas, pessoas que escondem seus maus comportamentos, disciplinadas por maus exemplos, rebeldia, falta de \u00e9tica, postura moral inadequada, indisciplina, desrespeito e abandono de suas responsabilidades eclesi\u00e1sticas por desobedi\u00eancia, sem uma justificativa descente e aceit\u00e1vel; estes um dia mostrar\u00e3o quem verdadeiramente s\u00e3o.<br \/><br \/>\u00c9 claro que a exist\u00eancia do mal no meio do bem e a sua definitiva separa\u00e7\u00e3o, foi explicada por Jesus em Mateus 13:24-30, e segundo o Mestre, s\u00f3 ter\u00e1 fim quando da sua volta e a verdadeira igreja ent\u00e3o for arrebatada. Enquanto isso, somos chamados a viver uma vida b\u00edblica que sirva de exemplo para aqueles que ainda n\u00e3o conhecem o evangelho e n\u00e3o entregaram os seus cora\u00e7\u00f5es a Jesus, como se Cristo fosse voltar hoje e pregando o evangelho lan\u00e7ando sementes de boa qualidade a fim de que a colheita futura n\u00e3o seja selvagem e nem mortal.<\/p>\t\t\t\t\t\t\t\t<\/div>\n\t\t\t\t<\/div>\n\t\t\t\t\t<\/div>\n\t\t\t\t<\/div>\n\t\t\t\t<\/div>\n\t\t","protected":false},"excerpt":{"rendered":"<p>Como os batistas nasceram aqui Sou fruto de uma gera\u00e7\u00e3o de crist\u00e3os plantadores de sementes boas do evangelho na cidade de Petr\u00f3polis. Cresci vendo homens e mulheres semeando o evangelho &#8230;<\/p>\n","protected":false},"author":6,"featured_media":0,"parent":1713,"menu_order":0,"comment_status":"closed","ping_status":"closed","template":"template-fullwidth.php","meta":{"footnotes":""},"class_list":["post-2216","page","type-page","status-publish","hentry"],"jetpack_sharing_enabled":true,"_links":{"self":[{"href":"https:\/\/www.igrejabatistadecorreas.com.br\/2018\/wp-json\/wp\/v2\/pages\/2216","targetHints":{"allow":["GET"]}}],"collection":[{"href":"https:\/\/www.igrejabatistadecorreas.com.br\/2018\/wp-json\/wp\/v2\/pages"}],"about":[{"href":"https:\/\/www.igrejabatistadecorreas.com.br\/2018\/wp-json\/wp\/v2\/types\/page"}],"author":[{"embeddable":true,"href":"https:\/\/www.igrejabatistadecorreas.com.br\/2018\/wp-json\/wp\/v2\/users\/6"}],"replies":[{"embeddable":true,"href":"https:\/\/www.igrejabatistadecorreas.com.br\/2018\/wp-json\/wp\/v2\/comments?post=2216"}],"version-history":[{"count":20,"href":"https:\/\/www.igrejabatistadecorreas.com.br\/2018\/wp-json\/wp\/v2\/pages\/2216\/revisions"}],"predecessor-version":[{"id":5385,"href":"https:\/\/www.igrejabatistadecorreas.com.br\/2018\/wp-json\/wp\/v2\/pages\/2216\/revisions\/5385"}],"up":[{"embeddable":true,"href":"https:\/\/www.igrejabatistadecorreas.com.br\/2018\/wp-json\/wp\/v2\/pages\/1713"}],"wp:attachment":[{"href":"https:\/\/www.igrejabatistadecorreas.com.br\/2018\/wp-json\/wp\/v2\/media?parent=2216"}],"curies":[{"name":"wp","href":"https:\/\/api.w.org\/{rel}","templated":true}]}}