{"id":2120,"date":"2019-06-18T18:17:05","date_gmt":"2019-06-18T21:17:05","guid":{"rendered":"https:\/\/www.igrejabatistadecorreas.com.br\/2018\/?page_id=2120"},"modified":"2023-10-30T10:22:28","modified_gmt":"2023-10-30T13:22:28","slug":"qual-e-a-senha-mesmo-no-1","status":"publish","type":"page","link":"https:\/\/www.igrejabatistadecorreas.com.br\/2018\/sermoes\/qual-e-a-senha-mesmo-no-1\/","title":{"rendered":"Qual \u00e9 a senha mesmo? N\u00ba 1"},"content":{"rendered":"\t\t<div data-elementor-type=\"wp-page\" data-elementor-id=\"2120\" class=\"elementor elementor-2120\">\n\t\t\t\t<div class=\"elementor-element elementor-element-61e04678 e-con-full e-flex e-con e-parent\" data-id=\"61e04678\" data-element_type=\"container\" data-e-type=\"container\">\n\t\t\t\t<div class=\"elementor-element elementor-element-0768b9f elementor-widget elementor-widget-text-editor\" data-id=\"0768b9f\" data-element_type=\"widget\" data-e-type=\"widget\" data-widget_type=\"text-editor.default\">\n\t\t\t\t<div class=\"elementor-widget-container\">\n\t\t\t\t\t\t\t\t\t<strong>Texto base:\u00a0<\/strong>Deuteron\u00f4mio 28:23\n<br>\n<strong>O texto diz:<\/strong> Os teus c\u00e9us sobre a tua cabe\u00e7a ser\u00e3o de bronze; e a terra debaixo de ti ser\u00e1 de ferro.\n<hr \/>\t\t\t\t\t\t\t\t<\/div>\n\t\t\t\t<\/div>\n\t\t\t\t<div class=\"elementor-element elementor-element-16ece6c elementor-widget elementor-widget-heading\" data-id=\"16ece6c\" data-element_type=\"widget\" data-e-type=\"widget\" data-widget_type=\"heading.default\">\n\t\t\t\t<div class=\"elementor-widget-container\">\n\t\t\t\t\t<h3 class=\"elementor-heading-title elementor-size-default\">Introdu\u00e7\u00e3o<\/h3>\t\t\t\t<\/div>\n\t\t\t\t<\/div>\n\t\t\t\t<div class=\"elementor-element elementor-element-6e0ca71 elementor-widget elementor-widget-text-editor\" data-id=\"6e0ca71\" data-element_type=\"widget\" data-e-type=\"widget\" data-widget_type=\"text-editor.default\">\n\t\t\t\t<div class=\"elementor-widget-container\">\n\t\t\t\t\t\t\t\t\t<p>Em todo o relato b\u00edblico h\u00e1 uma quantidade extraordin\u00e1ria de promessas designadas aos filhos da obedi\u00eancia, que ainda n\u00e3o foram creditadas em suas contas correntes. Est\u00e3o dispon\u00edveis e, uma vez que elas sejam recebidas v\u00e3o facilitar o dia-a-dia de cada um dos herdeiros at\u00e9 que se cumpra o plano de vida terrena, pela morte ou at\u00e9 que Jesus volte, e se inicie o plano de vida eterna.<br \/><br \/>Mas, o que est\u00e1 acontecendo que os chamados \u201cfilhos da obedi\u00eancia\u201d, que n\u00e3o est\u00e3o sendo avivados, n\u00e3o est\u00e3o prosperando e seus celeiros est\u00e3o vazios? A resposta \u00e9 simples: est\u00e3o esquecendo a senha!<br \/><br \/>A senha para validar o cr\u00e9dito de Deus na conta de seus filhos est\u00e1 descrita no vers\u00edculo 15: Ser\u00e1, por\u00e9m, que, se n\u00e3o deres ouvido \u00e0 voz do Senhor, teu Deus, n\u00e3o cuidando em cumprir todos os seus mandamentos e os seus estatutos que, hoje te ordeno, ent\u00e3o, vir\u00e3o todas estas maldi\u00e7\u00f5es sobre ti e te alcan\u00e7ar\u00e3o. Ent\u00e3o qual \u00e9 a senha? OBEDI\u00caNCIA!<br \/><br \/>Fomos resgatados do imp\u00e9rio das trevas, de escravid\u00e3o e mis\u00e9ria, para vivermos uma vida de liberdade e abund\u00e2ncia, mas as ora\u00e7\u00f5es parecem que n\u00e3o s\u00e3o atendidas porque o c\u00e9u est\u00e1 de bronze (fechado) e as sementes semeadas est\u00e3o caindo em ch\u00e3o de ferro (duro), a semente n\u00e3o germina, n\u00e3o h\u00e1 flor, nada floresce.<br \/><br \/>O irm\u00e3o diz assim: pastor j\u00e1 plantei meus sonhos, mas eles n\u00e3o florescem! Plantei meu curriculum, mas n\u00e3o chega nenhum emprego! J\u00e1 plantei uma ora\u00e7\u00e3o em favor da minha fam\u00edlia, mas parece que n\u00e3o chega no c\u00e9u!!! O que est\u00e1 acontecendo?<\/p><p>O que acontece quando o crente se lembra da senha?<\/p>\t\t\t\t\t\t\t\t<\/div>\n\t\t\t\t<\/div>\n\t\t\t\t<div class=\"elementor-element elementor-element-555e811 elementor-widget elementor-widget-heading\" data-id=\"555e811\" data-element_type=\"widget\" data-e-type=\"widget\" data-widget_type=\"heading.default\">\n\t\t\t\t<div class=\"elementor-widget-container\">\n\t\t\t\t\t<h3 class=\"elementor-heading-title elementor-size-default\">I- Os c\u00e9us de Deus se abrem sobre n\u00f3s<\/h3>\t\t\t\t<\/div>\n\t\t\t\t<\/div>\n\t\t\t\t<div class=\"elementor-element elementor-element-c9b2307 elementor-drop-cap-yes elementor-drop-cap-view-default elementor-widget elementor-widget-text-editor\" data-id=\"c9b2307\" data-element_type=\"widget\" data-e-type=\"widget\" data-settings=\"{&quot;drop_cap&quot;:&quot;yes&quot;}\" data-widget_type=\"text-editor.default\">\n\t\t\t\t<div class=\"elementor-widget-container\">\n\t\t\t\t\t\t\t\t\t<p>O avivamento vem acompanhado de prosperidade porque a prosperidade no Reino de Deus \u00e9 importante, vidas s\u00e3o aben\u00e7oadas, na\u00e7\u00f5es s\u00e3o alcan\u00e7adas, projetos s\u00e3o realizados e a volta de Cristo \u00e9 abreviada por causa da multiplica\u00e7\u00e3o dos que se converter\u00e3o para a gl\u00f3ria do Pai.<\/p><p>Salmos 115:14-15: O Senhor vos aumentar\u00e1 cada vez mais, a v\u00f3s e a vossos filhos. Sois benditos do Senhor, que fez os c\u00e9us e a terra.<\/p><p>Precisamos que os c\u00e9us do Senhor estejam abertos sobre n\u00f3s para que as nossas ora\u00e7\u00f5es ultrapassem o teto que est\u00e1 sobre n\u00f3s.<\/p><p>Salmos 61:1 \u2013 Ouve, \u00f3 Deus, o meu clamor; atende \u00e0 minha ora\u00e7\u00e3o.<\/p><p>O que acontece quando o crente se lembra da senha?<\/p>\t\t\t\t\t\t\t\t<\/div>\n\t\t\t\t<\/div>\n\t\t\t\t<div class=\"elementor-element elementor-element-644cdbe elementor-widget elementor-widget-heading\" data-id=\"644cdbe\" data-element_type=\"widget\" data-e-type=\"widget\" data-widget_type=\"heading.default\">\n\t\t\t\t<div class=\"elementor-widget-container\">\n\t\t\t\t\t<h3 class=\"elementor-heading-title elementor-size-default\">II- Deus transforma o ch\u00e3o de ferro em terra f\u00e9rtil<\/h3>\t\t\t\t<\/div>\n\t\t\t\t<\/div>\n\t\t\t\t<div class=\"elementor-element elementor-element-bd89c3e elementor-drop-cap-yes elementor-drop-cap-view-default elementor-widget elementor-widget-text-editor\" data-id=\"bd89c3e\" data-element_type=\"widget\" data-e-type=\"widget\" data-settings=\"{&quot;drop_cap&quot;:&quot;yes&quot;}\" data-widget_type=\"text-editor.default\">\n\t\t\t\t<div class=\"elementor-widget-container\">\n\t\t\t\t\t\t\t\t\t<p>Os c\u00e9us se abrem para que a prosperidade seja vis\u00edvel, para que a terra seja frut\u00edfera. Deus n\u00e3o tem uma linguagem de mis\u00e9ria nem de derrota.<br \/><br \/>A Sua Palavra nos diz: \u201ctenho posto diante de ti a vida e a morte, a b\u00ean\u00e7\u00e3o e a maldi\u00e7\u00e3o. Escolha, pois, a vida para que vivas tu e a tua semente\u201d.<br \/><br \/>(Dt 30:19). A vida que devemos escolher \u00e9 Jesus. Deus \u00e9 realmente maravilhoso, esse \u00e9 um conselho no qual Deus diz o que devemos escolher: a vida. \u00c9 pela vida de vit\u00f3rias, de b\u00ean\u00e7\u00e3os e de prosperidade que nossa fam\u00edlia ser\u00e1 reconhecida como uma fam\u00edlia de testemunhos.<br \/><br \/>Recuperada a senha, a terra vai ser adubada, virada e preparada por Deus para que as tuas sementes n\u00e3o envelhe\u00e7am mais sobre o ch\u00e3o de ferro, mas morram para que teus sonhos, planos, projetos tenham vida e vida em abund\u00e2ncia.<\/p>\t\t\t\t\t\t\t\t<\/div>\n\t\t\t\t<\/div>\n\t\t\t\t<div class=\"elementor-element elementor-element-f46c8ea elementor-widget elementor-widget-heading\" data-id=\"f46c8ea\" data-element_type=\"widget\" data-e-type=\"widget\" id=\"sermao\" data-widget_type=\"heading.default\">\n\t\t\t\t<div class=\"elementor-widget-container\">\n\t\t\t\t\t<h1 class=\"elementor-heading-title elementor-size-default\"><a href=\"https:\/\/www.igrejabatistadecorreas.com.br\/2018\/sermoes\/qual-e-a-senha-mesmo-no-1\/#sermao\">Qual \u00e9 a senha mesmo? N\u00ba 1<\/a><\/h1>\t\t\t\t<\/div>\n\t\t\t\t<\/div>\n\t\t\t\t<\/div>\n\t\t<div class=\"elementor-element elementor-element-26ed476 e-flex e-con-boxed e-con e-parent\" data-id=\"26ed476\" data-element_type=\"container\" data-e-type=\"container\">\n\t\t\t\t\t<div class=\"e-con-inner\">\n\t\t\t\t<div class=\"elementor-element elementor-element-615928f elementor-widget elementor-widget-heading\" data-id=\"615928f\" data-element_type=\"widget\" data-e-type=\"widget\" data-widget_type=\"heading.default\">\n\t\t\t\t<div class=\"elementor-widget-container\">\n\t\t\t\t\t<h3 class=\"elementor-heading-title elementor-size-default\">Conclus\u00e3o<\/h3>\t\t\t\t<\/div>\n\t\t\t\t<\/div>\n\t\t\t\t\t<\/div>\n\t\t\t\t<\/div>\n\t\t<div class=\"elementor-element elementor-element-828062e e-flex e-con-boxed e-con e-parent\" data-id=\"828062e\" data-element_type=\"container\" data-e-type=\"container\">\n\t\t\t\t\t<div class=\"e-con-inner\">\n\t\t\t\t<div class=\"elementor-element elementor-element-6d52e5d elementor-widget elementor-widget-text-editor\" data-id=\"6d52e5d\" data-element_type=\"widget\" data-e-type=\"widget\" data-widget_type=\"text-editor.default\">\n\t\t\t\t<div class=\"elementor-widget-container\">\n\t\t\t\t\t\t\t\t\t<p>Mas, qual \u00e9 a senha mesmo? Deut. 30:15-18 \u2013 Vejam que hoje ponho diante de voc\u00eas vida e prosperidade, ou morte e destrui\u00e7\u00e3o. Pois hoje lhes ordeno que amem o Senhor, o seu Deus, andem nos seus caminhos e guardem os seus mandamentos, decretos e ordenan\u00e7as; ent\u00e3o voc\u00eas ter\u00e3o vida e aumentar\u00e3o em n\u00famero, e o Senhor, o seu Deus, os aben\u00e7oar\u00e1 na terra em que voc\u00eas est\u00e3o entrando para dela tomar posse. Se, todavia, o seu cora\u00e7\u00e3o se desviar e voc\u00eas n\u00e3o forem obedientes, e se deixarem levar, prostrando-se diante de outros deuses para ador\u00e1-los, eu hoje lhes declaro que sem d\u00favida voc\u00eas ser\u00e3o destru\u00eddos. Voc\u00eas n\u00e3o viver\u00e3o muito tempo na terra em que v\u00e3o entrar e da qual v\u00e3o tomar posse, depois de atravessarem o Jord\u00e3o. <strong><em><span style=\"text-decoration: underline;\">A SENHA \u00c9 OBEDI\u00caNCIA!<\/span><\/em><\/strong><\/p>\t\t\t\t\t\t\t\t<\/div>\n\t\t\t\t<\/div>\n\t\t\t\t\t<\/div>\n\t\t\t\t<\/div>\n\t\t<div class=\"elementor-element elementor-element-dc62035 e-flex e-con-boxed e-con e-parent\" data-id=\"dc62035\" data-element_type=\"container\" data-e-type=\"container\">\n\t\t\t\t\t<div class=\"e-con-inner\">\n\t\t\t\t<div class=\"elementor-element elementor-element-e5fe89a elementor-widget elementor-widget-text-editor\" data-id=\"e5fe89a\" data-element_type=\"widget\" data-e-type=\"widget\" data-widget_type=\"text-editor.default\">\n\t\t\t\t<div class=\"elementor-widget-container\">\n\t\t\t\t\t\t\t\t\t<p class=\"footer-page\">Pr. Carlos Henrique Carnavalli<\/p>\t\t\t\t\t\t\t\t<\/div>\n\t\t\t\t<\/div>\n\t\t\t\t\t<\/div>\n\t\t\t\t<\/div>\n\t\t\t\t<\/div>\n\t\t","protected":false},"excerpt":{"rendered":"<p>Texto base:\u00a0Deuteron\u00f4mio 28:23 O texto diz: Os teus c\u00e9us sobre a tua cabe\u00e7a ser\u00e3o de bronze; e a terra debaixo de ti ser\u00e1 de ferro. Introdu\u00e7\u00e3o Em todo o relato &#8230;<\/p>\n","protected":false},"author":6,"featured_media":0,"parent":1725,"menu_order":0,"comment_status":"closed","ping_status":"closed","template":"template-fullwidth.php","meta":{"footnotes":""},"class_list":["post-2120","page","type-page","status-publish","hentry"],"jetpack_sharing_enabled":true,"_links":{"self":[{"href":"https:\/\/www.igrejabatistadecorreas.com.br\/2018\/wp-json\/wp\/v2\/pages\/2120","targetHints":{"allow":["GET"]}}],"collection":[{"href":"https:\/\/www.igrejabatistadecorreas.com.br\/2018\/wp-json\/wp\/v2\/pages"}],"about":[{"href":"https:\/\/www.igrejabatistadecorreas.com.br\/2018\/wp-json\/wp\/v2\/types\/page"}],"author":[{"embeddable":true,"href":"https:\/\/www.igrejabatistadecorreas.com.br\/2018\/wp-json\/wp\/v2\/users\/6"}],"replies":[{"embeddable":true,"href":"https:\/\/www.igrejabatistadecorreas.com.br\/2018\/wp-json\/wp\/v2\/comments?post=2120"}],"version-history":[{"count":45,"href":"https:\/\/www.igrejabatistadecorreas.com.br\/2018\/wp-json\/wp\/v2\/pages\/2120\/revisions"}],"predecessor-version":[{"id":5335,"href":"https:\/\/www.igrejabatistadecorreas.com.br\/2018\/wp-json\/wp\/v2\/pages\/2120\/revisions\/5335"}],"up":[{"embeddable":true,"href":"https:\/\/www.igrejabatistadecorreas.com.br\/2018\/wp-json\/wp\/v2\/pages\/1725"}],"wp:attachment":[{"href":"https:\/\/www.igrejabatistadecorreas.com.br\/2018\/wp-json\/wp\/v2\/media?parent=2120"}],"curies":[{"name":"wp","href":"https:\/\/api.w.org\/{rel}","templated":true}]}}