{"id":1938,"date":"2018-12-14T10:48:47","date_gmt":"2018-12-14T12:48:47","guid":{"rendered":"https:\/\/www.igrejabatistadecorreas.com.br\/2018\/?page_id=1938"},"modified":"2023-10-30T10:48:53","modified_gmt":"2023-10-30T13:48:53","slug":"a-verdade-sobre-a-pascoa","status":"publish","type":"page","link":"https:\/\/www.igrejabatistadecorreas.com.br\/2018\/sermoes\/a-verdade-sobre-a-pascoa\/","title":{"rendered":"A verdade sobre a P\u00e1scoa"},"content":{"rendered":"\t\t<div data-elementor-type=\"wp-page\" data-elementor-id=\"1938\" class=\"elementor elementor-1938\">\n\t\t\t\t<div class=\"elementor-element elementor-element-b430c20 e-flex e-con-boxed e-con e-parent\" data-id=\"b430c20\" data-element_type=\"container\" data-e-type=\"container\">\n\t\t\t\t\t<div class=\"e-con-inner\">\n\t\t\t\t<div class=\"elementor-element elementor-element-0bdf87e elementor-position-right elementor-vertical-align-middle elementor-widget elementor-widget-image-box\" data-id=\"0bdf87e\" data-element_type=\"widget\" data-e-type=\"widget\" id=\"sermao\" data-widget_type=\"image-box.default\">\n\t\t\t\t<div class=\"elementor-widget-container\">\n\t\t\t\t\t<div class=\"elementor-image-box-wrapper\"><figure class=\"elementor-image-box-img\"><a href=\"https:\/\/www.igrejabatistadecorreas.com.br\/2018\/sermoes\/a-verdade-sobre-a-pascoa\/#sermao\" tabindex=\"-1\"><img fetchpriority=\"high\" decoding=\"async\" width=\"2560\" height=\"1707\" src=\"https:\/\/i0.wp.com\/www.igrejabatistadecorreas.com.br\/2018\/wp-content\/uploads\/2023\/10\/pexels-george-dolgikh-2072163-scaled.jpg?fit=2560%2C1707&amp;ssl=1\" class=\"elementor-animation-grow attachment-full size-full wp-image-5193\" alt=\"\" srcset=\"https:\/\/i0.wp.com\/www.igrejabatistadecorreas.com.br\/2018\/wp-content\/uploads\/2023\/10\/pexels-george-dolgikh-2072163-scaled.jpg?w=2560&amp;ssl=1 2560w, https:\/\/i0.wp.com\/www.igrejabatistadecorreas.com.br\/2018\/wp-content\/uploads\/2023\/10\/pexels-george-dolgikh-2072163-scaled.jpg?resize=300%2C200&amp;ssl=1 300w, https:\/\/i0.wp.com\/www.igrejabatistadecorreas.com.br\/2018\/wp-content\/uploads\/2023\/10\/pexels-george-dolgikh-2072163-scaled.jpg?resize=1024%2C683&amp;ssl=1 1024w, https:\/\/i0.wp.com\/www.igrejabatistadecorreas.com.br\/2018\/wp-content\/uploads\/2023\/10\/pexels-george-dolgikh-2072163-scaled.jpg?resize=768%2C512&amp;ssl=1 768w, https:\/\/i0.wp.com\/www.igrejabatistadecorreas.com.br\/2018\/wp-content\/uploads\/2023\/10\/pexels-george-dolgikh-2072163-scaled.jpg?resize=391%2C260&amp;ssl=1 391w, https:\/\/i0.wp.com\/www.igrejabatistadecorreas.com.br\/2018\/wp-content\/uploads\/2023\/10\/pexels-george-dolgikh-2072163-scaled.jpg?resize=1536%2C1024&amp;ssl=1 1536w, https:\/\/i0.wp.com\/www.igrejabatistadecorreas.com.br\/2018\/wp-content\/uploads\/2023\/10\/pexels-george-dolgikh-2072163-scaled.jpg?w=1600&amp;ssl=1 1600w, https:\/\/i0.wp.com\/www.igrejabatistadecorreas.com.br\/2018\/wp-content\/uploads\/2023\/10\/pexels-george-dolgikh-2072163-scaled.jpg?w=2400&amp;ssl=1 2400w\" sizes=\"(max-width: 800px) 100vw, 800px\" \/><\/a><\/figure><div class=\"elementor-image-box-content\"><h1 class=\"elementor-image-box-title\"><a href=\"https:\/\/www.igrejabatistadecorreas.com.br\/2018\/sermoes\/a-verdade-sobre-a-pascoa\/#sermao\">A verdade sobre a P\u00e1scoa<\/a><\/h1><\/div><\/div>\t\t\t\t<\/div>\n\t\t\t\t<\/div>\n\t\t\t\t<div class=\"elementor-element elementor-element-7d6cdd9 elementor-drop-cap-yes elementor-drop-cap-view-default elementor-widget elementor-widget-text-editor\" data-id=\"7d6cdd9\" data-element_type=\"widget\" data-e-type=\"widget\" data-settings=\"{&quot;drop_cap&quot;:&quot;yes&quot;}\" data-widget_type=\"text-editor.default\">\n\t\t\t\t<div class=\"elementor-widget-container\">\n\t\t\t\t\t\t\t\t\t<p>Certa ocasi\u00e3o, o Senhor Jesus tendo sido procurado por alguns fariseus e escribas vindos de Jerusal\u00e9m, respondeu a seguinte pergunta: \u201cPor que transgridem os teus disc\u00edpulos a tradi\u00e7\u00e3o dos anci\u00e3os? Pois n\u00e3o lavam as m\u00e3os, quando comem. Jesus respondeu: \u201cE v\u00f3s, por que transgredis o mandamento de Deus por causa da vossa tradi\u00e7\u00e3o?<br \/>A tradi\u00e7\u00e3o \u00e9 culpada de muitos erros de interpreta\u00e7\u00e3o e da falta do cumprimento das leis de Deus. Certos legalismos impostos por crit\u00e9rios que favoreciam o cl\u00e9rico religioso do passado, contribuiu para que pessoas evitassem comer carne na sexta-feira, n\u00e3o varressem a casa, n\u00e3o penteassem o cabelo, n\u00e3o escovassem os dentes n\u00e3o tomassem banho.<br \/>N\u00e3o foram estes os \u00fanicos erros cometidos por milh\u00f5es de pessoas ao longo dos s\u00e9culos, outros piores, que al\u00e9m de n\u00e3o terem sido combatidos, foram incentivados e propagados pela tradi\u00e7\u00e3o como, por exemplo: o coelho e o ovo de chocolate.<br \/>A verdadeira P\u00e1scoa n\u00e3o fala de um coelho, mas de um cordeiro de Deus que \u00e9 Jesus; n\u00e3o fala de proibi\u00e7\u00f5es, mas da liberta\u00e7\u00e3o do cativeiro do pecado; n\u00e3o fala de ovos de chocolate, mas do precioso sangue de Jesus Cristo vertido na Cruz por causa dos nossos pecados.<br \/>Incentivar o consumo, fabricar, comprar, dar ou receber estes e outros produtos que apontam para pr\u00e1ticas pag\u00e3s, significa sustentar uma mentira pregada e ensinada por aqueles que n\u00e3o tem interesse em divulgar a verdade porque lucram com a mentira.<br \/>A B\u00edblia apresenta-nos as verdades que fazem a diferen\u00e7a sobre este assunto primeiro com rela\u00e7\u00e3o ao lugar onde ocorreram os fatos, O EGITO. A etimologia da palavra mostra que aquele era um lugar de aprisionamento, de cativeiro do povo hebreu, um lugar de engano, de trabalho for\u00e7ado, de escravid\u00e3o, de dor, de tristeza e desesperan\u00e7a. Em segundo FARA\u00d3, que representava o s\u00edmbolo da opress\u00e3o, pois ele era um rei opressor, seq\u00fcestrador, dominador, inimigo, enganador, mentiroso, cruel, acusador, ladr\u00e3o e destruidor a semelhan\u00e7a do diabo.<br \/>Infelizmente muitas pessoas comemoram a P\u00e1scoa, demonstrando um completo desconhecimento da sua exist\u00eancia e origem, sem saber que ela \u00e9 b\u00edblica, e que se trata de uma festa dos judeus que foi iniciada por ordem direta de Deus. Est\u00e1 relacionada com a \u201cd\u00e9cima praga\u201d. Para que os judeus fossem libertos da escravid\u00e3o eg\u00edpcia, cada fam\u00edlia deveria sacrificar um cordeiro para si, o sangue do cordeiro deveria ser colocado nos umbrais e verga da porta de cada casa. O ju\u00edzo de Deus viria sobre as fam\u00edlias que n\u00e3o tivessem a marca do sangue do cordeiro em suas portas. As fam\u00edlias que tivessem a marca do sangue do cordeiro em suas portas seriam poupadas do ju\u00edzo, Deus as protegeria, \u201cpassaria p\u00f4r cima protegendo\u201d. Todas estas informa\u00e7\u00f5es est\u00e3o baseadas no livro de \u00caxodo cap\u00edtulo 12:24-28.<br \/>A festa da P\u00e1scoa hoje pode ser diferente para voc\u00ea se Jesus entrar no seu cora\u00e7\u00e3o e perdoar os seus pecados e lav\u00e1-lo com o precioso sangue que \u00e9 a marca da vit\u00f3ria, a marca de Cristo na vida dos que realmente querem ser felizes.<br \/>\u00c9 bom lembrar que coelho n\u00e3o p\u00f5e ovo, e que em qualquer tempo, comer ou tomar um delicioso chocolate, n\u00e3o far\u00e1 mal a ningu\u00e9m, todavia mistura-lo as verdades b\u00edblicas tentando confundir a mente das pessoas, \u00e9 simplesmente um ato de oportunismo e enriquecimento daqueles que continuam aumentando os seus lucros e patrim\u00f4nios enquanto outros continuam empobrecendo e morrendo sem Jesus. Que Deus ilumine a sua mente para que nos dias de comemora\u00e7\u00e3o da vit\u00f3ria de Jesus sobre a morte, a sua ressurrei\u00e7\u00e3o, a verdadeira hist\u00f3ria do amor de Deus o reconcilie com os c\u00e9us e o ajude a ter uma experi\u00eancia pessoal com o salvador, o Senhor Jesus Cristo, o Filho de Deus que veio ao mundo para salvar os pecadores e livra-los das m\u00e3os dos opressores e do Diabo.<\/p>\t\t\t\t\t\t\t\t<\/div>\n\t\t\t\t<\/div>\n\t\t\t\t<div class=\"elementor-element elementor-element-25a26b0 elementor-widget elementor-widget-text-editor\" data-id=\"25a26b0\" data-element_type=\"widget\" data-e-type=\"widget\" data-widget_type=\"text-editor.default\">\n\t\t\t\t<div class=\"elementor-widget-container\">\n\t\t\t\t\t\t\t\t\t<p class=\"footer-page\">Pr. Carlos Henrique Carnavalli<\/p>\t\t\t\t\t\t\t\t<\/div>\n\t\t\t\t<\/div>\n\t\t\t\t\t<\/div>\n\t\t\t\t<\/div>\n\t\t\t\t<\/div>\n\t\t","protected":false},"excerpt":{"rendered":"<p>A verdade sobre a P\u00e1scoa Certa ocasi\u00e3o, o Senhor Jesus tendo sido procurado por alguns fariseus e escribas vindos de Jerusal\u00e9m, respondeu a seguinte pergunta: \u201cPor que transgridem os teus &#8230;<\/p>\n","protected":false},"author":6,"featured_media":0,"parent":1725,"menu_order":0,"comment_status":"closed","ping_status":"closed","template":"template-fullwidth.php","meta":{"footnotes":""},"class_list":["post-1938","page","type-page","status-publish","hentry"],"jetpack_sharing_enabled":true,"_links":{"self":[{"href":"https:\/\/www.igrejabatistadecorreas.com.br\/2018\/wp-json\/wp\/v2\/pages\/1938","targetHints":{"allow":["GET"]}}],"collection":[{"href":"https:\/\/www.igrejabatistadecorreas.com.br\/2018\/wp-json\/wp\/v2\/pages"}],"about":[{"href":"https:\/\/www.igrejabatistadecorreas.com.br\/2018\/wp-json\/wp\/v2\/types\/page"}],"author":[{"embeddable":true,"href":"https:\/\/www.igrejabatistadecorreas.com.br\/2018\/wp-json\/wp\/v2\/users\/6"}],"replies":[{"embeddable":true,"href":"https:\/\/www.igrejabatistadecorreas.com.br\/2018\/wp-json\/wp\/v2\/comments?post=1938"}],"version-history":[{"count":23,"href":"https:\/\/www.igrejabatistadecorreas.com.br\/2018\/wp-json\/wp\/v2\/pages\/1938\/revisions"}],"predecessor-version":[{"id":5376,"href":"https:\/\/www.igrejabatistadecorreas.com.br\/2018\/wp-json\/wp\/v2\/pages\/1938\/revisions\/5376"}],"up":[{"embeddable":true,"href":"https:\/\/www.igrejabatistadecorreas.com.br\/2018\/wp-json\/wp\/v2\/pages\/1725"}],"wp:attachment":[{"href":"https:\/\/www.igrejabatistadecorreas.com.br\/2018\/wp-json\/wp\/v2\/media?parent=1938"}],"curies":[{"name":"wp","href":"https:\/\/api.w.org\/{rel}","templated":true}]}}