{"id":1935,"date":"2018-12-14T10:46:14","date_gmt":"2018-12-14T12:46:14","guid":{"rendered":"https:\/\/www.igrejabatistadecorreas.com.br\/2018\/?page_id=1935"},"modified":"2023-10-30T10:46:18","modified_gmt":"2023-10-30T13:46:18","slug":"a-verdade-sobre-o-natal","status":"publish","type":"page","link":"https:\/\/www.igrejabatistadecorreas.com.br\/2018\/sermoes\/a-verdade-sobre-o-natal\/","title":{"rendered":"A verdade sobre o Natal"},"content":{"rendered":"\t\t<div data-elementor-type=\"wp-page\" data-elementor-id=\"1935\" class=\"elementor elementor-1935\">\n\t\t\t\t<div class=\"elementor-element elementor-element-cdf0710 e-flex e-con-boxed e-con e-parent\" data-id=\"cdf0710\" data-element_type=\"container\" data-e-type=\"container\">\n\t\t\t\t\t<div class=\"e-con-inner\">\n\t\t\t\t<div class=\"elementor-element elementor-element-4a7a296 elementor-position-right elementor-vertical-align-middle elementor-widget elementor-widget-image-box\" data-id=\"4a7a296\" data-element_type=\"widget\" data-e-type=\"widget\" id=\"sermao\" data-widget_type=\"image-box.default\">\n\t\t\t\t<div class=\"elementor-widget-container\">\n\t\t\t\t\t<div class=\"elementor-image-box-wrapper\"><figure class=\"elementor-image-box-img\"><a href=\"https:\/\/www.igrejabatistadecorreas.com.br\/2018\/sermoes\/a-verdade-sobre-o-natal\/#sermao\" tabindex=\"-1\"><img fetchpriority=\"high\" decoding=\"async\" width=\"2560\" height=\"1707\" src=\"https:\/\/i0.wp.com\/www.igrejabatistadecorreas.com.br\/2018\/wp-content\/uploads\/2023\/10\/pexels-nicole-michalou-5778892-scaled.jpg?fit=2560%2C1707&amp;ssl=1\" class=\"elementor-animation-grow attachment-full size-full wp-image-5370\" alt=\"\" srcset=\"https:\/\/i0.wp.com\/www.igrejabatistadecorreas.com.br\/2018\/wp-content\/uploads\/2023\/10\/pexels-nicole-michalou-5778892-scaled.jpg?w=2560&amp;ssl=1 2560w, https:\/\/i0.wp.com\/www.igrejabatistadecorreas.com.br\/2018\/wp-content\/uploads\/2023\/10\/pexels-nicole-michalou-5778892-scaled.jpg?resize=300%2C200&amp;ssl=1 300w, https:\/\/i0.wp.com\/www.igrejabatistadecorreas.com.br\/2018\/wp-content\/uploads\/2023\/10\/pexels-nicole-michalou-5778892-scaled.jpg?resize=1024%2C683&amp;ssl=1 1024w, https:\/\/i0.wp.com\/www.igrejabatistadecorreas.com.br\/2018\/wp-content\/uploads\/2023\/10\/pexels-nicole-michalou-5778892-scaled.jpg?resize=768%2C512&amp;ssl=1 768w, https:\/\/i0.wp.com\/www.igrejabatistadecorreas.com.br\/2018\/wp-content\/uploads\/2023\/10\/pexels-nicole-michalou-5778892-scaled.jpg?resize=391%2C260&amp;ssl=1 391w, https:\/\/i0.wp.com\/www.igrejabatistadecorreas.com.br\/2018\/wp-content\/uploads\/2023\/10\/pexels-nicole-michalou-5778892-scaled.jpg?resize=1536%2C1024&amp;ssl=1 1536w, https:\/\/i0.wp.com\/www.igrejabatistadecorreas.com.br\/2018\/wp-content\/uploads\/2023\/10\/pexels-nicole-michalou-5778892-scaled.jpg?resize=2048%2C1365&amp;ssl=1 2048w, https:\/\/i0.wp.com\/www.igrejabatistadecorreas.com.br\/2018\/wp-content\/uploads\/2023\/10\/pexels-nicole-michalou-5778892-scaled.jpg?w=1600&amp;ssl=1 1600w, https:\/\/i0.wp.com\/www.igrejabatistadecorreas.com.br\/2018\/wp-content\/uploads\/2023\/10\/pexels-nicole-michalou-5778892-scaled.jpg?w=2400&amp;ssl=1 2400w\" sizes=\"(max-width: 800px) 100vw, 800px\" \/><\/a><\/figure><div class=\"elementor-image-box-content\"><h1 class=\"elementor-image-box-title\"><a href=\"https:\/\/www.igrejabatistadecorreas.com.br\/2018\/sermoes\/a-verdade-sobre-o-natal\/#sermao\">A verdade sobre o Natal<\/a><\/h1><\/div><\/div>\t\t\t\t<\/div>\n\t\t\t\t<\/div>\n\t\t\t\t<div class=\"elementor-element elementor-element-b5952e1 elementor-drop-cap-yes elementor-drop-cap-view-default elementor-widget elementor-widget-text-editor\" data-id=\"b5952e1\" data-element_type=\"widget\" data-e-type=\"widget\" data-settings=\"{&quot;drop_cap&quot;:&quot;yes&quot;}\" data-widget_type=\"text-editor.default\">\n\t\t\t\t<div class=\"elementor-widget-container\">\n\t\t\t\t\t\t\t\t\t<p>O m\u00eas de dezembro est\u00e1 intimamente ligado a uma das principais festas comemoradas no Brasil e em alguns pa\u00edses estrangeiros, o natal. Ser\u00e1 que esta festa est\u00e1 intimamente ligada ao nascimento de Jesus? Vejamos. Trocas de presentes, enfeites de sapatinhos na janela do quintal e at\u00e9 Papai Noel. De onde ser\u00e1 que saiu tudo isso? Da B\u00edblia? Claro que n\u00e3o!<br \/>O significado da palavra NATAL \u00e9: Nascimento do Sol. Em Hebraico, l\u00edngua do Velho Testamento, NATAN, significa presente, o mesmo significa \u00e9 encontrado no Latin. Em Franc\u00eas, Noel significa presente.<br \/>Os primeiros crist\u00e3os n\u00e3o tinham nenhum motivo para celebra-lo, afinal de contas, Jesus teria nascido entre a segunda metade de mar\u00e7o e a primeira de abril, na esta\u00e7\u00e3o do ver\u00e3o na Palestina e n\u00e3o em dezembro \u00e9poca de forte frio em Roma quando a realiza\u00e7\u00e3o de um censo seria um verdadeiro transtorno (Lc. 2:1-7). Um outro fato interessante \u00e9 que os pastores n\u00e3o poderiam estar no campo, \u00e0 noite, pois a esta\u00e7\u00e3o do inverno trazia n\u00e3o s\u00f3 o frio, mas tamb\u00e9m muita chuva (Lc. 2:8-12). A troca de pastos nesta ocasi\u00e3o era necess\u00e1ria para os rebanhos. Durante o dia as ovelhas eram mantidas no curral e, \u00e0 noite, levadas para os campos.<br \/>Faz-se necess\u00e1rio destacar que a data do nascimento de Jesus nunca foi definida. Nos primeiros s\u00e9culos, a ocasi\u00e3o fora comemorada em v\u00e1rias datas diferentes: seis de janeiro, vinte e cinco de mar\u00e7o, e vinte e cinco de dezembro. Foi no tempo do imperador Teod\u00f3sio ( 378 \u2013 395 d. C.), que o cristianismo se tornou religi\u00e3o obrigat\u00f3ria e as festas pag\u00e3s foram inclu\u00eddas no calend\u00e1rio romano como a festa de Saturno e a do Nascimento do Sol e ainda a Invenc\u00edvel (natalis invcti solis) celebrada pelos persas, ambas no dia 25 de dezembro. A partir do ano 440 d.C. Roma fixou esta data para a comemora\u00e7\u00e3o do nascimento de Cristo incluindo-a entre as suas festas pag\u00e3s. Esta data \u00e9 rejeitada por muitos especialistas em hist\u00f3ria e cronologia b\u00edblica.<br \/>Uma outra aberra\u00e7\u00e3o simb\u00f3lica desta festa \u00e9 o uso da \u00c1rvore de Natal \u2013 o pinheiro. Em Ezequiel cap\u00edtulo 8:14, a encontramos como preferida por Tammuz, deus da Babil\u00f4nia. Como podemos perceber, este s\u00edmbolo \u00e9 mais um modelo utilizado em uma festa pag\u00e3 conhecida como o Nascimento do Sol Invenc\u00edvel. Ao que tudo indica, S\u00e3o Bonif\u00e1cio, foi quem primeiro relacionou a \u00e1rvore ao Natal, dedicando o pinheiro ao \u201cmenino Jesus\u201d. O pinheiro \u00e9 a \u00fanica \u00e1rvore dos pa\u00edses frios que n\u00e3o perde suas folhas, mesmo durante o inverno. Por isso, \u00e9 usada como s\u00edmbolo da perenidade. No s\u00e9culo XVI, na Alemanha, surgiu a id\u00e9ia de adorna-la com enfeites.<br \/>Na It\u00e1lia a figura de uma bruxa chamada Befana \u00e9 usada para a distribui\u00e7\u00e3o de presentes e Papai Noel \u00e9 desconhecido. Na Espanha a figura dos tr\u00eas reis magos \u00e9 usada e ligada a essa pr\u00e1tica.<br \/><br \/>A B\u00edblia ensina que a mentira \u00e9 uma arma estrat\u00e9gica usada por Satan\u00e1s para enganar os homens e alguns crist\u00e3os desapercebidos e desinformados, levando-os ao empobrecimento e at\u00e9 a in\u00e9rcia espiritual (Isai\u00e1s 5:13). Pode-se considerar perigoso o fato de colocar dentro de casa uma \u00e1rvore enfeitada, tirar foto com Papai Noel, ou usar qualquer objeto relacionado \u00e0 idolatria e ao paganismo, leia Deuteron\u00f4mio 7:25-26 e I Cor 10:21, fa\u00e7a uma s\u00e9ria reflex\u00e3o do envolvimento e la\u00e7o no mundo espiritual de quem participa de tais cerim\u00f4nias e pratica tais mentiras direta ou indiretamente.<br \/>Papai Noel \u00e9 uma lenda, uma hist\u00f3ria fict\u00edcia vinda da Am\u00e9rica, que re\u00fane informa\u00e7\u00f5es sobre certo homem conhecido como S\u00e3o Nicolau, que veio da Europa vestido de roupas \u00e1rticas e que andava de tren\u00f3. O soma destas informa\u00e7\u00f5es criou a figura do conhecido bom velhinho, vestido de roupa vermelho e branco, com longa barba, que satisfaz os desejos de todas as criancinhas que prometem ser obedientes aos pais. No dia de Natal, \u00e0 meia noite, ele desce pela chamin\u00e9 (das casas que possuem uma), com lindos presentes. Sustentar esta mentira \u00e9 tornar-se aliado de Satan\u00e1s e fazer o que ele deseja (Jo\u00e3o 8:44). Crist\u00e3os maduros, n\u00e3o compactuam com isso, e ensinam aos seus filhos a verdade sobre o NATAL DE JESUS (Isa\u00edas 9:6), que revela o amor de Deus pelos homens perdidos reconciliando-os ao Pai, livrando-os das m\u00e3os destruidoras de Satan\u00e1s que veio para roubar, matar, destruir e conduzir o homem a condena\u00e7\u00e3o\u201d (Jo\u00e3o 10:10; I Jo\u00e3o 3:8).<br \/>S\u00f3 aos gananciosos, avarentos, oportunistas e tendenciosos, que pensam e si mesmos (II Tm. 3:2), interessa manter viva na mente das pessoas tais mentiras, pois elas aumentam o faturamento de seus neg\u00f3cios, enriquecendo-os as custas da desinforma\u00e7\u00e3o e da ingenuidade ao venderem artigos e produtos ligados a esta e a outras ocasi\u00f5es como: P\u00e1scoa, Dia das M\u00e3es, Dia dos Pais, Dia das Crian\u00e7as, etc. Todavia, estas celebra\u00e7\u00f5es desagradam a Deus pelo fato de n\u00e3o expressarem o seu verdadeiro prop\u00f3sito e n\u00e3o fazerem parte da doutrina b\u00edblica crist\u00e3 (Deuteron\u00f4mio 6:6-7; Josu\u00e9 1:8). No livro de Prov\u00e9rbios cap. 15:31 est\u00e1 escrito o seguinte: O ouvido que escuta a advert\u00eancia da vida ter\u00e1 a sua morada entre os s\u00e1bios.<br \/>Se voc\u00ea j\u00e1 montou a sua \u00c1rvore e est\u00e1, enfeitando-a para dar um toque especial no dia de Natal, lembre-se de que Deus est\u00e1 \u00e0 procura de verdadeiros adoradores, que o adorem em esp\u00edrito e em verdade (Jo\u00e3o 4:23). N\u00e3o se deixe levar por lendas e hist\u00f3rias que n\u00e3o produzem f\u00e9, que n\u00e3o falam a verdade sobre Jesus, c\u00e9u e inferno(Jo\u00e3o 6:54 e 56). Satan\u00e1s espera que voc\u00ea pense que isso n\u00e3o tem nada a ver, porque \u00e9 assim que ele continuar\u00e1 agindo para cegar o entendimento dos incr\u00e9dulos(II Co 4:4), e neutralizar a vis\u00e3o dos escolhidos para que o inferno n\u00e3o seja saqueado e vidas resgatadas do seu cativeiro pelo poder da Palavra e do Nome de Jesus atrav\u00e9s da prega\u00e7\u00e3o e do testemunho(Mt. 16:18).<br \/>Pense bem antes de colocar dentro de sua casa um destes objetos e quando estiver comemorando o Natal, fa\u00e7a-o biblicamente, com sabedoria, espiritualidade e lembre-se: O ANIVERSARIANTE \u00c9 JESUS! Que Deus aben\u00e7oe a sua vida e a sua casa.<\/p>\t\t\t\t\t\t\t\t<\/div>\n\t\t\t\t<\/div>\n\t\t\t\t<div class=\"elementor-element elementor-element-78e13d8 elementor-widget elementor-widget-text-editor\" data-id=\"78e13d8\" data-element_type=\"widget\" data-e-type=\"widget\" data-widget_type=\"text-editor.default\">\n\t\t\t\t<div class=\"elementor-widget-container\">\n\t\t\t\t\t\t\t\t\t<p class=\"footer-page\">Pr. Carlos Henrique Carnavalli<\/p>\t\t\t\t\t\t\t\t<\/div>\n\t\t\t\t<\/div>\n\t\t\t\t\t<\/div>\n\t\t\t\t<\/div>\n\t\t\t\t<\/div>\n\t\t","protected":false},"excerpt":{"rendered":"<p>A verdade sobre o Natal O m\u00eas de dezembro est\u00e1 intimamente ligado a uma das principais festas comemoradas no Brasil e em alguns pa\u00edses estrangeiros, o natal. Ser\u00e1 que esta &#8230;<\/p>\n","protected":false},"author":6,"featured_media":0,"parent":1725,"menu_order":0,"comment_status":"closed","ping_status":"closed","template":"template-fullwidth.php","meta":{"footnotes":""},"class_list":["post-1935","page","type-page","status-publish","hentry"],"jetpack_sharing_enabled":true,"_links":{"self":[{"href":"https:\/\/www.igrejabatistadecorreas.com.br\/2018\/wp-json\/wp\/v2\/pages\/1935","targetHints":{"allow":["GET"]}}],"collection":[{"href":"https:\/\/www.igrejabatistadecorreas.com.br\/2018\/wp-json\/wp\/v2\/pages"}],"about":[{"href":"https:\/\/www.igrejabatistadecorreas.com.br\/2018\/wp-json\/wp\/v2\/types\/page"}],"author":[{"embeddable":true,"href":"https:\/\/www.igrejabatistadecorreas.com.br\/2018\/wp-json\/wp\/v2\/users\/6"}],"replies":[{"embeddable":true,"href":"https:\/\/www.igrejabatistadecorreas.com.br\/2018\/wp-json\/wp\/v2\/comments?post=1935"}],"version-history":[{"count":12,"href":"https:\/\/www.igrejabatistadecorreas.com.br\/2018\/wp-json\/wp\/v2\/pages\/1935\/revisions"}],"predecessor-version":[{"id":5373,"href":"https:\/\/www.igrejabatistadecorreas.com.br\/2018\/wp-json\/wp\/v2\/pages\/1935\/revisions\/5373"}],"up":[{"embeddable":true,"href":"https:\/\/www.igrejabatistadecorreas.com.br\/2018\/wp-json\/wp\/v2\/pages\/1725"}],"wp:attachment":[{"href":"https:\/\/www.igrejabatistadecorreas.com.br\/2018\/wp-json\/wp\/v2\/media?parent=1935"}],"curies":[{"name":"wp","href":"https:\/\/api.w.org\/{rel}","templated":true}]}}