{"id":1933,"date":"2018-12-14T10:43:59","date_gmt":"2018-12-14T12:43:59","guid":{"rendered":"https:\/\/www.igrejabatistadecorreas.com.br\/2018\/?page_id=1933"},"modified":"2023-10-30T10:38:05","modified_gmt":"2023-10-30T13:38:05","slug":"aprendendo-a-lidar-com-os-conflitos-humanos","status":"publish","type":"page","link":"https:\/\/www.igrejabatistadecorreas.com.br\/2018\/sermoes\/aprendendo-a-lidar-com-os-conflitos-humanos\/","title":{"rendered":"Aprendendo a lidar com os conflitos humanos"},"content":{"rendered":"\t\t<div data-elementor-type=\"wp-page\" data-elementor-id=\"1933\" class=\"elementor elementor-1933\">\n\t\t\t\t<div class=\"elementor-element elementor-element-e493b11 e-flex e-con-boxed e-con e-parent\" data-id=\"e493b11\" data-element_type=\"container\" data-e-type=\"container\">\n\t\t\t\t\t<div class=\"e-con-inner\">\n\t\t\t\t<div class=\"elementor-element elementor-element-87887e6 elementor-widget elementor-widget-heading\" data-id=\"87887e6\" data-element_type=\"widget\" data-e-type=\"widget\" id=\"sermao\" data-widget_type=\"heading.default\">\n\t\t\t\t<div class=\"elementor-widget-container\">\n\t\t\t\t\t<h1 class=\"elementor-heading-title elementor-size-default\"><a href=\"https:\/\/www.igrejabatistadecorreas.com.br\/2018\/sermoes\/aprendendo-a-lidar-com-os-conflitos-humanos\/#sermao\">Aprendendo a lidar com os conflitos humanos<\/a><\/h1>\t\t\t\t<\/div>\n\t\t\t\t<\/div>\n\t\t\t\t<div class=\"elementor-element elementor-element-6eef65c elementor-widget elementor-widget-text-editor\" data-id=\"6eef65c\" data-element_type=\"widget\" data-e-type=\"widget\" data-widget_type=\"text-editor.default\">\n\t\t\t\t<div class=\"elementor-widget-container\">\n\t\t\t\t\t\t\t\t\t<strong>Texto base:<\/strong> G\u00eanesis 26:1 e 12-16\n<hr \/>\t\t\t\t\t\t\t\t<\/div>\n\t\t\t\t<\/div>\n\t\t\t\t<div class=\"elementor-element elementor-element-5f9d8de elementor-widget elementor-widget-heading\" data-id=\"5f9d8de\" data-element_type=\"widget\" data-e-type=\"widget\" data-widget_type=\"heading.default\">\n\t\t\t\t<div class=\"elementor-widget-container\">\n\t\t\t\t\t<h3 class=\"elementor-heading-title elementor-size-default\">Introdu\u00e7\u00e3o<\/h3>\t\t\t\t<\/div>\n\t\t\t\t<\/div>\n\t\t\t\t<div class=\"elementor-element elementor-element-948e13d elementor-widget elementor-widget-text-editor\" data-id=\"948e13d\" data-element_type=\"widget\" data-e-type=\"widget\" data-widget_type=\"text-editor.default\">\n\t\t\t\t<div class=\"elementor-widget-container\">\n\t\t\t\t\t\t\t\t\t<p>Como fizera Abra\u00e3o, Isaque peregrinou por Cana\u00e3 e tamb\u00e9m pela terra dos filisteus.<br \/>Chegando \u00e0 cidade de Gerar, Isaque foi bem recebido, mas as rela\u00e7\u00f5es com aquele povo se tornaram dif\u00edceis.<\/p>\t\t\t\t\t\t\t\t<\/div>\n\t\t\t\t<\/div>\n\t\t\t\t<div class=\"elementor-element elementor-element-a03726b elementor-widget elementor-widget-heading\" data-id=\"a03726b\" data-element_type=\"widget\" data-e-type=\"widget\" data-widget_type=\"heading.default\">\n\t\t\t\t<div class=\"elementor-widget-container\">\n\t\t\t\t\t<h3 class=\"elementor-heading-title elementor-size-default\">I- A prosperidade de Isaque \u2013 (GN.26.13)<\/h3>\t\t\t\t<\/div>\n\t\t\t\t<\/div>\n\t\t\t\t<div class=\"elementor-element elementor-element-ae40ac6 elementor-drop-cap-yes elementor-drop-cap-view-default elementor-widget elementor-widget-text-editor\" data-id=\"ae40ac6\" data-element_type=\"widget\" data-e-type=\"widget\" data-settings=\"{&quot;drop_cap&quot;:&quot;yes&quot;}\" data-widget_type=\"text-editor.default\">\n\t\t\t\t<div class=\"elementor-widget-container\">\n\t\t\t\t\t\t\t\t\t<p>Isaque semeou na mesma terra que os filisteus. Ele prosperava, mas os filisteus n\u00e3o.<br \/>A diferen\u00e7a estava na b\u00ean\u00e7\u00e3o de Deus sobre o patriarca. Mesmo que n\u00e3o sejamos ricos, precisamos ser bem sucedidos, pois somos aben\u00e7oados.<\/p>\t\t\t\t\t\t\t\t<\/div>\n\t\t\t\t<\/div>\n\t\t\t\t<div class=\"elementor-element elementor-element-0a02adb elementor-widget elementor-widget-heading\" data-id=\"0a02adb\" data-element_type=\"widget\" data-e-type=\"widget\" data-widget_type=\"heading.default\">\n\t\t\t\t<div class=\"elementor-widget-container\">\n\t\t\t\t\t<h3 class=\"elementor-heading-title elementor-size-default\">II- A inveja dos Filisteus \u2013 (GN.26.14)<\/h3>\t\t\t\t<\/div>\n\t\t\t\t<\/div>\n\t\t\t\t<div class=\"elementor-element elementor-element-040bcef elementor-drop-cap-yes elementor-drop-cap-view-default elementor-widget elementor-widget-text-editor\" data-id=\"040bcef\" data-element_type=\"widget\" data-e-type=\"widget\" data-settings=\"{&quot;drop_cap&quot;:&quot;yes&quot;}\" data-widget_type=\"text-editor.default\">\n\t\t\t\t<div class=\"elementor-widget-container\">\n\t\t\t\t\t\t\t\t\t<p>A inveja, por si mesma, nada pode fazer contra algu\u00e9m. N\u00e3o se trata de uma energia invis\u00edvel que possa prejudicar uma pessoa, sen\u00e3o ao pr\u00f3prio invejoso. O mal acontece quando a inveja \u00e9 transformada em a\u00e7\u00e3o contra o pr\u00f3ximo (Gn.26.15).<\/p>\t\t\t\t\t\t\t\t<\/div>\n\t\t\t\t<\/div>\n\t\t\t\t<div class=\"elementor-element elementor-element-06e7781 elementor-widget elementor-widget-heading\" data-id=\"06e7781\" data-element_type=\"widget\" data-e-type=\"widget\" data-widget_type=\"heading.default\">\n\t\t\t\t<div class=\"elementor-widget-container\">\n\t\t\t\t\t<h3 class=\"elementor-heading-title elementor-size-default\">III- Administra\u00e7\u00e3o do conflito \u2013 (GN.26.19-22)<\/h3>\t\t\t\t<\/div>\n\t\t\t\t<\/div>\n\t\t\t\t<div class=\"elementor-element elementor-element-a65c405 elementor-drop-cap-yes elementor-drop-cap-view-default elementor-widget elementor-widget-text-editor\" data-id=\"a65c405\" data-element_type=\"widget\" data-e-type=\"widget\" data-settings=\"{&quot;drop_cap&quot;:&quot;yes&quot;}\" data-widget_type=\"text-editor.default\">\n\t\t\t\t<div class=\"elementor-widget-container\">\n\t\t\t\t\t\t\t\t\t<p>Os filisteus contenderam por causa dos po\u00e7os. Isaque n\u00e3o os enfrentou, mas cedeu. Ele deixou que os filisteus ficassem com os po\u00e7os. Depois, ao ser procurado por eles, n\u00e3o foi vingativo, mas lhes ofereceu um banquete.<\/p>\t\t\t\t\t\t\t\t<\/div>\n\t\t\t\t<\/div>\n\t\t\t\t<div class=\"elementor-element elementor-element-24ec03f elementor-widget elementor-widget-heading\" data-id=\"24ec03f\" data-element_type=\"widget\" data-e-type=\"widget\" data-widget_type=\"heading.default\">\n\t\t\t\t<div class=\"elementor-widget-container\">\n\t\t\t\t\t<h3 class=\"elementor-heading-title elementor-size-default\">IV- O triunfo de Isaque<\/h3>\t\t\t\t<\/div>\n\t\t\t\t<\/div>\n\t\t\t\t<div class=\"elementor-element elementor-element-346e0be elementor-drop-cap-yes elementor-drop-cap-view-default elementor-widget elementor-widget-text-editor\" data-id=\"346e0be\" data-element_type=\"widget\" data-e-type=\"widget\" data-settings=\"{&quot;drop_cap&quot;:&quot;yes&quot;}\" data-widget_type=\"text-editor.default\">\n\t\t\t\t<div class=\"elementor-widget-container\">\n\t\t\t\t\t\t\t\t\t<p>Os \u00edmpios reconheceram a a\u00e7\u00e3o de Deus na vida de Isaque (26.28). Logo depois de ter dado de comer aos seus inimigos, Isaque recebeu a not\u00edcia de que seus servos tinham encontrado \u00e1gua. Depois disso, os filisteus n\u00e3o o molestaram mais.<\/p>\t\t\t\t\t\t\t\t<\/div>\n\t\t\t\t<\/div>\n\t\t\t\t<div class=\"elementor-element elementor-element-9994c69 elementor-widget elementor-widget-heading\" data-id=\"9994c69\" data-element_type=\"widget\" data-e-type=\"widget\" data-widget_type=\"heading.default\">\n\t\t\t\t<div class=\"elementor-widget-container\">\n\t\t\t\t\t<h3 class=\"elementor-heading-title elementor-size-default\">Conclus\u00e3o<\/h3>\t\t\t\t<\/div>\n\t\t\t\t<\/div>\n\t\t\t\t<div class=\"elementor-element elementor-element-eb5b1b7 elementor-widget elementor-widget-text-editor\" data-id=\"eb5b1b7\" data-element_type=\"widget\" data-e-type=\"widget\" data-widget_type=\"text-editor.default\">\n\t\t\t\t<div class=\"elementor-widget-container\">\n\t\t\t\t\t\t\t\t\t<p>Nos conflitos humanos, muitas vezes \u00e9 preciso ceder. O servo do Senhor n\u00e3o deve ser vingativo. \u201cSe o teu inimigo tiver fome, d\u00e1-lhe de comer\u201d (Rm.12.20). Isto ser\u00e1 testemunho de vida crist\u00e3.<\/p>\t\t\t\t\t\t\t\t<\/div>\n\t\t\t\t<\/div>\n\t\t\t\t<div class=\"elementor-element elementor-element-e673871 elementor-widget elementor-widget-text-editor\" data-id=\"e673871\" data-element_type=\"widget\" data-e-type=\"widget\" data-widget_type=\"text-editor.default\">\n\t\t\t\t<div class=\"elementor-widget-container\">\n\t\t\t\t\t\t\t\t\t<p class=\"footer-page\">Pr. Carlos henrique Carnavalli<\/p>\t\t\t\t\t\t\t\t<\/div>\n\t\t\t\t<\/div>\n\t\t\t\t\t<\/div>\n\t\t\t\t<\/div>\n\t\t\t\t<\/div>\n\t\t","protected":false},"excerpt":{"rendered":"<p>Texto: Gn. 26.1, 12-16<\/p>\n","protected":false},"author":6,"featured_media":0,"parent":1725,"menu_order":0,"comment_status":"closed","ping_status":"closed","template":"template-fullwidth.php","meta":{"footnotes":""},"class_list":["post-1933","page","type-page","status-publish","hentry"],"jetpack_sharing_enabled":true,"_links":{"self":[{"href":"https:\/\/www.igrejabatistadecorreas.com.br\/2018\/wp-json\/wp\/v2\/pages\/1933","targetHints":{"allow":["GET"]}}],"collection":[{"href":"https:\/\/www.igrejabatistadecorreas.com.br\/2018\/wp-json\/wp\/v2\/pages"}],"about":[{"href":"https:\/\/www.igrejabatistadecorreas.com.br\/2018\/wp-json\/wp\/v2\/types\/page"}],"author":[{"embeddable":true,"href":"https:\/\/www.igrejabatistadecorreas.com.br\/2018\/wp-json\/wp\/v2\/users\/6"}],"replies":[{"embeddable":true,"href":"https:\/\/www.igrejabatistadecorreas.com.br\/2018\/wp-json\/wp\/v2\/comments?post=1933"}],"version-history":[{"count":13,"href":"https:\/\/www.igrejabatistadecorreas.com.br\/2018\/wp-json\/wp\/v2\/pages\/1933\/revisions"}],"predecessor-version":[{"id":5369,"href":"https:\/\/www.igrejabatistadecorreas.com.br\/2018\/wp-json\/wp\/v2\/pages\/1933\/revisions\/5369"}],"up":[{"embeddable":true,"href":"https:\/\/www.igrejabatistadecorreas.com.br\/2018\/wp-json\/wp\/v2\/pages\/1725"}],"wp:attachment":[{"href":"https:\/\/www.igrejabatistadecorreas.com.br\/2018\/wp-json\/wp\/v2\/media?parent=1933"}],"curies":[{"name":"wp","href":"https:\/\/api.w.org\/{rel}","templated":true}]}}