{"id":1931,"date":"2018-12-14T10:42:07","date_gmt":"2018-12-14T12:42:07","guid":{"rendered":"https:\/\/www.igrejabatistadecorreas.com.br\/2018\/?page_id=1931"},"modified":"2023-10-30T10:33:46","modified_gmt":"2023-10-30T13:33:46","slug":"deus-convida-familias-para-desafios","status":"publish","type":"page","link":"https:\/\/www.igrejabatistadecorreas.com.br\/2018\/sermoes\/deus-convida-familias-para-desafios\/","title":{"rendered":"Deus convida fam\u00edlias para desafios"},"content":{"rendered":"\t\t<div data-elementor-type=\"wp-page\" data-elementor-id=\"1931\" class=\"elementor elementor-1931\">\n\t\t\t\t<div class=\"elementor-element elementor-element-575a774 e-flex e-con-boxed e-con e-parent\" data-id=\"575a774\" data-element_type=\"container\" data-e-type=\"container\">\n\t\t\t\t\t<div class=\"e-con-inner\">\n\t\t\t\t<div class=\"elementor-element elementor-element-ea3cd77 elementor-widget elementor-widget-text-editor\" data-id=\"ea3cd77\" data-element_type=\"widget\" data-e-type=\"widget\" id=\"sermao\" data-widget_type=\"text-editor.default\">\n\t\t\t\t<div class=\"elementor-widget-container\">\n\t\t\t\t\t\t\t\t\t<a href=\"https:\/\/www.igrejabatistadecorreas.com.br\/2018\/sermoes\/deus-convida-familias-para-desafios\/#sermao\"><h1><strong>Deus convida fam\u00edlias para desafios<\/strong><\/h1><\/a>\n\n<hr \/>\t\t\t\t\t\t\t\t<\/div>\n\t\t\t\t<\/div>\n\t\t\t\t<div class=\"elementor-element elementor-element-597cba1 elementor-widget elementor-widget-heading\" data-id=\"597cba1\" data-element_type=\"widget\" data-e-type=\"widget\" data-widget_type=\"heading.default\">\n\t\t\t\t<div class=\"elementor-widget-container\">\n\t\t\t\t\t<h3 class=\"elementor-heading-title elementor-size-default\">Introdu\u00e7\u00e3o<\/h3>\t\t\t\t<\/div>\n\t\t\t\t<\/div>\n\t\t\t\t<div class=\"elementor-element elementor-element-0b1d594 elementor-widget elementor-widget-text-editor\" data-id=\"0b1d594\" data-element_type=\"widget\" data-e-type=\"widget\" data-widget_type=\"text-editor.default\">\n\t\t\t\t<div class=\"elementor-widget-container\">\n\t\t\t\t\t\t\t\t\t<p>Deus sempre tem interferido na hist\u00f3ria humana usando fam\u00edlias para o bem comum da humanidade, como os exemplos:<br \/><br \/>a) Para a administra\u00e7\u00e3o ecologicamente sustent\u00e1vel, convidou a fam\u00edlia Ad\u00e3o e Eva. Infelizmente falharam. (Gn. 1:29).<br \/>b) No\u00e9 com a fam\u00edlia, a B\u00edblia diz \u201cdivinamente avisado das coisas que ainda n\u00e3o se viam temeu, e, para a salva\u00e7\u00e3o da sua fam\u00edlia, preparou a arca, pela qual condenou o mundo, e foi herdeiro da justi\u00e7a que segundo a f\u00e9\u201d (Hb 11.7). No\u00e9 com a fam\u00edlia cumpriu a miss\u00e3o.<br \/>c) Abra\u00e3o com Sara tamb\u00e9m sendo chamados por Deus para cumprirem a miss\u00e3o da vida e da b\u00ean\u00e7\u00e3o continuada para todas as gera\u00e7\u00f5es do povo de Deus, combateu o bom combate.<br \/>d) Deus tamb\u00e9m escolheu Jos\u00e9 e Maria para encarnar o Verbo, Jesus o Senhor dos senhores; e por interm\u00e9dio dessa fam\u00edlia beneficiando todo o g\u00eanero humano, o Verbo se fez carne entre os homens e hoje o Esp\u00edrito Santo na composi\u00e7\u00e3o da Igreja sela os que cr\u00eaem em Jesus para o dia da reden\u00e7\u00e3o (Ef 1.13), mant\u00e9m entre n\u00f3s o minist\u00e9rio da consola\u00e7\u00e3o.<br \/><br \/>Deus sempre escolhe fam\u00edlias para determinadas miss\u00f5es e toda a composi\u00e7\u00e3o familiar, pais e filhos s\u00e3o respons\u00e1veis em conjunto e individualmente pelo bom desempenho para os reais e nobres objetivos sejam alcan\u00e7ados.<br \/><br \/>Dentro desta vis\u00e3o qual o desafio para a nossa fam\u00edlia?<\/p>\t\t\t\t\t\t\t\t<\/div>\n\t\t\t\t<\/div>\n\t\t\t\t<div class=\"elementor-element elementor-element-36ef77c elementor-widget elementor-widget-heading\" data-id=\"36ef77c\" data-element_type=\"widget\" data-e-type=\"widget\" data-widget_type=\"heading.default\">\n\t\t\t\t<div class=\"elementor-widget-container\">\n\t\t\t\t\t<h3 class=\"elementor-heading-title elementor-size-default\">I\u2013 Manter \u00e0 santidade da fam\u00edlia<\/h3>\t\t\t\t<\/div>\n\t\t\t\t<\/div>\n\t\t\t\t<div class=\"elementor-element elementor-element-d340572 elementor-drop-cap-yes elementor-drop-cap-view-default elementor-widget elementor-widget-text-editor\" data-id=\"d340572\" data-element_type=\"widget\" data-e-type=\"widget\" data-settings=\"{&quot;drop_cap&quot;:&quot;yes&quot;}\" data-widget_type=\"text-editor.default\">\n\t\t\t\t<div class=\"elementor-widget-container\">\n\t\t\t\t\t\t\t\t\t<p>Marido e esposa devem ser tudo um para o outro. A esposa n\u00e3o deve ter segredos que guarde do marido e permita que outros conhe\u00e7am, e o marido n\u00e3o deve igualmente ter segredos para com a esposa e torn\u00e1-los conhecidos de outros. O cora\u00e7\u00e3o da esposa deve ser a sepultura das faltas do marido, e o cora\u00e7\u00e3o do marido a sepultura das faltas da esposa. Nunca devem, nem um nem outro, permitir fac\u00e9cias a custa dos sentimentos do parceiro. N\u00e3o devem jamais, marido ou mulher, quer por brincadeira ou por qualquer outro meio queixar-se um do outro para outras pessoas, pois da pr\u00e1tica frequente desta imprud\u00eancia, o que pode parecer uma brincadeira perfeitamente inocente acabar\u00e1 em conflito entre ambos e talvez em alheamento.<br \/><br \/>Dentro desta vis\u00e3o qual o desafio para a nossa fam\u00edlia?<\/p>\t\t\t\t\t\t\t\t<\/div>\n\t\t\t\t<\/div>\n\t\t\t\t<div class=\"elementor-element elementor-element-05d77a3 elementor-widget elementor-widget-heading\" data-id=\"05d77a3\" data-element_type=\"widget\" data-e-type=\"widget\" data-widget_type=\"heading.default\">\n\t\t\t\t<div class=\"elementor-widget-container\">\n\t\t\t\t\t<h3 class=\"elementor-heading-title elementor-size-default\">II\u2013 Manter a unidade, o amor e a paz da fam\u00edlia<\/h3>\t\t\t\t<\/div>\n\t\t\t\t<\/div>\n\t\t\t\t<div class=\"elementor-element elementor-element-6be74de elementor-drop-cap-yes elementor-drop-cap-view-default elementor-widget elementor-widget-text-editor\" data-id=\"6be74de\" data-element_type=\"widget\" data-e-type=\"widget\" data-settings=\"{&quot;drop_cap&quot;:&quot;yes&quot;}\" data-widget_type=\"text-editor.default\">\n\t\t\t\t<div class=\"elementor-widget-container\">\n\t\t\t\t\t\t\t\t\t<p>O segredo da unidade fam\u00edliar \u00e9 a aproxima\u00e7\u00e3o do Senhor e Salvador Jesus Cristo. Quanto mais pr\u00f3ximos de Deus e da Palavra de Deus estiverem os pais e os filhos, menos divis\u00f5es e disc\u00f3rdia haver\u00e3o dentro do lar.<br \/>A causa da divis\u00e3o e disc\u00f3rdia da fam\u00edlia e na igreja \u00e9 a separa\u00e7\u00e3o de Cristo. Aproximar-se de Cristo \u00e9 aproximarem-se uns dos outros. O segredo da verdadeira uni\u00e3o na igreja e na fam\u00edlia n\u00e3o \u00e9 a diplomacia, o trato habilidoso, o sobre-humano esfor\u00e7o para vencer dificuldades \u2013 embora haja muito disto a ser feito \u2013 mas a unidade em Cristo Jesus.<br \/><br \/>Dentro desta vis\u00e3o qual o desafio para a nossa fam\u00edlia?<\/p>\t\t\t\t\t\t\t\t<\/div>\n\t\t\t\t<\/div>\n\t\t\t\t<div class=\"elementor-element elementor-element-ed9e5a9 elementor-widget elementor-widget-heading\" data-id=\"ed9e5a9\" data-element_type=\"widget\" data-e-type=\"widget\" data-widget_type=\"heading.default\">\n\t\t\t\t<div class=\"elementor-widget-container\">\n\t\t\t\t\t<h3 class=\"elementor-heading-title elementor-size-default\">III\u2013 Assumir todas \u00e0s responsabilidades da fam\u00edlia<\/h3>\t\t\t\t<\/div>\n\t\t\t\t<\/div>\n\t\t\t\t<div class=\"elementor-element elementor-element-b5303ac elementor-drop-cap-yes elementor-drop-cap-view-default elementor-widget elementor-widget-text-editor\" data-id=\"b5303ac\" data-element_type=\"widget\" data-e-type=\"widget\" data-settings=\"{&quot;drop_cap&quot;:&quot;yes&quot;}\" data-widget_type=\"text-editor.default\">\n\t\t\t\t<div class=\"elementor-widget-container\">\n\t\t\t\t\t\t\t\t\t<p>Deuteron\u00f4mio 6:6-9<br \/>6- E estas palavras, que hoje te ordeno, estar\u00e3o no teu cora\u00e7\u00e3o;<br \/>7- e as ensinar\u00e1s a teus filhos, e delas falar\u00e1s sentado em tua casa e andando pelo caminho, ao deitar-te e ao levantar-te.<br \/>8- Tamb\u00e9m as atar\u00e1s por sinal na tua m\u00e3o e te ser\u00e3o por frontais entre os teus olhos;<br \/>9- e as escrever\u00e1s nos umbrais de tua casa, e nas tuas portas.<br \/><br \/>S\u00e3o dos pais a responsabilidade da sa\u00fade f\u00edsica, moral e espiritual de toda a fam\u00edlia. Esta responsabilidade fora designada por Deus aos pais com o prop\u00f3sito de formar filhos com car\u00e1ter, honestos e \u00edntegros para uma sociedade que descomprometida com o moral, com o social e com o espiritual.<br \/><br \/>Enquanto os pais forem vivos a responsabilidade de educar e ensinar os filhos nos caminhos do Senhor, n\u00e3o poder\u00e3o ser transferidos.<\/p>\t\t\t\t\t\t\t\t<\/div>\n\t\t\t\t<\/div>\n\t\t\t\t<div class=\"elementor-element elementor-element-acb1db2 elementor-widget elementor-widget-heading\" data-id=\"acb1db2\" data-element_type=\"widget\" data-e-type=\"widget\" data-widget_type=\"heading.default\">\n\t\t\t\t<div class=\"elementor-widget-container\">\n\t\t\t\t\t<h3 class=\"elementor-heading-title elementor-size-default\">Conclus\u00e3o<\/h3>\t\t\t\t<\/div>\n\t\t\t\t<\/div>\n\t\t\t\t<div class=\"elementor-element elementor-element-6c865d8 elementor-widget elementor-widget-text-editor\" data-id=\"6c865d8\" data-element_type=\"widget\" data-e-type=\"widget\" data-widget_type=\"text-editor.default\">\n\t\t\t\t<div class=\"elementor-widget-container\">\n\t\t\t\t\t\t\t\t\t<p>A igreja ser\u00e1 aben\u00e7oada quando os lares forem aben\u00e7oados. Maridos e esposas aben\u00e7oados, que se amam, se perdoam, se entende e se respeitam, passam para os filhos os melhores exemplos a serem seguidos. Todavia se n\u00e3o puderem ser exemplo, nenhuma desculpa poder\u00e1 fazer parte do lar crist\u00e3o se Jesus estiver presente, ele e somente ele \u00e9 o maior de todos os exemplos.<\/p>\t\t\t\t\t\t\t\t<\/div>\n\t\t\t\t<\/div>\n\t\t\t\t<div class=\"elementor-element elementor-element-bde95c1 elementor-widget elementor-widget-text-editor\" data-id=\"bde95c1\" data-element_type=\"widget\" data-e-type=\"widget\" data-widget_type=\"text-editor.default\">\n\t\t\t\t<div class=\"elementor-widget-container\">\n\t\t\t\t\t\t\t\t\t<p class=\"footer-page\">Pr. Carlos Henrique Carnavalli<\/p>\t\t\t\t\t\t\t\t<\/div>\n\t\t\t\t<\/div>\n\t\t\t\t\t<\/div>\n\t\t\t\t<\/div>\n\t\t\t\t<\/div>\n\t\t","protected":false},"excerpt":{"rendered":"<p>Texto:G\u00eanesis &#8211; Ml 4.5<\/p>\n","protected":false},"author":6,"featured_media":0,"parent":1725,"menu_order":0,"comment_status":"closed","ping_status":"closed","template":"template-fullwidth.php","meta":{"footnotes":""},"class_list":["post-1931","page","type-page","status-publish","hentry"],"jetpack_sharing_enabled":true,"_links":{"self":[{"href":"https:\/\/www.igrejabatistadecorreas.com.br\/2018\/wp-json\/wp\/v2\/pages\/1931","targetHints":{"allow":["GET"]}}],"collection":[{"href":"https:\/\/www.igrejabatistadecorreas.com.br\/2018\/wp-json\/wp\/v2\/pages"}],"about":[{"href":"https:\/\/www.igrejabatistadecorreas.com.br\/2018\/wp-json\/wp\/v2\/types\/page"}],"author":[{"embeddable":true,"href":"https:\/\/www.igrejabatistadecorreas.com.br\/2018\/wp-json\/wp\/v2\/users\/6"}],"replies":[{"embeddable":true,"href":"https:\/\/www.igrejabatistadecorreas.com.br\/2018\/wp-json\/wp\/v2\/comments?post=1931"}],"version-history":[{"count":15,"href":"https:\/\/www.igrejabatistadecorreas.com.br\/2018\/wp-json\/wp\/v2\/pages\/1931\/revisions"}],"predecessor-version":[{"id":5360,"href":"https:\/\/www.igrejabatistadecorreas.com.br\/2018\/wp-json\/wp\/v2\/pages\/1931\/revisions\/5360"}],"up":[{"embeddable":true,"href":"https:\/\/www.igrejabatistadecorreas.com.br\/2018\/wp-json\/wp\/v2\/pages\/1725"}],"wp:attachment":[{"href":"https:\/\/www.igrejabatistadecorreas.com.br\/2018\/wp-json\/wp\/v2\/media?parent=1931"}],"curies":[{"name":"wp","href":"https:\/\/api.w.org\/{rel}","templated":true}]}}