{"id":1926,"date":"2018-12-14T10:36:42","date_gmt":"2018-12-14T12:36:42","guid":{"rendered":"https:\/\/www.igrejabatistadecorreas.com.br\/2018\/?page_id=1926"},"modified":"2023-10-30T10:35:04","modified_gmt":"2023-10-30T13:35:04","slug":"destruindo-as-obras-do-diabo","status":"publish","type":"page","link":"https:\/\/www.igrejabatistadecorreas.com.br\/2018\/sermoes\/destruindo-as-obras-do-diabo\/","title":{"rendered":"Destruindo \u00e0s obras do diabo"},"content":{"rendered":"\t\t<div data-elementor-type=\"wp-page\" data-elementor-id=\"1926\" class=\"elementor elementor-1926\">\n\t\t\t\t<div class=\"elementor-element elementor-element-9b082e8 e-flex e-con-boxed e-con e-parent\" data-id=\"9b082e8\" data-element_type=\"container\" data-e-type=\"container\">\n\t\t\t\t\t<div class=\"e-con-inner\">\n\t\t\t\t<div class=\"elementor-element elementor-element-51c8ab1 elementor-widget elementor-widget-heading\" data-id=\"51c8ab1\" data-element_type=\"widget\" data-e-type=\"widget\" id=\"sermao\" data-widget_type=\"heading.default\">\n\t\t\t\t<div class=\"elementor-widget-container\">\n\t\t\t\t\t<h1 class=\"elementor-heading-title elementor-size-default\"><a href=\"https:\/\/www.igrejabatistadecorreas.com.br\/2018\/sermoes\/destruindo-as-obras-do-diabo\/#sermao\">Destruindo \u00e0s obras do diabo<\/a><\/h1>\t\t\t\t<\/div>\n\t\t\t\t<\/div>\n\t\t\t\t<div class=\"elementor-element elementor-element-83f1489 elementor-widget elementor-widget-text-editor\" data-id=\"83f1489\" data-element_type=\"widget\" data-e-type=\"widget\" data-widget_type=\"text-editor.default\">\n\t\t\t\t<div class=\"elementor-widget-container\">\n\t\t\t\t\t\t\t\t\t<strong>Texto base:<\/strong> Hebreus 3:12\n<br>\n<strong>O texto diz:<\/strong> Vede, irm\u00e3os, que nunca haja em qualquer de v\u00f3s um cora\u00e7\u00e3o mau e infiel, para se apartar do Deus vivo.\n\n<hr \/>\t\t\t\t\t\t\t\t<\/div>\n\t\t\t\t<\/div>\n\t\t\t\t<div class=\"elementor-element elementor-element-1626e15 elementor-widget elementor-widget-heading\" data-id=\"1626e15\" data-element_type=\"widget\" data-e-type=\"widget\" data-widget_type=\"heading.default\">\n\t\t\t\t<div class=\"elementor-widget-container\">\n\t\t\t\t\t<h3 class=\"elementor-heading-title elementor-size-default\">Introdu\u00e7\u00e3o<\/h3>\t\t\t\t<\/div>\n\t\t\t\t<\/div>\n\t\t\t\t<div class=\"elementor-element elementor-element-6041bb7 elementor-widget elementor-widget-text-editor\" data-id=\"6041bb7\" data-element_type=\"widget\" data-e-type=\"widget\" data-widget_type=\"text-editor.default\">\n\t\t\t\t<div class=\"elementor-widget-container\">\n\t\t\t\t\t\t\t\t\t<p>A sensa\u00e7\u00e3o que alguns tem tido nos dias de hoje \u00e9 de que: Nada tem acontecido; nada se tem visto.<br \/><br \/>Nada tem acontecido na sua vida e nada pode ser visto no tocante aos seus problemas e sentimentos. O diabo tem plantado no cora\u00e7\u00e3o do homem a semente da incredulidade desde o in\u00edcio do mundo e o homem tem nutrido esse sentimento dentro de si e os resultados realmente s\u00e3o vis\u00edveis: nenhum milagre, nenhum sinal.<br \/><br \/>O ap\u00f3stolo Jo\u00e3o registrou uma verdade absoluta e inconfund\u00edvel: \u201cMas Jesus veio para desfazer as obras, la\u00e7os do Diabo. Jesus veio para destruir as obras do Diabo\u201d.<br \/><br \/>Is. 42:20-23 encontramos as ataduras que o Diabo tem usado para impedir a Salva\u00e7\u00e3o, a liberta\u00e7\u00e3o e a vida abundante dada pelo Senhor Jesus:<br \/><br \/>a) V\u00ea mas n\u00e3o entende;<br \/>b) Ouve mas n\u00e3o aprende;<br \/><br \/>\u00c9 dessa forma que o inimigo tem ganhado tempo para lutar contra os santos do Senhor na tentativa de impedir que o crente amadure\u00e7a e a Igreja seja edificada.<br \/><br \/>Estas s\u00e3o fortalezas edificadas pelo pecado da incredulidade, par separar o homem de Deus e de suas b\u00ean\u00e7\u00e3os (Hb.3:19).<br \/><br \/>O que fazer para destruir as obras do Diabo?<\/p>\t\t\t\t\t\t\t\t<\/div>\n\t\t\t\t<\/div>\n\t\t\t\t<div class=\"elementor-element elementor-element-3c8c316 elementor-widget elementor-widget-heading\" data-id=\"3c8c316\" data-element_type=\"widget\" data-e-type=\"widget\" data-widget_type=\"heading.default\">\n\t\t\t\t<div class=\"elementor-widget-container\">\n\t\t\t\t\t<h3 class=\"elementor-heading-title elementor-size-default\">I\u2013 Ter coragem para prosseguir \u2013 (Fil. 3:13)<\/h3>\t\t\t\t<\/div>\n\t\t\t\t<\/div>\n\t\t\t\t<div class=\"elementor-element elementor-element-a2c0235 elementor-drop-cap-yes elementor-drop-cap-view-default elementor-widget elementor-widget-text-editor\" data-id=\"a2c0235\" data-element_type=\"widget\" data-e-type=\"widget\" data-settings=\"{&quot;drop_cap&quot;:&quot;yes&quot;}\" data-widget_type=\"text-editor.default\">\n\t\t\t\t<div class=\"elementor-widget-container\">\n\t\t\t\t\t\t\t\t\t<p>\u00c9 preciso prosseguir com CORAGEM, CONVIC\u00c7\u00c3O, \u00c2NIMO, OUSADIA, em meio as problemas, crendo que a solu\u00e7\u00e3o vir\u00e1 e quando vier trar\u00e1 consigo como pr\u00eamio a vit\u00f3ria.<\/p>\t\t\t\t\t\t\t\t<\/div>\n\t\t\t\t<\/div>\n\t\t\t\t<div class=\"elementor-element elementor-element-6d580d9 elementor-widget elementor-widget-heading\" data-id=\"6d580d9\" data-element_type=\"widget\" data-e-type=\"widget\" data-widget_type=\"heading.default\">\n\t\t\t\t<div class=\"elementor-widget-container\">\n\t\t\t\t\t<h3 class=\"elementor-heading-title elementor-size-default\">II\u2013 Crer em Jesus como Salvador e Senhor \u2013 (Rm.10:9)<\/h3>\t\t\t\t<\/div>\n\t\t\t\t<\/div>\n\t\t\t\t<div class=\"elementor-element elementor-element-59cbd1f elementor-drop-cap-yes elementor-drop-cap-view-default elementor-widget elementor-widget-text-editor\" data-id=\"59cbd1f\" data-element_type=\"widget\" data-e-type=\"widget\" data-settings=\"{&quot;drop_cap&quot;:&quot;yes&quot;}\" data-widget_type=\"text-editor.default\">\n\t\t\t\t<div class=\"elementor-widget-container\">\n\t\t\t\t\t\t\t\t\t<p>V. 13 \u201cTodo aquele eu invocar o nome de Senhor jesus ser\u00e1 salvo\u201d.<\/p><p>I Tm 2:5-6 N\u00e3o h\u00e1 outro: MAIOR E NEM IGUAL, Ele \u00e9 o UNIG\u00caTITO FILHO DE DEUS.<\/p>\t\t\t\t\t\t\t\t<\/div>\n\t\t\t\t<\/div>\n\t\t\t\t<div class=\"elementor-element elementor-element-ccdcc39 elementor-widget elementor-widget-heading\" data-id=\"ccdcc39\" data-element_type=\"widget\" data-e-type=\"widget\" data-widget_type=\"heading.default\">\n\t\t\t\t<div class=\"elementor-widget-container\">\n\t\t\t\t\t<h3 class=\"elementor-heading-title elementor-size-default\">III\u2013 Dedicar-lhe vida de adora\u00e7\u00e3o exclusiva \u2013 (Mt. 4:10)<\/h3>\t\t\t\t<\/div>\n\t\t\t\t<\/div>\n\t\t\t\t<div class=\"elementor-element elementor-element-8f144b1 elementor-drop-cap-yes elementor-drop-cap-view-default elementor-widget elementor-widget-text-editor\" data-id=\"8f144b1\" data-element_type=\"widget\" data-e-type=\"widget\" data-settings=\"{&quot;drop_cap&quot;:&quot;yes&quot;}\" data-widget_type=\"text-editor.default\">\n\t\t\t\t<div class=\"elementor-widget-container\">\n\t\t\t\t\t\t\t\t\t<p>Mt. 6:24 \u2013 Ningu\u00e9m pode servir a dois Senhores\u2026 n\u00e3o podeis servir a Deus e ao Diabo.<br \/><br \/>Tg 4:5 \u2013 Deus \u00e9 ciumento e n\u00e3o aceita que divida com outro a adora\u00e7\u00e3o que lhe pertence.<\/p>\t\t\t\t\t\t\t\t<\/div>\n\t\t\t\t<\/div>\n\t\t\t\t<div class=\"elementor-element elementor-element-ae40370 elementor-widget elementor-widget-heading\" data-id=\"ae40370\" data-element_type=\"widget\" data-e-type=\"widget\" data-widget_type=\"heading.default\">\n\t\t\t\t<div class=\"elementor-widget-container\">\n\t\t\t\t\t<h3 class=\"elementor-heading-title elementor-size-default\">Conclus\u00e3o<\/h3>\t\t\t\t<\/div>\n\t\t\t\t<\/div>\n\t\t\t\t<div class=\"elementor-element elementor-element-1e35d18 elementor-widget elementor-widget-text-editor\" data-id=\"1e35d18\" data-element_type=\"widget\" data-e-type=\"widget\" data-widget_type=\"text-editor.default\">\n\t\t\t\t<div class=\"elementor-widget-container\">\n\t\t\t\t\t\t\t\t\t<p>A incredulidade que h\u00e1 em seu cora\u00e7\u00e3o tem consumido a sua f\u00e9 e o impedido de entender e aprender mais de Deus e da sua vontade? \u00c9 preciso CORAGEM PARA PROSSEGUIR, PROSSEGUIR TESTEMUNHANDO DE JESUS COMO SENHOR E SALVADOR E DEDICANDO-LHE ADORA\u00c7\u00c3O EXCLUSIVA.<br \/><br \/>Hb. 3:15 \u2013 \u201cN\u00e3o endure\u00e7a o cora\u00e7\u00e3o \u2013 ou\u00e7a a voz de Deus e destrua as obras do Diabo em sua vida\u201d.<\/p>\t\t\t\t\t\t\t\t<\/div>\n\t\t\t\t<\/div>\n\t\t\t\t<div class=\"elementor-element elementor-element-66bbb68 elementor-widget elementor-widget-text-editor\" data-id=\"66bbb68\" data-element_type=\"widget\" data-e-type=\"widget\" data-widget_type=\"text-editor.default\">\n\t\t\t\t<div class=\"elementor-widget-container\">\n\t\t\t\t\t\t\t\t\t<p class=\"footer-page\">Pr. Carlos Henrique Carnavalli<\/p>\t\t\t\t\t\t\t\t<\/div>\n\t\t\t\t<\/div>\n\t\t\t\t\t<\/div>\n\t\t\t\t<\/div>\n\t\t\t\t<\/div>\n\t\t","protected":false},"excerpt":{"rendered":"<p>Texto: Hebreus 3:12<\/p>\n","protected":false},"author":6,"featured_media":0,"parent":1725,"menu_order":0,"comment_status":"closed","ping_status":"closed","template":"template-fullwidth.php","meta":{"footnotes":""},"class_list":["post-1926","page","type-page","status-publish","hentry"],"jetpack_sharing_enabled":true,"_links":{"self":[{"href":"https:\/\/www.igrejabatistadecorreas.com.br\/2018\/wp-json\/wp\/v2\/pages\/1926","targetHints":{"allow":["GET"]}}],"collection":[{"href":"https:\/\/www.igrejabatistadecorreas.com.br\/2018\/wp-json\/wp\/v2\/pages"}],"about":[{"href":"https:\/\/www.igrejabatistadecorreas.com.br\/2018\/wp-json\/wp\/v2\/types\/page"}],"author":[{"embeddable":true,"href":"https:\/\/www.igrejabatistadecorreas.com.br\/2018\/wp-json\/wp\/v2\/users\/6"}],"replies":[{"embeddable":true,"href":"https:\/\/www.igrejabatistadecorreas.com.br\/2018\/wp-json\/wp\/v2\/comments?post=1926"}],"version-history":[{"count":14,"href":"https:\/\/www.igrejabatistadecorreas.com.br\/2018\/wp-json\/wp\/v2\/pages\/1926\/revisions"}],"predecessor-version":[{"id":5363,"href":"https:\/\/www.igrejabatistadecorreas.com.br\/2018\/wp-json\/wp\/v2\/pages\/1926\/revisions\/5363"}],"up":[{"embeddable":true,"href":"https:\/\/www.igrejabatistadecorreas.com.br\/2018\/wp-json\/wp\/v2\/pages\/1725"}],"wp:attachment":[{"href":"https:\/\/www.igrejabatistadecorreas.com.br\/2018\/wp-json\/wp\/v2\/media?parent=1926"}],"curies":[{"name":"wp","href":"https:\/\/api.w.org\/{rel}","templated":true}]}}