{"id":1923,"date":"2018-12-14T10:35:16","date_gmt":"2018-12-14T12:35:16","guid":{"rendered":"https:\/\/www.igrejabatistadecorreas.com.br\/2018\/?page_id=1923"},"modified":"2023-10-30T10:30:53","modified_gmt":"2023-10-30T13:30:53","slug":"identificando-os-caminhos-de-vitoria","status":"publish","type":"page","link":"https:\/\/www.igrejabatistadecorreas.com.br\/2018\/sermoes\/identificando-os-caminhos-de-vitoria\/","title":{"rendered":"Identificando os caminhos de vit\u00f3ria"},"content":{"rendered":"\t\t<div data-elementor-type=\"wp-page\" data-elementor-id=\"1923\" class=\"elementor elementor-1923\">\n\t\t\t\t<div class=\"elementor-element elementor-element-8a3dd75 e-flex e-con-boxed e-con e-parent\" data-id=\"8a3dd75\" data-element_type=\"container\" data-e-type=\"container\">\n\t\t\t\t\t<div class=\"e-con-inner\">\n\t\t\t\t<div class=\"elementor-element elementor-element-adde7fe elementor-widget elementor-widget-heading\" data-id=\"adde7fe\" data-element_type=\"widget\" data-e-type=\"widget\" id=\"sermao\" data-widget_type=\"heading.default\">\n\t\t\t\t<div class=\"elementor-widget-container\">\n\t\t\t\t\t<h1 class=\"elementor-heading-title elementor-size-default\"><a href=\"https:\/\/www.igrejabatistadecorreas.com.br\/2018\/sermoes\/identificando-os-caminhos-de-vitoria\/#sermao\">Identificando os caminhos de vit\u00f3ria<\/a><\/h1>\t\t\t\t<\/div>\n\t\t\t\t<\/div>\n\t\t\t\t<div class=\"elementor-element elementor-element-0c010d6 elementor-widget elementor-widget-text-editor\" data-id=\"0c010d6\" data-element_type=\"widget\" data-e-type=\"widget\" data-widget_type=\"text-editor.default\">\n\t\t\t\t<div class=\"elementor-widget-container\">\n\t\t\t\t\t\t\t\t\t<strong>Textos base:<\/strong> Lucas 22:31-34; Mateus 26:31-35 e 69-75\n<hr\/>\t\t\t\t\t\t\t\t<\/div>\n\t\t\t\t<\/div>\n\t\t\t\t<div class=\"elementor-element elementor-element-731d6e9 elementor-widget elementor-widget-heading\" data-id=\"731d6e9\" data-element_type=\"widget\" data-e-type=\"widget\" data-widget_type=\"heading.default\">\n\t\t\t\t<div class=\"elementor-widget-container\">\n\t\t\t\t\t<h3 class=\"elementor-heading-title elementor-size-default\">Introdu\u00e7\u00e3o<\/h3>\t\t\t\t<\/div>\n\t\t\t\t<\/div>\n\t\t\t\t<div class=\"elementor-element elementor-element-fca4660 elementor-widget elementor-widget-text-editor\" data-id=\"fca4660\" data-element_type=\"widget\" data-e-type=\"widget\" data-widget_type=\"text-editor.default\">\n\t\t\t\t<div class=\"elementor-widget-container\">\n\t\t\t\t\t\t\t\t\t<p>Vivemos em dias que a sociedade corre atr\u00e1s de sucesso, muito se fala, muito se cobra, e muito se divulga o sucesso das pessoas. Pedro, um disc\u00edpulo de Jesus que, apesar de ter caminhado com o mestre em todo o seu minist\u00e9rio terreno, e ter visto e vivido juntamente com Ele experi\u00eancias grandiosas, cometeu erros que mostram a fragilidade humana que pode ser vista afetando a todos os homens. N\u00e3o existem super-homens e super-mulheres, somos todos feitos da mesma mat\u00e9ria e sujeitos a quedas. Se atendermos a orienta\u00e7\u00e3o do Esp\u00edrito Santo, identificaremos os caminhos de fracasso para venc\u00ea-los e em Cristo chegarmos ao lugar da vit\u00f3ria. Como conseguirmos fazer diferentes de Pedro? Vejamos o que levou Pedro ao fracasso:<\/p>\t\t\t\t\t\t\t\t<\/div>\n\t\t\t\t<\/div>\n\t\t\t\t<div class=\"elementor-element elementor-element-116795b elementor-widget elementor-widget-heading\" data-id=\"116795b\" data-element_type=\"widget\" data-e-type=\"widget\" data-widget_type=\"heading.default\">\n\t\t\t\t<div class=\"elementor-widget-container\">\n\t\t\t\t\t<h3 class=\"elementor-heading-title elementor-size-default\">I- A falta de aten\u00e7\u00e3o \u00e0 orienta\u00e7\u00e3o de Jesus \u2013 (Lc 22:31)<\/h3>\t\t\t\t<\/div>\n\t\t\t\t<\/div>\n\t\t\t\t<div class=\"elementor-element elementor-element-e36b391 elementor-drop-cap-yes elementor-drop-cap-view-default elementor-widget elementor-widget-text-editor\" data-id=\"e36b391\" data-element_type=\"widget\" data-e-type=\"widget\" data-settings=\"{&quot;drop_cap&quot;:&quot;yes&quot;}\" data-widget_type=\"text-editor.default\">\n\t\t\t\t<div class=\"elementor-widget-container\">\n\t\t\t\t\t\t\t\t\t<p>Jesus avisou Pedro que Satan\u00e1s j\u00e1 tinha conseguido autoriza\u00e7\u00e3o para prov\u00e1-lo, mas ele n\u00e3o deu a m\u00ednima aten\u00e7\u00e3o para aquela palavra de Jesus. Devemos notar que a inten\u00e7\u00e3o de Satan\u00e1s era de acabar com a f\u00e9 de Pedro. Isto acontece conosco tamb\u00e9m, por isso temos que estar atentos aos avisos que recebemos de Deus atrav\u00e9s da B\u00edblia, e muitas vezes do l\u00edder, do pastor. Deus usa formas que a gente nem tem id\u00e9ia, mas precisamos estar atentos e em comunh\u00e3o com Ele.<\/p>\t\t\t\t\t\t\t\t<\/div>\n\t\t\t\t<\/div>\n\t\t\t\t<div class=\"elementor-element elementor-element-ffa599d elementor-widget elementor-widget-heading\" data-id=\"ffa599d\" data-element_type=\"widget\" data-e-type=\"widget\" data-widget_type=\"heading.default\">\n\t\t\t\t<div class=\"elementor-widget-container\">\n\t\t\t\t\t<h3 class=\"elementor-heading-title elementor-size-default\">II\u2013 Exagerou na autoconfian\u00e7a \u2013 (Mt 26:33)<\/h3>\t\t\t\t<\/div>\n\t\t\t\t<\/div>\n\t\t\t\t<div class=\"elementor-element elementor-element-0e404bf elementor-drop-cap-yes elementor-drop-cap-view-default elementor-widget elementor-widget-text-editor\" data-id=\"0e404bf\" data-element_type=\"widget\" data-e-type=\"widget\" data-settings=\"{&quot;drop_cap&quot;:&quot;yes&quot;}\" data-widget_type=\"text-editor.default\">\n\t\t\t\t<div class=\"elementor-widget-container\">\n\t\t\t\t\t\t\t\t\t<p>Esta postura traz sinais de soberba, isto \u00e9, quando uma pessoa julga-se superior ao que ela \u00e9. Tamb\u00e9m n\u00e3o podemos nos julgar menores do que somos, pois isto desonra a Deus que nos criou e salvou, e tamb\u00e9m desonra a n\u00f3s mesmos. Pedro confiou em suas pr\u00f3prias for\u00e7as, fruto de grandes experi\u00eancias junto com o Mestre. Muitos crentes se consideram intoc\u00e1veis, perfeitos, muito espirituais, sem depend\u00eancia completa de Deus e do seu poder e caem I Co 10.12. A nossa confian\u00e7a precisa estar em Deus que nos sustenta em todas as situa\u00e7\u00f5es, pois nada acontece sem que Ele permita. Lamenta\u00e7\u00f5es 3:37<\/p>\t\t\t\t\t\t\t\t<\/div>\n\t\t\t\t<\/div>\n\t\t\t\t<div class=\"elementor-element elementor-element-dd5b4dd elementor-widget elementor-widget-heading\" data-id=\"dd5b4dd\" data-element_type=\"widget\" data-e-type=\"widget\" data-widget_type=\"heading.default\">\n\t\t\t\t<div class=\"elementor-widget-container\">\n\t\t\t\t\t<h3 class=\"elementor-heading-title elementor-size-default\">III\u2013 Negligenciou a ora\u00e7\u00e3o e \u00e0 vigil\u00e2ncia \u2013 (Mt 26:41)<\/h3>\t\t\t\t<\/div>\n\t\t\t\t<\/div>\n\t\t\t\t<div class=\"elementor-element elementor-element-ff41794 elementor-drop-cap-yes elementor-drop-cap-view-default elementor-widget elementor-widget-text-editor\" data-id=\"ff41794\" data-element_type=\"widget\" data-e-type=\"widget\" data-settings=\"{&quot;drop_cap&quot;:&quot;yes&quot;}\" data-widget_type=\"text-editor.default\">\n\t\t\t\t<div class=\"elementor-widget-container\">\n\t\t\t\t\t\t\t\t\t<p>Jesus come\u00e7a com a express\u00e3o \u201cvigiem\u201d, pois, a vigil\u00e2ncia \u00e9 essencial, at\u00e9 mesmo antes da ora\u00e7\u00e3o. O nosso advers\u00e1rio anda ao nosso derredor buscando a quem possa tragar I Pe 5.8, e somente com vigil\u00e2ncia, fechando as brechas e andando por princ\u00edpios, podemos fechar as portas para o diabo. A segunda advert\u00eancia de Jesus \u00e9 para a ora\u00e7\u00e3o, orar em todo tempo, isto \u00e9, com perseveran\u00e7a para sermos fortalecidos. Jesus contou uma par\u00e1bola, mostrando aos disc\u00edpulos que deviam orar sempre e nunca desanimar (Lc 18.1-8).<\/p>\t\t\t\t\t\t\t\t<\/div>\n\t\t\t\t<\/div>\n\t\t\t\t<div class=\"elementor-element elementor-element-2340acf elementor-widget elementor-widget-heading\" data-id=\"2340acf\" data-element_type=\"widget\" data-e-type=\"widget\" data-widget_type=\"heading.default\">\n\t\t\t\t<div class=\"elementor-widget-container\">\n\t\t\t\t\t<h3 class=\"elementor-heading-title elementor-size-default\">IV\u2013 Escutou, mas n\u00e3o guardou o que Jesus disse \u2013 (Mt 26:34)<\/h3>\t\t\t\t<\/div>\n\t\t\t\t<\/div>\n\t\t\t\t<div class=\"elementor-element elementor-element-da52d9a elementor-drop-cap-yes elementor-drop-cap-view-default elementor-widget elementor-widget-text-editor\" data-id=\"da52d9a\" data-element_type=\"widget\" data-e-type=\"widget\" data-settings=\"{&quot;drop_cap&quot;:&quot;yes&quot;}\" data-widget_type=\"text-editor.default\">\n\t\t\t\t<div class=\"elementor-widget-container\">\n\t\t\t\t\t\t\t\t\t<p>Ap\u00f3s as palavras precipitadas e soberbas de Pedro, Jesus o alertou que naquela mesma noite ele o trairia, por\u00e9m, as palavras de Jesus n\u00e3o acharam lugar na alma de Pedro. Depois de poucas horas veja o que Pedro faz e fala Mt 26:69-74. Muitos ouvem as palavras de advert\u00eancia do Pai, mas poucos escutam. Temos ouvido nos \u00faltimos tempos como Deus tem trazido palavras de aviso para n\u00f3s, e quantas vezes passam despercebidas por n\u00f3s. Escutar somente n\u00e3o basta, temos que obedecer, e a obedi\u00eancia nos traz b\u00ean\u00e7\u00e3os- Dt 10:12-13 Is 55:3.<\/p>\t\t\t\t\t\t\t\t<\/div>\n\t\t\t\t<\/div>\n\t\t\t\t<div class=\"elementor-element elementor-element-3d76cf5 elementor-widget elementor-widget-heading\" data-id=\"3d76cf5\" data-element_type=\"widget\" data-e-type=\"widget\" data-widget_type=\"heading.default\">\n\t\t\t\t<div class=\"elementor-widget-container\">\n\t\t\t\t\t<h3 class=\"elementor-heading-title elementor-size-default\">Conclus\u00e3o<\/h3>\t\t\t\t<\/div>\n\t\t\t\t<\/div>\n\t\t\t\t<div class=\"elementor-element elementor-element-b6307e7 elementor-widget elementor-widget-text-editor\" data-id=\"b6307e7\" data-element_type=\"widget\" data-e-type=\"widget\" data-widget_type=\"text-editor.default\">\n\t\t\t\t<div class=\"elementor-widget-container\">\n\t\t\t\t\t\t\t\t\t<p>Todos os dias \u00e0 voz de Jesus nos adverte que devemos manter-nos confiantes em Deus e obedecermos as ordens de Jesus (I Jo\u00e3o 5:3). Se estivermos unidos a Cristo passaremos as provas, as lutas e venceremos Satan\u00e1s, pela f\u00e9 e com as armas de Deus. Ao identificarmos as raz\u00f5es que levaram Pedro ao fracasso, precisamos trabalhar intensamente para n\u00e3o cometermos os mesmos erros a fim de agradarmos o cora\u00e7\u00e3o de Deus e aben\u00e7oarmos vidas.<\/p>\t\t\t\t\t\t\t\t<\/div>\n\t\t\t\t<\/div>\n\t\t\t\t<div class=\"elementor-element elementor-element-7d87738 elementor-widget elementor-widget-text-editor\" data-id=\"7d87738\" data-element_type=\"widget\" data-e-type=\"widget\" data-widget_type=\"text-editor.default\">\n\t\t\t\t<div class=\"elementor-widget-container\">\n\t\t\t\t\t\t\t\t\t<p class=\"footer-page\">Pr. Carlos Henrique Carnavalli<\/p>\t\t\t\t\t\t\t\t<\/div>\n\t\t\t\t<\/div>\n\t\t\t\t\t<\/div>\n\t\t\t\t<\/div>\n\t\t\t\t<\/div>\n\t\t","protected":false},"excerpt":{"rendered":"<p>Texto: Lucas 22:31-34; Mateus 26: 31-35, 69-75<\/p>\n","protected":false},"author":6,"featured_media":0,"parent":1725,"menu_order":0,"comment_status":"closed","ping_status":"closed","template":"template-fullwidth.php","meta":{"footnotes":""},"class_list":["post-1923","page","type-page","status-publish","hentry"],"jetpack_sharing_enabled":true,"_links":{"self":[{"href":"https:\/\/www.igrejabatistadecorreas.com.br\/2018\/wp-json\/wp\/v2\/pages\/1923","targetHints":{"allow":["GET"]}}],"collection":[{"href":"https:\/\/www.igrejabatistadecorreas.com.br\/2018\/wp-json\/wp\/v2\/pages"}],"about":[{"href":"https:\/\/www.igrejabatistadecorreas.com.br\/2018\/wp-json\/wp\/v2\/types\/page"}],"author":[{"embeddable":true,"href":"https:\/\/www.igrejabatistadecorreas.com.br\/2018\/wp-json\/wp\/v2\/users\/6"}],"replies":[{"embeddable":true,"href":"https:\/\/www.igrejabatistadecorreas.com.br\/2018\/wp-json\/wp\/v2\/comments?post=1923"}],"version-history":[{"count":12,"href":"https:\/\/www.igrejabatistadecorreas.com.br\/2018\/wp-json\/wp\/v2\/pages\/1923\/revisions"}],"predecessor-version":[{"id":5354,"href":"https:\/\/www.igrejabatistadecorreas.com.br\/2018\/wp-json\/wp\/v2\/pages\/1923\/revisions\/5354"}],"up":[{"embeddable":true,"href":"https:\/\/www.igrejabatistadecorreas.com.br\/2018\/wp-json\/wp\/v2\/pages\/1725"}],"wp:attachment":[{"href":"https:\/\/www.igrejabatistadecorreas.com.br\/2018\/wp-json\/wp\/v2\/media?parent=1923"}],"curies":[{"name":"wp","href":"https:\/\/api.w.org\/{rel}","templated":true}]}}