{"id":1920,"date":"2018-12-14T10:33:35","date_gmt":"2018-12-14T12:33:35","guid":{"rendered":"https:\/\/www.igrejabatistadecorreas.com.br\/2018\/?page_id=1920"},"modified":"2023-10-30T10:29:27","modified_gmt":"2023-10-30T13:29:27","slug":"iniciando-a-vida-crista-da-maneira-certa","status":"publish","type":"page","link":"https:\/\/www.igrejabatistadecorreas.com.br\/2018\/sermoes\/iniciando-a-vida-crista-da-maneira-certa\/","title":{"rendered":"Iniciando a vida crist\u00e3 da maneira certa"},"content":{"rendered":"\t\t<div data-elementor-type=\"wp-page\" data-elementor-id=\"1920\" class=\"elementor elementor-1920\">\n\t\t\t\t<div class=\"elementor-element elementor-element-0da3659 e-flex e-con-boxed e-con e-parent\" data-id=\"0da3659\" data-element_type=\"container\" data-e-type=\"container\">\n\t\t\t\t\t<div class=\"e-con-inner\">\n\t\t\t\t<div class=\"elementor-element elementor-element-3de6d25 elementor-widget elementor-widget-heading\" data-id=\"3de6d25\" data-element_type=\"widget\" data-e-type=\"widget\" id=\"sermao\" data-widget_type=\"heading.default\">\n\t\t\t\t<div class=\"elementor-widget-container\">\n\t\t\t\t\t<h1 class=\"elementor-heading-title elementor-size-default\"><a href=\"https:\/\/www.igrejabatistadecorreas.com.br\/2018\/sermoes\/iniciando-a-vida-crista-da-maneira-certa\/#sermao\">Iniciando a vida crist\u00e3 da maneira certa<\/a><\/h1>\t\t\t\t<\/div>\n\t\t\t\t<\/div>\n\t\t\t\t<div class=\"elementor-element elementor-element-39a252e elementor-widget elementor-widget-text-editor\" data-id=\"39a252e\" data-element_type=\"widget\" data-e-type=\"widget\" data-widget_type=\"text-editor.default\">\n\t\t\t\t<div class=\"elementor-widget-container\">\n\t\t\t\t\t\t\t\t\t<strong>Texto base:<\/strong> II Tim\u00f3teo 3:1-5\n<br>\n<strong>O texto diz:<\/strong> Sabe, por\u00e9m, isto: que nos \u00faltimos dias sobrevir\u00e3o tempos trabalhosos. Porque haver\u00e1 homens amantes de si mesmos, avarentos, presun\u00e7osos, soberbos, blasfemos, desobedientes a pais e m\u00e3es, ingratos, profanos, sem afeto natural, irreconcili\u00e1veis, caluniadores, incontinentes, cru\u00e9is, sem amor para com os bons, traidores, obstinados, orgulhosos, mais amigos dos deleites do que amigos de Deus, tendo apar\u00eancia de piedade, mas negando a efic\u00e1cia dela. Destes afasta-te.\n<hr \/>\t\t\t\t\t\t\t\t<\/div>\n\t\t\t\t<\/div>\n\t\t\t\t<div class=\"elementor-element elementor-element-2a7027c elementor-widget elementor-widget-heading\" data-id=\"2a7027c\" data-element_type=\"widget\" data-e-type=\"widget\" data-widget_type=\"heading.default\">\n\t\t\t\t<div class=\"elementor-widget-container\">\n\t\t\t\t\t<h3 class=\"elementor-heading-title elementor-size-default\">Introdu\u00e7\u00e3o<\/h3>\t\t\t\t<\/div>\n\t\t\t\t<\/div>\n\t\t\t\t<div class=\"elementor-element elementor-element-d5dcc0a elementor-widget elementor-widget-text-editor\" data-id=\"d5dcc0a\" data-element_type=\"widget\" data-e-type=\"widget\" data-widget_type=\"text-editor.default\">\n\t\t\t\t<div class=\"elementor-widget-container\">\n\t\t\t\t\t\t\t\t\t<p>Muitas pessoas hoje dizem que cr\u00eaem em Deus e s\u00e3o \u201ccrist\u00e3s\u201d. Todavia uma por\u00e7\u00e3o consider\u00e1vel n\u00e3o frequenta um lugar de comunh\u00e3o. Infelizmente, mesmo aquelas que frequentam, n\u00e3o t\u00eam um relacionamento com Jesus. O texto de II Tm 3 especialmente no vers\u00edculo 5, diz que o que realmente acontece \u00e9 que elas tem uma forma de religi\u00e3o, mas negam o poder de vida de Cristo.<br \/><br \/>No Novo Testamento, o arrependimento e a f\u00e9 eram colocados juntos, sendo que tinha de haver evid\u00eancia de ambos antes que uma pessoa fosse recebida na vida da igreja.<br \/><br \/>O ingresso de uma pessoa na igreja naqueles tempos exigia preliminarmente dois acontecimentos para a nova vida em Cristo: a) Eram batizados nas \u00e1guas e b) eram cheios do Esp\u00edrito.<br \/><br \/>O come\u00e7o de uma pessoa se dava atrav\u00e9s de quatro elementos s\u00f3lidos, estando prontos para come\u00e7ar a seguir a Cristo: Arrependimento, F\u00e9, Batismo e Plenitude do Esp\u00edrito Santo.<br \/><br \/>Sendo assim qual a melhor maneira de se iniciar a vida crist\u00e3? Biblicamente! Para isso, \u00e9 preciso entender e aplicar os quatro elementos ensinados nas Sagradas Escrituras a aqueles que querem come\u00e7ar certo a vida com Deus.<\/p>\t\t\t\t\t\t\t\t<\/div>\n\t\t\t\t<\/div>\n\t\t\t\t<div class=\"elementor-element elementor-element-b1a6427 elementor-widget elementor-widget-heading\" data-id=\"b1a6427\" data-element_type=\"widget\" data-e-type=\"widget\" data-widget_type=\"heading.default\">\n\t\t\t\t<div class=\"elementor-widget-container\">\n\t\t\t\t\t<h3 class=\"elementor-heading-title elementor-size-default\">1\u00ba Elemento: Arrependimento<\/h3>\t\t\t\t<\/div>\n\t\t\t\t<\/div>\n\t\t\t\t<div class=\"elementor-element elementor-element-36b8d69 elementor-drop-cap-yes elementor-drop-cap-view-default elementor-widget elementor-widget-text-editor\" data-id=\"36b8d69\" data-element_type=\"widget\" data-e-type=\"widget\" data-settings=\"{&quot;drop_cap&quot;:&quot;yes&quot;}\" data-widget_type=\"text-editor.default\">\n\t\t\t\t<div class=\"elementor-widget-container\">\n\t\t\t\t\t\t\t\t\t<p>Significa mudan\u00e7a radical de valores, atitudes e perspectiva. Envolve uma mudan\u00e7a de mente e cora\u00e7\u00e3o, levando a uma virada radical na vida. Metan\u00f3ia que significa mudan\u00e7a total. (Mudar o modo que voc\u00ea pensa sobre Deus).<\/p>\t\t\t\t\t\t\t\t<\/div>\n\t\t\t\t<\/div>\n\t\t\t\t<div class=\"elementor-element elementor-element-467f38c elementor-widget elementor-widget-heading\" data-id=\"467f38c\" data-element_type=\"widget\" data-e-type=\"widget\" data-widget_type=\"heading.default\">\n\t\t\t\t<div class=\"elementor-widget-container\">\n\t\t\t\t\t<h3 class=\"elementor-heading-title elementor-size-default\">2\u00ba Elemento: Cren\u00e7a ou f\u00e9<\/h3>\t\t\t\t<\/div>\n\t\t\t\t<\/div>\n\t\t\t\t<div class=\"elementor-element elementor-element-e3abc7d elementor-drop-cap-yes elementor-drop-cap-view-default elementor-widget elementor-widget-text-editor\" data-id=\"e3abc7d\" data-element_type=\"widget\" data-e-type=\"widget\" data-settings=\"{&quot;drop_cap&quot;:&quot;yes&quot;}\" data-widget_type=\"text-editor.default\">\n\t\t\t\t<div class=\"elementor-widget-container\">\n\t\t\t\t\t\t\t\t\t<p>F\u00e9 significa crer \u2013 ou aceitar \u2013 a verdade sobre Jesus: \u00e9 agir segundo o nosso novo entendimento de Deus.<br \/><br \/>Tornar-se um crist\u00e3o, significa come\u00e7ar a ter um relacionamento com Jesus; significa crer no que diz a B\u00edblia. Significa crer na completa revela\u00e7\u00e3o de Deus aos homens.<br \/><br \/>Em Rom. 10:17, o ap\u00f3stolo Paulo diz: \u201cLogo a f\u00e9 \u00e9 pelo ouvir, e o ouvir pela palavra de Cristo.\u201d<br \/><br \/>F\u00e9 \u00e9 acreditar e validar a verdade que revela Jesus como Filho de Deus, que foi morto, mas est\u00e1 vivo hoje porque Deus, o Pai, o ressuscitou dentre os mortos.<br \/><br \/>A F\u00e9 b\u00edblica aponta para um salvador, uma vez que, o homem n\u00e3o pode fazer nada para salvar-se a si mesmo;<br \/><br \/>A f\u00e9 b\u00edblica ensina que Deus fez tudo que \u00e9 necess\u00e1rio para nos salvar;<br \/>A f\u00e9 b\u00edblica ensina que quem valida o sacrif\u00edcio de Cristo, recebendo-o como salvador, torna-se filho de Deus;<br \/><br \/>A f\u00e9 b\u00edblica ensina que quem assim o fizer, ter\u00e1 a vida eterna e n\u00e3o entrar\u00e1 em Ju\u00edzo, mas passar\u00e1 da morte para a vida.<\/p>\t\t\t\t\t\t\t\t<\/div>\n\t\t\t\t<\/div>\n\t\t\t\t<div class=\"elementor-element elementor-element-b6727c2 elementor-widget elementor-widget-heading\" data-id=\"b6727c2\" data-element_type=\"widget\" data-e-type=\"widget\" data-widget_type=\"heading.default\">\n\t\t\t\t<div class=\"elementor-widget-container\">\n\t\t\t\t\t<h3 class=\"elementor-heading-title elementor-size-default\">3\u00ba Elemento: O batismo nas \u00e1guas<\/h3>\t\t\t\t<\/div>\n\t\t\t\t<\/div>\n\t\t\t\t<div class=\"elementor-element elementor-element-7aaff8e elementor-drop-cap-yes elementor-drop-cap-view-default elementor-widget elementor-widget-text-editor\" data-id=\"7aaff8e\" data-element_type=\"widget\" data-e-type=\"widget\" data-settings=\"{&quot;drop_cap&quot;:&quot;yes&quot;}\" data-widget_type=\"text-editor.default\">\n\t\t\t\t<div class=\"elementor-widget-container\">\n\t\t\t\t\t\t\t\t\t<p>O verbo \u201cbatizar\u201d vem do termo grego \u201cbaptzo\u201d, que significa mergulhar, imergir ou submergir. O batismo \u00e9 uma ordenan\u00e7a de Jesus para os que pertencem a igrejas.<br \/><br \/>O batismo anuncia duas coisas:<br \/>a) O arrependimento e o abandono do pecado:<br \/>b) O in\u00edcio de uma nova vida de f\u00e9 com o filho de Deus, conforme Rm. 6:3; Col. 2:12. O batismo simboliza a morte e o sepultamento do velho homem; simboliza tamb\u00e9m a ressurrei\u00e7\u00e3o do novo homem segundo Deus (2 Co. 5:17).<\/p><p>A B\u00edblia ensina que o batismo<br \/>1) Testemunha publicamente \u00e0 f\u00e9 em Jesus Cristo \u2013 Atos 2:41 \u201cDe sorte que foram batizados os que receberam a sua palavra; e naquele dia agregaram-se quase tr\u00eas mil almas\u201d;<br \/><br \/>A cerim\u00f4nia do batismo \u00e9 um ato p\u00fablico de testemunho da nova vida com Deus assumida perante a sociedade.<br \/><br \/>Implica\u00e7\u00f5es com o mundo espiritual \u2013 Alguns aprisionamentos ligados ao mundo espiritual podem ser quebrados no ato do batismo (Ex. v\u00ednculos feitos por batismos anteriores \u2013 altar de \u00eddolos \u2013 cachoeiras \u2013 ervas \u2013 terreiros e apresenta\u00e7\u00f5es em lugares de origem duvidosa).<br \/><br \/>2) Deve ser ministrado ap\u00f3s a pessoa crer em Jesus dando evid\u00eancias claras de sua convers\u00e3o \u2013 O batismo n\u00e3o muda o interior do homem. \u00c9 um sinal exterior daquilo que Deus j\u00e1 operou no interior.<br \/><br \/>A \u2013 O BATISMO N\u00c3O \u00c9 OPCIONAL \u2013 \u00c9 uma ordenan\u00e7a Mc 16:15-16 \u201cE disse-lhes: Ide por todo o mundo, e pregai o evangelho a toda criatura. Quem crer e for batizado ser\u00e1 salvo; mas quem n\u00e3o crer ser\u00e1 condenado\u201d.<br \/><br \/>B \u2013 A F\u00d3RMULA E O MODO DO BATISMO \u2013 Mt.28:19 \u201c19 Portanto ide, fazei disc\u00edpulos de todas as na\u00e7\u00f5es, batizando-os em nome do Pai, e do Filho, e do Esp\u00edrito Santo;<br \/><br \/>A \u00e1gua simboliza a obra que o Esp\u00edrito santo j\u00e1 realizou no cora\u00e7\u00e3o do hemem. Lavando-o de todos os seus pecados e regenerando-\u00ba A \u00e1gua em si n\u00e3o tem poder algum; \u00e9 apenas um simbolismo espiritual.<br \/><br \/>O batismo deve ser ministrado por imers\u00e3o e em nome do Pai, do Filho e do Esp\u00edrito Santo.<\/p>\t\t\t\t\t\t\t\t<\/div>\n\t\t\t\t<\/div>\n\t\t\t\t<div class=\"elementor-element elementor-element-13a0e3e elementor-widget elementor-widget-heading\" data-id=\"13a0e3e\" data-element_type=\"widget\" data-e-type=\"widget\" data-widget_type=\"heading.default\">\n\t\t\t\t<div class=\"elementor-widget-container\">\n\t\t\t\t\t<h3 class=\"elementor-heading-title elementor-size-default\">4\u00ba Elemento: Plenitude do Esp\u00edrito Santo<\/h3>\t\t\t\t<\/div>\n\t\t\t\t<\/div>\n\t\t\t\t<div class=\"elementor-element elementor-element-3d5f5ff elementor-drop-cap-yes elementor-drop-cap-view-default elementor-widget elementor-widget-text-editor\" data-id=\"3d5f5ff\" data-element_type=\"widget\" data-e-type=\"widget\" data-settings=\"{&quot;drop_cap&quot;:&quot;yes&quot;}\" data-widget_type=\"text-editor.default\">\n\t\t\t\t<div class=\"elementor-widget-container\">\n\t\t\t\t\t\t\t\t\t<p>Significa termos tanto dele que sejamos capazes de dizer que estamos satisfeitos.<br \/><br \/>No Velho Testamento, em \u00caxodo 31:3 e 35:31, Bezalel \u00e9 descrito como \u2018cheio do Esp\u00edrito de Deus\u2019. A mesma express\u00e3o \u00e9 ent\u00e3o usada doze vezes no N T, para descrever uma maneira que as pessoas experimentavam o Esp\u00edrito (Lc1:15; 1:41; 1:67; 4:1; Atos2:4(todos ficaram cheios); 4:8 (Pedro ficou cheio); 6:5 (Estev\u00e3o estava cheio); 7:55 (Estev\u00e3o cheio); 9:17 (Paulo est\u00e1 prestes e encher-se); 13:52 (Os disc\u00edpulos estavam alegres e cheios do Esp\u00edrito).<br \/><br \/>Plenitude \u00e9 encher-se do Esp\u00edrito e Lucas usa o verbo pletho para melhorar a compreens\u00e3o da palavra que significa \u2018esponja\u2019 e n\u00e3o \u2018vaso\u2019 ou \u2018copo\u2019.<br \/><br \/>A diferen\u00e7a \u00e9 enorme, uma vez que a esponja ao ser mergulhada na \u00e1gua encharca-se dela, e torna-se cheia. O detalho \u00e9 que algumas absorvem bem, enquanto que outras s\u00e3o duras e secas.<br \/><br \/>Ef\u00e9sios 5:18 \u2013 \u201cE n\u00e3o vos embriagueis com vinho, no qual h\u00e1 devassid\u00e3o, mas enchei-vos do Esp\u00edrito\u201d.<br \/><br \/>A melhor compreens\u00e3o sobre esse ensino do ap\u00f3stolo Paulo \u00e9: \u201cprossiga sendo cheio do Esp\u00edrito\u201d isto significa pedir a Deus para purificar-nos e fazer com que absorvemos mais o Esp\u00edrito.<br \/><br \/>Significa implorarmos a Deus para que Ele lide com nossas \u00e1reas duras e secas, a fim de que mais de n\u00f3s fique saturado pelo Esp\u00edrito.<\/p>\t\t\t\t\t\t\t\t<\/div>\n\t\t\t\t<\/div>\n\t\t\t\t<div class=\"elementor-element elementor-element-aac1a6b elementor-widget elementor-widget-heading\" data-id=\"aac1a6b\" data-element_type=\"widget\" data-e-type=\"widget\" data-widget_type=\"heading.default\">\n\t\t\t\t<div class=\"elementor-widget-container\">\n\t\t\t\t\t<h3 class=\"elementor-heading-title elementor-size-default\">Conclus\u00e3o<\/h3>\t\t\t\t<\/div>\n\t\t\t\t<\/div>\n\t\t\t\t<div class=\"elementor-element elementor-element-68f3d17 elementor-widget elementor-widget-text-editor\" data-id=\"68f3d17\" data-element_type=\"widget\" data-e-type=\"widget\" data-widget_type=\"text-editor.default\">\n\t\t\t\t<div class=\"elementor-widget-container\">\n\t\t\t\t\t\t\t\t\t<p>1\u00ba Elemento \u2013 Arrependimento (Mudar o modo que voc\u00ea pensa sobre Deus);<br \/><br \/>2\u00ba Elemento \u2013 Cren\u00e7a ou f\u00e9 \u2013 F\u00e9 significa crer \u2013 ou aceitar \u2013 a verdade sobre Jesus: \u00e9 agir segundo o nosso novo entendimento de Deus;<br \/><br \/>3\u00ba Elemento \u2013 O batismo nas \u00e1guas \u2013 O batismo \u00e9 uma ordenan\u00e7a de Jesus para os que pertencem a igrejas;<br \/>Atos 2:42 e perseveravam na doutrina dos ap\u00f3stolos e na comunh\u00e3o, no partir do p\u00e3o e nas ora\u00e7\u00f5es.<br \/><br \/>4\u00ba Elemento \u2013 Plenitude do Esp\u00edrito Santo \u2013 Significa termos tanto dele que sejamos capazes de dizer que estamos satisfeitos.<br \/>Ef\u00e9sios 4:14 \u201cPara que n\u00e3o mais sejamos meninos, inconstantes, levados ao redor por todo vento de doutrina, pela fraudul\u00eancia dos homens, pela ast\u00facia tendente \u00e0 maquina\u00e7\u00e3o do erro\u201d.<\/p>\t\t\t\t\t\t\t\t<\/div>\n\t\t\t\t<\/div>\n\t\t\t\t<div class=\"elementor-element elementor-element-b46ce57 elementor-widget elementor-widget-text-editor\" data-id=\"b46ce57\" data-element_type=\"widget\" data-e-type=\"widget\" data-widget_type=\"text-editor.default\">\n\t\t\t\t<div class=\"elementor-widget-container\">\n\t\t\t\t\t\t\t\t\t<p class=\"footer-page\">Pr. Carlos Henrique Carnavalli<\/p>\t\t\t\t\t\t\t\t<\/div>\n\t\t\t\t<\/div>\n\t\t\t\t\t<\/div>\n\t\t\t\t<\/div>\n\t\t\t\t<\/div>\n\t\t","protected":false},"excerpt":{"rendered":"<p>Texto: 2 Tim\u00f3teo 3:1:5<\/p>\n","protected":false},"author":6,"featured_media":0,"parent":1725,"menu_order":0,"comment_status":"closed","ping_status":"closed","template":"template-fullwidth.php","meta":{"footnotes":""},"class_list":["post-1920","page","type-page","status-publish","hentry"],"jetpack_sharing_enabled":true,"_links":{"self":[{"href":"https:\/\/www.igrejabatistadecorreas.com.br\/2018\/wp-json\/wp\/v2\/pages\/1920","targetHints":{"allow":["GET"]}}],"collection":[{"href":"https:\/\/www.igrejabatistadecorreas.com.br\/2018\/wp-json\/wp\/v2\/pages"}],"about":[{"href":"https:\/\/www.igrejabatistadecorreas.com.br\/2018\/wp-json\/wp\/v2\/types\/page"}],"author":[{"embeddable":true,"href":"https:\/\/www.igrejabatistadecorreas.com.br\/2018\/wp-json\/wp\/v2\/users\/6"}],"replies":[{"embeddable":true,"href":"https:\/\/www.igrejabatistadecorreas.com.br\/2018\/wp-json\/wp\/v2\/comments?post=1920"}],"version-history":[{"count":20,"href":"https:\/\/www.igrejabatistadecorreas.com.br\/2018\/wp-json\/wp\/v2\/pages\/1920\/revisions"}],"predecessor-version":[{"id":5351,"href":"https:\/\/www.igrejabatistadecorreas.com.br\/2018\/wp-json\/wp\/v2\/pages\/1920\/revisions\/5351"}],"up":[{"embeddable":true,"href":"https:\/\/www.igrejabatistadecorreas.com.br\/2018\/wp-json\/wp\/v2\/pages\/1725"}],"wp:attachment":[{"href":"https:\/\/www.igrejabatistadecorreas.com.br\/2018\/wp-json\/wp\/v2\/media?parent=1920"}],"curies":[{"name":"wp","href":"https:\/\/api.w.org\/{rel}","templated":true}]}}