{"id":1918,"date":"2018-12-14T10:31:53","date_gmt":"2018-12-14T12:31:53","guid":{"rendered":"https:\/\/www.igrejabatistadecorreas.com.br\/2018\/?page_id=1918"},"modified":"2023-10-30T10:50:18","modified_gmt":"2023-10-30T13:50:18","slug":"os-deveres-da-mulher-no-casamento","status":"publish","type":"page","link":"https:\/\/www.igrejabatistadecorreas.com.br\/2018\/sermoes\/os-deveres-da-mulher-no-casamento\/","title":{"rendered":"Os deveres da mulher no casamento"},"content":{"rendered":"\t\t<div data-elementor-type=\"wp-page\" data-elementor-id=\"1918\" class=\"elementor elementor-1918\">\n\t\t\t\t<div class=\"elementor-element elementor-element-4cc54c7 e-flex e-con-boxed e-con e-parent\" data-id=\"4cc54c7\" data-element_type=\"container\" data-e-type=\"container\">\n\t\t\t\t\t<div class=\"e-con-inner\">\n\t\t\t\t<div class=\"elementor-element elementor-element-bf2437f elementor-widget elementor-widget-heading\" data-id=\"bf2437f\" data-element_type=\"widget\" data-e-type=\"widget\" id=\"sermao\" data-widget_type=\"heading.default\">\n\t\t\t\t<div class=\"elementor-widget-container\">\n\t\t\t\t\t<h1 class=\"elementor-heading-title elementor-size-default\"><a href=\"https:\/\/www.igrejabatistadecorreas.com.br\/2018\/sermoes\/os-deveres-da-mulher-no-casamento\/#sermao\">Os deveres da mulher no casamento<\/a><\/h1>\t\t\t\t<\/div>\n\t\t\t\t<\/div>\n\t\t\t\t<div class=\"elementor-element elementor-element-b1ac537 elementor-widget elementor-widget-text-editor\" data-id=\"b1ac537\" data-element_type=\"widget\" data-e-type=\"widget\" data-widget_type=\"text-editor.default\">\n\t\t\t\t<div class=\"elementor-widget-container\">\n\t\t\t\t\t\t\t\t\t<strong>Texto base:<\/strong> I Pedro 3:1-7\n<br>\n<strong>O texto diz:<\/strong> Semelhantemente, v\u00f3s, mulheres, sede sujeitas aos vossos pr\u00f3prios maridos; para que tamb\u00e9m, se alguns n\u00e3o obedecem \u00e0 palavra, pelo porte de suas mulheres sejam ganhos sem palavra; Considerando a vossa vida casta, em temor. O enfeite delas n\u00e3o seja o exterior, no frisado dos cabelos, no uso de j\u00f3ias de ouro, na compostura dos vestidos; Mas o homem encoberto no cora\u00e7\u00e3o; no incorrupt\u00edvel traje de um esp\u00edrito manso e quieto, que \u00e9 precioso diante de Deus. Porque assim se adornavam tamb\u00e9m antigamente as santas mulheres que esperavam em Deus, e estavam sujeitas aos seus pr\u00f3prios maridos; Como Sara obedecia a Abra\u00e3o, chamando-lhe senhor; da qual v\u00f3s sois filhas, fazendo o bem, e n\u00e3o temendo nenhum espanto. Igualmente v\u00f3s, maridos, coabitai com elas com entendimento, dando honra \u00e0 mulher, como vaso mais fraco; como sendo v\u00f3s os seus co-herdeiros da gra\u00e7a da vida; para que n\u00e3o sejam impedidas as vossas ora\u00e7\u00f5es.\n\n<hr \/>\t\t\t\t\t\t\t\t<\/div>\n\t\t\t\t<\/div>\n\t\t\t\t<div class=\"elementor-element elementor-element-3f5cc18 elementor-widget elementor-widget-heading\" data-id=\"3f5cc18\" data-element_type=\"widget\" data-e-type=\"widget\" data-widget_type=\"heading.default\">\n\t\t\t\t<div class=\"elementor-widget-container\">\n\t\t\t\t\t<h3 class=\"elementor-heading-title elementor-size-default\">Introdu\u00e7\u00e3o<\/h3>\t\t\t\t<\/div>\n\t\t\t\t<\/div>\n\t\t\t\t<div class=\"elementor-element elementor-element-c03c3c1 elementor-widget elementor-widget-text-editor\" data-id=\"c03c3c1\" data-element_type=\"widget\" data-e-type=\"widget\" data-widget_type=\"text-editor.default\">\n\t\t\t\t<div class=\"elementor-widget-container\">\n\t\t\t\t\t\t\t\t\t<p>A palavra de Deus apresenta o perfil da mulher virtuosa, capaz de construir a grandeza do seu lar, a felicidade do esposo e a dos filhos. O ap\u00f3stolo Pedro apresenta as responsabilidades no casamento de ambos, marido e mulher, estabelecendo assim um padr\u00e3o divino para a fam\u00edlia.<br \/><br \/>Este padr\u00e3o deve ser seguido tamb\u00e9m pela mulher cujo marido n\u00e3o \u00e9 convertido, para que ela o veja um dia, transformado pelo poder do nome de Jesus, gra\u00e7as ao seu testemunho de vida crist\u00e3.<br \/><br \/>Ilustra\u00e7\u00e3o: \u201cCerta vez uma irm\u00e3 foi visitar uma outra irm\u00e3 da igreja cujo marido n\u00e3o era convertido. No meio da conversa, a irm\u00e3 dirigiu-se ao marido da amiga e disse-lhe: O senhor precisa tomar a sua decis\u00e3o ao lado de Cristo para se tornar um crente como sua esposa! Logo, o homem retrucou dizendo: a senhora pensa que minha mulher \u00e9 mais crente do que eu? Eu n\u00e3o leio a B\u00edblia, ela tamb\u00e9m n\u00e3o l\u00ea; eu n\u00e3o oro, ela tamb\u00e9m n\u00e3o ora; eu me irrito, ela tamb\u00e9m se irrita; eu falo palavr\u00f5es, ela tamb\u00e9m fala!\u201d<br \/>Observe que a influ\u00eancia daquela mulher como crist\u00e3 era nula e o resultado n\u00e3o podia ser outro.<br \/><br \/>A vida de uma mulher realmente crist\u00e3 \u00e9 um serm\u00e3o eloquente. Salom\u00e3o ao referir-se a essa mulher cuidadosa e espiritual disse: \u201cO seu valor muito excede o de rubis\u201d Pv.31:10.<br \/><br \/>Todavia, a inobserv\u00e2ncia da Palavra e o descuido quanto aos deveres a serem praticados, t\u00eam cooperado, para que as desaven\u00e7as, os desacordos, os dissabores e as amarguras culminem no pedido de separa\u00e7\u00e3o e do div\u00f3rcio, entristecendo o cora\u00e7\u00e3o de Deus e dando um mau testemunho \u00e0 sociedade que espera o melhor da fam\u00edlia crist\u00e3, porque acredita que ela, por possuir uma vida b\u00edblica seja diferente no tratar desse e de outros assuntos espirituais na fam\u00edlia.<br \/><br \/>Quanto ao homem, vimos que deve submeter-se incondicionalmente a Cristo, devido \u00e0 natureza santa e am\u00e1vel do Mestre.<br \/><br \/>Se o marido \u00e9 capaz de exigir da esposa coisas que contrariam a santa vontade de Deus, a esposa n\u00e3o dever\u00e1 se submeter. Poder\u00e1 encontrar-se em situa\u00e7\u00e3o em que se veja for\u00e7ada a obedecer antes a Deus que ao marido, especialmente se este n\u00e3o se submete a Cristo: \u201cMas importa obedecer a Deus do que aos homens\u201d Atos.5:29.<br \/><br \/>Quais s\u00e3o os deveres que uma mulher crist\u00e3 deve reconhecer e colocar em pr\u00e1tica para tornar o seu casamento e a sua fam\u00edlia felizes?<\/p>\t\t\t\t\t\t\t\t<\/div>\n\t\t\t\t<\/div>\n\t\t\t\t<div class=\"elementor-element elementor-element-fdac73d elementor-widget elementor-widget-heading\" data-id=\"fdac73d\" data-element_type=\"widget\" data-e-type=\"widget\" data-widget_type=\"heading.default\">\n\t\t\t\t<div class=\"elementor-widget-container\">\n\t\t\t\t\t<h3 class=\"elementor-heading-title elementor-size-default\">1 \u2013 A mulher crist\u00e3 deve amar o seu marido (Tito 2:3-4)<\/h3>\t\t\t\t<\/div>\n\t\t\t\t<\/div>\n\t\t\t\t<div class=\"elementor-element elementor-element-48d9084 elementor-widget elementor-widget-text-editor\" data-id=\"48d9084\" data-element_type=\"widget\" data-e-type=\"widget\" data-widget_type=\"text-editor.default\">\n\t\t\t\t<div class=\"elementor-widget-container\">\n\t\t\t\t\t\t\t\t\t<p>\u201cAs mulheres idosas, semelhantemente, que sejam reverentes no seu viver, n\u00e3o caluniadoras, n\u00e3o dadas a muito vinho, mestras do bem, para que ensinem as mulheres novas a amarem aos seus maridos e filhos\u201d.<br \/><br \/>Por amor, a esposa cuida do seu marido com delicadeza e respeito. Por amor, tamb\u00e9m o estimula de modo distinto, dedicando-lhe todo o seu afeto sincero e leal. Por amor, tudo faz para agrada-lo, auxiliando na constru\u00e7\u00e3o de um lar feliz. Por amor, evidenciado em palavras e atos, a mulher pode cativar seu marido, tornando-se a sua predileta e mais amada das mulheres, desde que o marido n\u00e3o seja um homem desumano e desnaturado. A B\u00edblia diz: \u201cA mulher virtuosa \u00e9 a coroa do seu marido\u201d.<br \/><br \/>O que mais a mulher crist\u00e3 deve fazer para tornar o seu casamento feliz?<\/p>\t\t\t\t\t\t\t\t<\/div>\n\t\t\t\t<\/div>\n\t\t\t\t<div class=\"elementor-element elementor-element-ec99aa3 elementor-widget elementor-widget-heading\" data-id=\"ec99aa3\" data-element_type=\"widget\" data-e-type=\"widget\" data-widget_type=\"heading.default\">\n\t\t\t\t<div class=\"elementor-widget-container\">\n\t\t\t\t\t<h3 class=\"elementor-heading-title elementor-size-default\">2 \u2013 A mulher crist\u00e3 deve respeitar o seu marido (Pv.18:22;19:14)<\/h3>\t\t\t\t<\/div>\n\t\t\t\t<\/div>\n\t\t\t\t<div class=\"elementor-element elementor-element-b36d6ef elementor-drop-cap-yes elementor-drop-cap-view-default elementor-widget elementor-widget-text-editor\" data-id=\"b36d6ef\" data-element_type=\"widget\" data-e-type=\"widget\" data-settings=\"{&quot;drop_cap&quot;:&quot;yes&quot;}\" data-widget_type=\"text-editor.default\">\n\t\t\t\t<div class=\"elementor-widget-container\">\n\t\t\t\t\t\t\t\t\t<p>Falamos anteriormente sobre o respeito que o marido deve \u00e0 sua esposa.<br \/>A esposa crente, que ama a Deus, obedece a Palavra e ama o seu marido, n\u00e3o encontrar\u00e1 dificuldades em atender a esse preceito divino, pois reconhece a sua import\u00e2ncia para o bom relacionamento e para uma vida feliz. Conhecendo esse prop\u00f3sito Salom\u00e3o concluiu que: \u201c\u2026 a mulher prudente vem do Senhor\u201d.<br \/><br \/>O que mais a mulher crist\u00e3 deve fazer para tornar o seu casamento feliz?<\/p>\t\t\t\t\t\t\t\t<\/div>\n\t\t\t\t<\/div>\n\t\t\t\t<div class=\"elementor-element elementor-element-aaf1ac5 elementor-widget elementor-widget-heading\" data-id=\"aaf1ac5\" data-element_type=\"widget\" data-e-type=\"widget\" data-widget_type=\"heading.default\">\n\t\t\t\t<div class=\"elementor-widget-container\">\n\t\t\t\t\t<h3 class=\"elementor-heading-title elementor-size-default\">3 \u2013 A mulher crist\u00e3 deve ser fiel ao seu marido (Mc. 10:6-9)<\/h3>\t\t\t\t<\/div>\n\t\t\t\t<\/div>\n\t\t\t\t<div class=\"elementor-element elementor-element-5ae763c elementor-drop-cap-yes elementor-drop-cap-view-default elementor-widget elementor-widget-text-editor\" data-id=\"5ae763c\" data-element_type=\"widget\" data-e-type=\"widget\" data-settings=\"{&quot;drop_cap&quot;:&quot;yes&quot;}\" data-widget_type=\"text-editor.default\">\n\t\t\t\t<div class=\"elementor-widget-container\">\n\t\t\t\t\t\t\t\t\t<p>Fidelidade significa lealdade e firmeza nas afei\u00e7\u00f5es e sentimentos, por isso o homem deve ser fiel \u00e0 sua esposa ou marido de uma s\u00f3 mulher. De igual modo, a mulher deve ser esposa de um s\u00f3 homem.<br \/><br \/>Ora, um corpo s\u00f3 pode ter uma cabe\u00e7a. Esse preceito \u00e9 ensinado por Jesus e seus ap\u00f3stolos: \u201c\u2026anci\u00e3os, como j\u00e1 te mandei; algu\u00e9m que seja irrepreens\u00edvel, marido de uma s\u00f3 mulher\u2026 (Tito 1:6)\u201d.<br \/><br \/>Precisamos nos conscientizar que o compromisso e a base para um casamento s\u00f3lido e duradouro e que, um dia comprometemo-nos em sermos fieis um ao outro, at\u00e9 que a morte nos separe.<br \/><br \/>Ef. 5:33 \u201cTodavia tamb\u00e9m v\u00f3s, cada um de per si, assim ame a sua pr\u00f3pria mulher como a si mesmo, e a mulher reverencie a seu marido\u201d.<br \/><br \/>O que mais a mulher crist\u00e3 deve fazer para tornar o seu casamento feliz?<\/p>\t\t\t\t\t\t\t\t<\/div>\n\t\t\t\t<\/div>\n\t\t\t\t<div class=\"elementor-element elementor-element-c15c7c8 elementor-widget elementor-widget-heading\" data-id=\"c15c7c8\" data-element_type=\"widget\" data-e-type=\"widget\" data-widget_type=\"heading.default\">\n\t\t\t\t<div class=\"elementor-widget-container\">\n\t\t\t\t\t<h3 class=\"elementor-heading-title elementor-size-default\">4 \u2013 A mulher crist\u00e3 deve cumprir com os deveres conjugais (Hb.13:4)<\/h3>\t\t\t\t<\/div>\n\t\t\t\t<\/div>\n\t\t\t\t<div class=\"elementor-element elementor-element-ce9dcbb elementor-drop-cap-yes elementor-drop-cap-view-default elementor-widget elementor-widget-text-editor\" data-id=\"ce9dcbb\" data-element_type=\"widget\" data-e-type=\"widget\" data-settings=\"{&quot;drop_cap&quot;:&quot;yes&quot;}\" data-widget_type=\"text-editor.default\">\n\t\t\t\t<div class=\"elementor-widget-container\">\n\t\t\t\t\t\t\t\t\t<p>A mulher casa tem para com o seu marido deveres conjugais, pois um dos prop\u00f3sitos do casamento \u00e9 evitar as rela\u00e7\u00f5es sexuais il\u00edcitas, ilegais, e imorais.<br \/><br \/>Nesse sentido, o ensino para a mulher \u00e9 o mesmo para o homem. Os direitos e deveres conjugais, as liberdades do casal, as abstin\u00eancias ou separa\u00e7\u00f5es temporais est\u00e3o preceituados em I Cor. 7:2-5 que diz: \u201cmas, por causa da prostitui\u00e7\u00e3o, tenha cada homem sua pr\u00f3pria mulher e cada mulher seu pr\u00f3prio marido. O marido pague \u00e0 mulher o que lhe \u00e9 devido, e do mesmo modo a mulher ao marido. A mulher n\u00e3o tem autoridade sobre o seu pr\u00f3prio corpo, mas sim o marido; e tamb\u00e9m da mesma sorte o marido n\u00e3o tem autoridade sobre o seu pr\u00f3prio corpo, mas sim a mulher. N\u00e3o vos negueis um ao outro, sen\u00e3o de comum acordo por algum tempo, a fim de vos aplicardes \u00e0 ora\u00e7\u00e3o e depois vos ajuntardes outra vez, para que Satan\u00e1s n\u00e3o vos tente pela vossa incontin\u00eancia\u201d, ambos devem aceitar e colocarem em pr\u00e1tica.<br \/><br \/>A semelhan\u00e7a do consenso que o Senhor Jesus deseja que haja na igreja, o casal tamb\u00e9m \u00e9 chamado a vive-lo em I Cor\u00edntios 1:10 \u201cRogo-vos, irm\u00e3os, em nome de nosso Senhor Jesus Cristo, que sejais concordes no falar, e que n\u00e3o haja dissens\u00f5es entre v\u00f3s; antes sejais unidos no mesmo pensamento e no mesmo parecer\u201d.<br \/><br \/>Uma vez observadas e praticadas, essas e outras recomenda\u00e7\u00f5es b\u00edblicas, muitas batalhas ser\u00e3o vencidas, a harmonia ser\u00e1 restaurada e a alegria voltar\u00e1 a fazer parte da vida a dois.<br \/>Essa pr\u00e1tica manter\u00e1 sobre a fam\u00edlia a b\u00ean\u00e7\u00e3o do Senhor Deus!<\/p>\t\t\t\t\t\t\t\t<\/div>\n\t\t\t\t<\/div>\n\t\t\t\t<div class=\"elementor-element elementor-element-1458df3 elementor-widget elementor-widget-heading\" data-id=\"1458df3\" data-element_type=\"widget\" data-e-type=\"widget\" data-widget_type=\"heading.default\">\n\t\t\t\t<div class=\"elementor-widget-container\">\n\t\t\t\t\t<h3 class=\"elementor-heading-title elementor-size-default\">Conclus\u00e3o<\/h3>\t\t\t\t<\/div>\n\t\t\t\t<\/div>\n\t\t\t\t<div class=\"elementor-element elementor-element-dac300c elementor-widget elementor-widget-text-editor\" data-id=\"dac300c\" data-element_type=\"widget\" data-e-type=\"widget\" data-widget_type=\"text-editor.default\">\n\t\t\t\t<div class=\"elementor-widget-container\">\n\t\t\t\t\t\t\t\t\t<p>O ap\u00f3stolo Paulo, na sua primeira carta aos Cor\u00edntios, no cap. 9:3, ensinou-lhes o seguinte: \u201cMas digo isto: Aquele que semeia pouco, pouco tamb\u00e9m ceifar\u00e1; e aquele que semeia em abund\u00e2ncia, em abund\u00e2ncia tamb\u00e9m ceifar\u00e1\u201d.<br \/><br \/>A mulher crist\u00e3 \u00e9 especial porque tem uma palavra especial, tem um Deus especial e tem um Senhor especial na sua vida que \u00e9 Jesus. Por isso, deve ser especial na vida do seu marido e dos seus filhos e, a melhor maneira de tornar essa felicidade real no seu casamento \u00e9 reconhecendo e colocando em pr\u00e1tica o seu papel de esposa:<br \/><br \/>1 \u2013 Amando o seu marido;<br \/>2 \u2013 Respeitando o seu marido;<br \/>3 \u2013 Sendo fiel ao seu marido;<br \/>4 \u2013 Cumprindo com o marido os deveres conjugais.<br \/><br \/>Que o Todo Poderoso a ajude nesse processo de vida espiritual que transforma o casamento e aben\u00e7oa vidas!<\/p>\t\t\t\t\t\t\t\t<\/div>\n\t\t\t\t<\/div>\n\t\t\t\t<div class=\"elementor-element elementor-element-2124e71 elementor-widget elementor-widget-text-editor\" data-id=\"2124e71\" data-element_type=\"widget\" data-e-type=\"widget\" data-widget_type=\"text-editor.default\">\n\t\t\t\t<div class=\"elementor-widget-container\">\n\t\t\t\t\t\t\t\t\t<p class=\"footer-page\">Pr. Carlos Henrique Carnavalli<\/p>\t\t\t\t\t\t\t\t<\/div>\n\t\t\t\t<\/div>\n\t\t\t\t\t<\/div>\n\t\t\t\t<\/div>\n\t\t\t\t<\/div>\n\t\t","protected":false},"excerpt":{"rendered":"<p>Texto: I Pedro 3:1-7<\/p>\n","protected":false},"author":6,"featured_media":0,"parent":1725,"menu_order":0,"comment_status":"closed","ping_status":"closed","template":"template-fullwidth.php","meta":{"footnotes":""},"class_list":["post-1918","page","type-page","status-publish","hentry"],"jetpack_sharing_enabled":true,"_links":{"self":[{"href":"https:\/\/www.igrejabatistadecorreas.com.br\/2018\/wp-json\/wp\/v2\/pages\/1918","targetHints":{"allow":["GET"]}}],"collection":[{"href":"https:\/\/www.igrejabatistadecorreas.com.br\/2018\/wp-json\/wp\/v2\/pages"}],"about":[{"href":"https:\/\/www.igrejabatistadecorreas.com.br\/2018\/wp-json\/wp\/v2\/types\/page"}],"author":[{"embeddable":true,"href":"https:\/\/www.igrejabatistadecorreas.com.br\/2018\/wp-json\/wp\/v2\/users\/6"}],"replies":[{"embeddable":true,"href":"https:\/\/www.igrejabatistadecorreas.com.br\/2018\/wp-json\/wp\/v2\/comments?post=1918"}],"version-history":[{"count":22,"href":"https:\/\/www.igrejabatistadecorreas.com.br\/2018\/wp-json\/wp\/v2\/pages\/1918\/revisions"}],"predecessor-version":[{"id":5379,"href":"https:\/\/www.igrejabatistadecorreas.com.br\/2018\/wp-json\/wp\/v2\/pages\/1918\/revisions\/5379"}],"up":[{"embeddable":true,"href":"https:\/\/www.igrejabatistadecorreas.com.br\/2018\/wp-json\/wp\/v2\/pages\/1725"}],"wp:attachment":[{"href":"https:\/\/www.igrejabatistadecorreas.com.br\/2018\/wp-json\/wp\/v2\/media?parent=1918"}],"curies":[{"name":"wp","href":"https:\/\/api.w.org\/{rel}","templated":true}]}}