{"id":1915,"date":"2018-12-14T10:29:39","date_gmt":"2018-12-14T12:29:39","guid":{"rendered":"https:\/\/www.igrejabatistadecorreas.com.br\/2018\/?page_id=1915"},"modified":"2023-10-30T10:28:12","modified_gmt":"2023-10-30T13:28:12","slug":"quatro-passos-para-a-vitoria-da-familia","status":"publish","type":"page","link":"https:\/\/www.igrejabatistadecorreas.com.br\/2018\/sermoes\/quatro-passos-para-a-vitoria-da-familia\/","title":{"rendered":"Quatro passos para \u00e0 vit\u00f3ria da fam\u00edlia"},"content":{"rendered":"\t\t<div data-elementor-type=\"wp-page\" data-elementor-id=\"1915\" class=\"elementor elementor-1915\">\n\t\t\t\t<div class=\"elementor-element elementor-element-323fba9 e-flex e-con-boxed e-con e-parent\" data-id=\"323fba9\" data-element_type=\"container\" data-e-type=\"container\">\n\t\t\t\t\t<div class=\"e-con-inner\">\n\t\t\t\t<div class=\"elementor-element elementor-element-a4a37f9 elementor-widget elementor-widget-heading\" data-id=\"a4a37f9\" data-element_type=\"widget\" data-e-type=\"widget\" id=\"sermao\" data-widget_type=\"heading.default\">\n\t\t\t\t<div class=\"elementor-widget-container\">\n\t\t\t\t\t<h1 class=\"elementor-heading-title elementor-size-default\"><a href=\"https:\/\/www.igrejabatistadecorreas.com.br\/2018\/sermoes\/quatro-passos-para-a-vitoria-da-familia\/#sermao\">4 Passos para a vit\u00f3ria da fam\u00edlia<\/a><\/h1>\t\t\t\t<\/div>\n\t\t\t\t<\/div>\n\t\t\t\t<div class=\"elementor-element elementor-element-274bc2a elementor-widget elementor-widget-text-editor\" data-id=\"274bc2a\" data-element_type=\"widget\" data-e-type=\"widget\" data-widget_type=\"text-editor.default\">\n\t\t\t\t<div class=\"elementor-widget-container\">\n\t\t\t\t\t\t\t\t\t<strong>Texto base:<\/strong> II Cor\u00edntios 10:3-4\n<br>\n<strong>O texto diz:<\/strong>\u00a0Pois, embora vivamos como homens, n\u00e3o lutamos segundo os padr\u00f5es humanos.\n\nAs armas com as quais lutamos n\u00e3o s\u00e3o humanas; pelo contr\u00e1rio, s\u00e3o poderosas em Deus para destruir fortalezas.\n\n<hr \/>\t\t\t\t\t\t\t\t<\/div>\n\t\t\t\t<\/div>\n\t\t\t\t<div class=\"elementor-element elementor-element-94faa64 elementor-widget elementor-widget-heading\" data-id=\"94faa64\" data-element_type=\"widget\" data-e-type=\"widget\" data-widget_type=\"heading.default\">\n\t\t\t\t<div class=\"elementor-widget-container\">\n\t\t\t\t\t<h3 class=\"elementor-heading-title elementor-size-default\">Introdu\u00e7\u00e3o<\/h3>\t\t\t\t<\/div>\n\t\t\t\t<\/div>\n\t\t\t\t<div class=\"elementor-element elementor-element-c375bee elementor-widget elementor-widget-text-editor\" data-id=\"c375bee\" data-element_type=\"widget\" data-e-type=\"widget\" data-widget_type=\"text-editor.default\">\n\t\t\t\t<div class=\"elementor-widget-container\">\n\t\t\t\t\t\t\t\t\t<p>\u201cPorque, embora andando na carne, n\u00e3o militamos segundo a carne, pois as armas da nossa mil\u00edcia n\u00e3o s\u00e3o carnais, mas poderosas em Deus, para demoli\u00e7\u00e3o de fortalezas;\u201d<br \/><br \/>Deus instituiu o casamento entre duas pessoas heterossexuais, maduras, respons\u00e1veis e inteligentes, para gerar resultados aben\u00e7oadores na terra e no c\u00e9u.<br \/><br \/>Deus institui a fam\u00edlia e deu a ela, atrav\u00e9s de Abra\u00e3o, toda a chance de ser feliz conforme Gn. 12:3 e a ratificou em At. 3:5.<br \/><br \/>Uma enorme batalha espiritual est\u00e1 sendo travada contra os lares que n\u00e3o querem abrir m\u00e3o das b\u00ean\u00e7\u00e3os do Senhor e tudo fazem para agrada-lo e servi-lo.<br \/><br \/>Na carta de Paulo aos Corintios, encontramos que a vit\u00f3ria sobre estas batalhas, s\u00e3o poss\u00edveis mediante as provis\u00f5es e as provid\u00eancias divinas e n\u00e3o pela carne, porque as armas da nossa mil\u00edcia n\u00e3o s\u00e3o carnais, mas sim, poderosas em Deus, para destrui\u00e7\u00e3o das fortalezas.<br \/><br \/>O que a fam\u00edlia deve fazer para alcan\u00e7ar a verdadeira felicidade?<\/p>\t\t\t\t\t\t\t\t<\/div>\n\t\t\t\t<\/div>\n\t\t\t\t<div class=\"elementor-element elementor-element-712c861 elementor-widget elementor-widget-heading\" data-id=\"712c861\" data-element_type=\"widget\" data-e-type=\"widget\" data-widget_type=\"heading.default\">\n\t\t\t\t<div class=\"elementor-widget-container\">\n\t\t\t\t\t<h3 class=\"elementor-heading-title elementor-size-default\">I- Ter avers\u00e3o ao diabo e \u00e0s suas obras<\/h3>\t\t\t\t<\/div>\n\t\t\t\t<\/div>\n\t\t\t\t<div class=\"elementor-element elementor-element-52ccbb7 elementor-drop-cap-yes elementor-drop-cap-view-default elementor-widget elementor-widget-text-editor\" data-id=\"52ccbb7\" data-element_type=\"widget\" data-e-type=\"widget\" data-settings=\"{&quot;drop_cap&quot;:&quot;yes&quot;}\" data-widget_type=\"text-editor.default\">\n\t\t\t\t<div class=\"elementor-widget-container\">\n\t\t\t\t\t\t\t\t\t<p>Alguns crist\u00e3os encaram a vida de maneira t\u00e3o passiva e ins\u00edpida, que nunca tem sentimentos fortes a cerca de nada. Por\u00e9m, qualquer crente que ama firmemente o Senhor Jesus cristo tem muitas raz\u00f5es para odiar o diabo.<br \/><br \/>As Escrituras Sagradas ensinam que devemos amar os nossos inimigos, isto \u00e9, todos, menos um \u2013 o diabo. E, quando estamos suficientemente irados contra ele, partimos para a ofensiva, reconhecendo-o como maior inimigo de nossas almas.<br \/><br \/>O que a fam\u00edlia deve fazer para alcan\u00e7ar a verdadeira felicidade?<\/p>\t\t\t\t\t\t\t\t<\/div>\n\t\t\t\t<\/div>\n\t\t\t\t<div class=\"elementor-element elementor-element-cd36c62 elementor-widget elementor-widget-heading\" data-id=\"cd36c62\" data-element_type=\"widget\" data-e-type=\"widget\" data-widget_type=\"heading.default\">\n\t\t\t\t<div class=\"elementor-widget-container\">\n\t\t\t\t\t<h3 class=\"elementor-heading-title elementor-size-default\">II- Orar a Deus por liberta\u00e7\u00e3o<\/h3>\t\t\t\t<\/div>\n\t\t\t\t<\/div>\n\t\t\t\t<div class=\"elementor-element elementor-element-5fc8174 elementor-drop-cap-yes elementor-drop-cap-view-default elementor-widget elementor-widget-text-editor\" data-id=\"5fc8174\" data-element_type=\"widget\" data-e-type=\"widget\" data-settings=\"{&quot;drop_cap&quot;:&quot;yes&quot;}\" data-widget_type=\"text-editor.default\">\n\t\t\t\t<div class=\"elementor-widget-container\">\n\t\t\t\t\t\t\t\t\t<p>Precisamos buscar for\u00e7a divina para expulsar os dem\u00f4nios com a mesma confian\u00e7a com que oramos em favor da sa\u00fade. O mesmo inimigo que causa enfermidades \u00e9 respons\u00e1vel por outros tipos de tormentos demon\u00edacos.<br \/><br \/>A autoridade do nome de Jesus pode ser usada tanto para curar as doen\u00e7as como para expelir os dem\u00f4nios e suas a\u00e7\u00f5es perturbadoras.<br \/><br \/>A maneira como Deus tem cumprido Sua Palavra tem deixado muitos crist\u00e3os maravilhados, pois eles t\u00eam confirmado sua f\u00e9. Saiba que o Senhor \u00e9 fiel e vela por sua Palavra para cumpri-la.<br \/><br \/>O que a fam\u00edlia deve fazer para alcan\u00e7ar a verdadeira felicidade?<\/p>\t\t\t\t\t\t\t\t<\/div>\n\t\t\t\t<\/div>\n\t\t\t\t<div class=\"elementor-element elementor-element-d6f13b2 elementor-widget elementor-widget-heading\" data-id=\"d6f13b2\" data-element_type=\"widget\" data-e-type=\"widget\" data-widget_type=\"heading.default\">\n\t\t\t\t<div class=\"elementor-widget-container\">\n\t\t\t\t\t<h3 class=\"elementor-heading-title elementor-size-default\">III\u2013 Estar pronta a perdoar<\/h3>\t\t\t\t<\/div>\n\t\t\t\t<\/div>\n\t\t\t\t<div class=\"elementor-element elementor-element-a0fa9b4 elementor-drop-cap-yes elementor-drop-cap-view-default elementor-widget elementor-widget-text-editor\" data-id=\"a0fa9b4\" data-element_type=\"widget\" data-e-type=\"widget\" data-settings=\"{&quot;drop_cap&quot;:&quot;yes&quot;}\" data-widget_type=\"text-editor.default\">\n\t\t\t\t<div class=\"elementor-widget-container\">\n\t\t\t\t\t\t\t\t\t<p>Uma das passagens mais importantes nas Escrituras \u00e9 a que preceitua: \u201cIrai-vos e n\u00e3o pequeis; n\u00e3o se ponha o sol sobre a vossa ira. N\u00e3o deis lugar ao diabo\u201d Ef.4:26-27. Esse vers\u00edculo \u00e9 muito claro e nos faz crer que quando n\u00e3o perdoamos nossos semelhantes estamos convidando as for\u00e7as diab\u00f3licas a penetrar na \u00e1rea de nossas rela\u00e7\u00f5es at\u00e9 ser um membro de nossa fam\u00edlia.<br \/><br \/>Cada vez que recusamos perdoar, estamos dando a satan\u00e1s a chance de alcan\u00e7ar vit\u00f3rias contra n\u00f3s. Jesus condicionou o perd\u00e3o divino \u00e0 maneira como perdoamos aos nossos devedores. Mt.6:12-15.<\/p>\t\t\t\t\t\t\t\t<\/div>\n\t\t\t\t<\/div>\n\t\t\t\t<div class=\"elementor-element elementor-element-e89f69e elementor-widget elementor-widget-heading\" data-id=\"e89f69e\" data-element_type=\"widget\" data-e-type=\"widget\" data-widget_type=\"heading.default\">\n\t\t\t\t<div class=\"elementor-widget-container\">\n\t\t\t\t\t<h3 class=\"elementor-heading-title elementor-size-default\">IV\u2013 Louvar a Deus continuamente<\/h3>\t\t\t\t<\/div>\n\t\t\t\t<\/div>\n\t\t\t\t<div class=\"elementor-element elementor-element-32e085d elementor-drop-cap-yes elementor-drop-cap-view-default elementor-widget elementor-widget-text-editor\" data-id=\"32e085d\" data-element_type=\"widget\" data-e-type=\"widget\" data-settings=\"{&quot;drop_cap&quot;:&quot;yes&quot;}\" data-widget_type=\"text-editor.default\">\n\t\t\t\t<div class=\"elementor-widget-container\">\n\t\t\t\t\t\t\t\t\t<p>A salva\u00e7\u00e3o \u00e9 motivo de gozo e alegria. Esses sentimentos se manifestam no louvor que tributamos a Deus com a alma agradecida: I Tes. 5:18.<br \/><br \/>O louvor e adora\u00e7\u00e3o n\u00e3o devem depender do que sentimos ou das circunst\u00e2ncias em que nos encontramos, pois dizem respeito \u00e0s nossas dividas a Deus em todo tempo.<br \/><br \/>Geralmente \u00e9 f\u00e1cil louvar a Deus quando tudo corre bem, mas \u00e0s vezes falhamos nos tempos e nas circunst\u00e2ncias dif\u00edceis. A ordem \u00e9: \u201cEm tudo da\u00ed gra\u00e7as\u201d.<br \/><br \/>Lamentar, mal dizer, praguejar \u00e9 render-se diante das hostes sat\u00e2nicas; \u00e9 entristecer o Esp\u00edrito Santo. \u00c9 entregar-se ao maligno.<\/p>\t\t\t\t\t\t\t\t<\/div>\n\t\t\t\t<\/div>\n\t\t\t\t<div class=\"elementor-element elementor-element-6b2d568 elementor-widget elementor-widget-heading\" data-id=\"6b2d568\" data-element_type=\"widget\" data-e-type=\"widget\" data-widget_type=\"heading.default\">\n\t\t\t\t<div class=\"elementor-widget-container\">\n\t\t\t\t\t<h3 class=\"elementor-heading-title elementor-size-default\">Conclus\u00e3o<\/h3>\t\t\t\t<\/div>\n\t\t\t\t<\/div>\n\t\t\t\t<div class=\"elementor-element elementor-element-74ee0d7 elementor-widget elementor-widget-text-editor\" data-id=\"74ee0d7\" data-element_type=\"widget\" data-e-type=\"widget\" data-widget_type=\"text-editor.default\">\n\t\t\t\t<div class=\"elementor-widget-container\">\n\t\t\t\t\t\t\t\t\t<p>Na B\u00edblia n\u00e3o h\u00e1 promessa de que o crist\u00e3o e a sua fam\u00edlia ser\u00e3o poupados da guerra espiritual. A promessa \u00e9 que pela gra\u00e7a de nosso Senhor Jesus Cristo podemos ser vitoriosos nessa guerra.<br \/><br \/>Arme-se! Enfrente! E Ven\u00e7a!<\/p>\t\t\t\t\t\t\t\t<\/div>\n\t\t\t\t<\/div>\n\t\t\t\t<div class=\"elementor-element elementor-element-5592403 elementor-widget elementor-widget-text-editor\" data-id=\"5592403\" data-element_type=\"widget\" data-e-type=\"widget\" data-widget_type=\"text-editor.default\">\n\t\t\t\t<div class=\"elementor-widget-container\">\n\t\t\t\t\t\t\t\t\t<p class=\"footer-page\">Pr. Carlos Henrique Carnavalli<\/p>\t\t\t\t\t\t\t\t<\/div>\n\t\t\t\t<\/div>\n\t\t\t\t\t<\/div>\n\t\t\t\t<\/div>\n\t\t\t\t<\/div>\n\t\t","protected":false},"excerpt":{"rendered":"<p>Texto: II Cor. 10:3-4<\/p>\n","protected":false},"author":6,"featured_media":0,"parent":1725,"menu_order":0,"comment_status":"closed","ping_status":"closed","template":"template-fullwidth.php","meta":{"footnotes":""},"class_list":["post-1915","page","type-page","status-publish","hentry"],"jetpack_sharing_enabled":true,"_links":{"self":[{"href":"https:\/\/www.igrejabatistadecorreas.com.br\/2018\/wp-json\/wp\/v2\/pages\/1915","targetHints":{"allow":["GET"]}}],"collection":[{"href":"https:\/\/www.igrejabatistadecorreas.com.br\/2018\/wp-json\/wp\/v2\/pages"}],"about":[{"href":"https:\/\/www.igrejabatistadecorreas.com.br\/2018\/wp-json\/wp\/v2\/types\/page"}],"author":[{"embeddable":true,"href":"https:\/\/www.igrejabatistadecorreas.com.br\/2018\/wp-json\/wp\/v2\/users\/6"}],"replies":[{"embeddable":true,"href":"https:\/\/www.igrejabatistadecorreas.com.br\/2018\/wp-json\/wp\/v2\/comments?post=1915"}],"version-history":[{"count":25,"href":"https:\/\/www.igrejabatistadecorreas.com.br\/2018\/wp-json\/wp\/v2\/pages\/1915\/revisions"}],"predecessor-version":[{"id":5348,"href":"https:\/\/www.igrejabatistadecorreas.com.br\/2018\/wp-json\/wp\/v2\/pages\/1915\/revisions\/5348"}],"up":[{"embeddable":true,"href":"https:\/\/www.igrejabatistadecorreas.com.br\/2018\/wp-json\/wp\/v2\/pages\/1725"}],"wp:attachment":[{"href":"https:\/\/www.igrejabatistadecorreas.com.br\/2018\/wp-json\/wp\/v2\/media?parent=1915"}],"curies":[{"name":"wp","href":"https:\/\/api.w.org\/{rel}","templated":true}]}}