{"id":1911,"date":"2018-12-14T10:24:34","date_gmt":"2018-12-14T12:24:34","guid":{"rendered":"https:\/\/www.igrejabatistadecorreas.com.br\/2018\/?page_id=1911"},"modified":"2023-10-30T10:26:57","modified_gmt":"2023-10-30T13:26:57","slug":"resultados-da-decisao-por-cristo","status":"publish","type":"page","link":"https:\/\/www.igrejabatistadecorreas.com.br\/2018\/sermoes\/resultados-da-decisao-por-cristo\/","title":{"rendered":"Resultados da decis\u00e3o por Cristo"},"content":{"rendered":"\t\t<div data-elementor-type=\"wp-page\" data-elementor-id=\"1911\" class=\"elementor elementor-1911\">\n\t\t\t\t<div class=\"elementor-element elementor-element-6521638 e-flex e-con-boxed e-con e-parent\" data-id=\"6521638\" data-element_type=\"container\" data-e-type=\"container\">\n\t\t\t\t\t<div class=\"e-con-inner\">\n\t\t\t\t<div class=\"elementor-element elementor-element-c53351d elementor-widget elementor-widget-heading\" data-id=\"c53351d\" data-element_type=\"widget\" data-e-type=\"widget\" id=\"sermao\" data-widget_type=\"heading.default\">\n\t\t\t\t<div class=\"elementor-widget-container\">\n\t\t\t\t\t<h1 class=\"elementor-heading-title elementor-size-default\"><a href=\"https:\/\/www.igrejabatistadecorreas.com.br\/2018\/sermoes\/resultados-da-decisao-por-cristo\/#sermao\">Resultados da decis\u00e3o por Cristo<\/a><\/h1>\t\t\t\t<\/div>\n\t\t\t\t<\/div>\n\t\t\t\t<div class=\"elementor-element elementor-element-7f47341 elementor-widget elementor-widget-text-editor\" data-id=\"7f47341\" data-element_type=\"widget\" data-e-type=\"widget\" data-widget_type=\"text-editor.default\">\n\t\t\t\t<div class=\"elementor-widget-container\">\n\t\t\t\t\t\t\t\t\t<strong>Texto base:<\/strong> Ef\u00e9sios 1:3\n<br>\n<strong>O texto<\/strong> <strong>diz: &#8220;<\/strong>Bendito o Deus e Pai de nosso Senhor Jesus Cristo, o qual nos aben\u00e7oou com todas as b\u00ean\u00e7\u00e3os espirituais nos lugares celestiais em Cristo&#8221;\n<hr \/>\t\t\t\t\t\t\t\t<\/div>\n\t\t\t\t<\/div>\n\t\t\t\t<div class=\"elementor-element elementor-element-9a1d8ad elementor-widget elementor-widget-heading\" data-id=\"9a1d8ad\" data-element_type=\"widget\" data-e-type=\"widget\" data-widget_type=\"heading.default\">\n\t\t\t\t<div class=\"elementor-widget-container\">\n\t\t\t\t\t<h3 class=\"elementor-heading-title elementor-size-default\">Duas coisas<\/h3>\t\t\t\t<\/div>\n\t\t\t\t<\/div>\n\t\t\t\t<div class=\"elementor-element elementor-element-02afd29 elementor-widget elementor-widget-text-editor\" data-id=\"02afd29\" data-element_type=\"widget\" data-e-type=\"widget\" data-widget_type=\"text-editor.default\">\n\t\t\t\t<div class=\"elementor-widget-container\">\n\t\t\t\t\t\t\t\t\t<p>1. Voc\u00ea precisa receber o perd\u00e3o de Deus;<br \/>2. Voc\u00ea precisa, por conseguinte, ser feliz de verdade!<br \/><br \/>O que acontece com \u00e0 pessoa quando aceita Jesus como seu salvador?<br \/><br \/>Recebe b\u00ean\u00e7\u00e3os espirituais!<br \/>1\u00aa B\u00ean\u00e7\u00e3o \u2013 O Esp\u00edrito Santo em sua vida;<br \/>2\u00aa B\u00ean\u00e7\u00e3o \u2013 O perd\u00e3o de Deus para os seus pecados;<br \/>3\u00aa B\u00ean\u00e7\u00e3o \u2013 A reden\u00e7\u00e3o de sua vida por Cristo;<br \/>4\u00aa B\u00ean\u00e7\u00e3o \u2013 A paz de Deus para o seu dia-a-dia;<br \/>5\u00aa B\u00ean\u00e7\u00e3o \u2013 A esperan\u00e7a de vida eterna.<\/p>\t\t\t\t\t\t\t\t<\/div>\n\t\t\t\t<\/div>\n\t\t\t\t<div class=\"elementor-element elementor-element-97712f3 elementor-widget elementor-widget-heading\" data-id=\"97712f3\" data-element_type=\"widget\" data-e-type=\"widget\" data-widget_type=\"heading.default\">\n\t\t\t\t<div class=\"elementor-widget-container\">\n\t\t\t\t\t<h3 class=\"elementor-heading-title elementor-size-default\">Conclus\u00e3o<\/h3>\t\t\t\t<\/div>\n\t\t\t\t<\/div>\n\t\t\t\t<div class=\"elementor-element elementor-element-0b0f6fd elementor-widget elementor-widget-text-editor\" data-id=\"0b0f6fd\" data-element_type=\"widget\" data-e-type=\"widget\" data-widget_type=\"text-editor.default\">\n\t\t\t\t<div class=\"elementor-widget-container\">\n\t\t\t\t\t\t\t\t\t<p>Voc\u00ea tamb\u00e9m pode receber \u00e0s b\u00ean\u00e7\u00e3os espirituais!<br \/>Basta abrir-se para a demonstra\u00e7\u00e3o do amor de Deus!<br \/><br \/>Jo\u00e3o 1:12: Mas, a todos quantos o receberam, aos que cr\u00eaem no seu nome, deu-lhes o poder de se tornarem filhos de Deus.<\/p>\t\t\t\t\t\t\t\t<\/div>\n\t\t\t\t<\/div>\n\t\t\t\t<div class=\"elementor-element elementor-element-d45803d elementor-widget elementor-widget-text-editor\" data-id=\"d45803d\" data-element_type=\"widget\" data-e-type=\"widget\" data-widget_type=\"text-editor.default\">\n\t\t\t\t<div class=\"elementor-widget-container\">\n\t\t\t\t\t\t\t\t\t<p class=\"footer-page\">Pr. Carlos Henrique Carnavalli<\/p>\t\t\t\t\t\t\t\t<\/div>\n\t\t\t\t<\/div>\n\t\t\t\t\t<\/div>\n\t\t\t\t<\/div>\n\t\t\t\t<\/div>\n\t\t","protected":false},"excerpt":{"rendered":"<p>Ef\u00e9sios 1:3 \u2013 RC<\/p>\n","protected":false},"author":6,"featured_media":0,"parent":1725,"menu_order":0,"comment_status":"closed","ping_status":"closed","template":"template-fullwidth.php","meta":{"footnotes":""},"class_list":["post-1911","page","type-page","status-publish","hentry"],"jetpack_sharing_enabled":true,"_links":{"self":[{"href":"https:\/\/www.igrejabatistadecorreas.com.br\/2018\/wp-json\/wp\/v2\/pages\/1911","targetHints":{"allow":["GET"]}}],"collection":[{"href":"https:\/\/www.igrejabatistadecorreas.com.br\/2018\/wp-json\/wp\/v2\/pages"}],"about":[{"href":"https:\/\/www.igrejabatistadecorreas.com.br\/2018\/wp-json\/wp\/v2\/types\/page"}],"author":[{"embeddable":true,"href":"https:\/\/www.igrejabatistadecorreas.com.br\/2018\/wp-json\/wp\/v2\/users\/6"}],"replies":[{"embeddable":true,"href":"https:\/\/www.igrejabatistadecorreas.com.br\/2018\/wp-json\/wp\/v2\/comments?post=1911"}],"version-history":[{"count":19,"href":"https:\/\/www.igrejabatistadecorreas.com.br\/2018\/wp-json\/wp\/v2\/pages\/1911\/revisions"}],"predecessor-version":[{"id":5345,"href":"https:\/\/www.igrejabatistadecorreas.com.br\/2018\/wp-json\/wp\/v2\/pages\/1911\/revisions\/5345"}],"up":[{"embeddable":true,"href":"https:\/\/www.igrejabatistadecorreas.com.br\/2018\/wp-json\/wp\/v2\/pages\/1725"}],"wp:attachment":[{"href":"https:\/\/www.igrejabatistadecorreas.com.br\/2018\/wp-json\/wp\/v2\/media?parent=1911"}],"curies":[{"name":"wp","href":"https:\/\/api.w.org\/{rel}","templated":true}]}}