{"id":1865,"date":"2018-12-13T11:37:12","date_gmt":"2018-12-13T13:37:12","guid":{"rendered":"https:\/\/www.igrejabatistadecorreas.com.br\/2018\/?page_id=1865"},"modified":"2024-10-11T09:43:01","modified_gmt":"2024-10-11T12:43:01","slug":"pastor-carlos-carnavalli","status":"publish","type":"page","link":"https:\/\/www.igrejabatistadecorreas.com.br\/2018\/pastor-carlos-carnavalli\/","title":{"rendered":"Pastor Carlos Carnavalli"},"content":{"rendered":"\t\t<div data-elementor-type=\"wp-page\" data-elementor-id=\"1865\" class=\"elementor elementor-1865\">\n\t\t\t\t<div class=\"elementor-element elementor-element-50214a7a e-flex e-con-boxed e-con e-parent\" data-id=\"50214a7a\" data-element_type=\"container\" data-e-type=\"container\">\n\t\t\t\t\t<div class=\"e-con-inner\">\n\t\t<div class=\"elementor-element elementor-element-7708d11 e-flex e-con-boxed e-con e-child\" data-id=\"7708d11\" data-element_type=\"container\" data-e-type=\"container\">\n\t\t\t\t\t<div class=\"e-con-inner\">\n\t\t\t\t<div class=\"elementor-element elementor-element-3e07b37 elementor-widget elementor-widget-heading\" data-id=\"3e07b37\" data-element_type=\"widget\" data-e-type=\"widget\" data-widget_type=\"heading.default\">\n\t\t\t\t<div class=\"elementor-widget-container\">\n\t\t\t\t\t<h1 class=\"elementor-heading-title elementor-size-default\">Pr. Carlos Carnavalli<\/h1>\t\t\t\t<\/div>\n\t\t\t\t<\/div>\n\t\t\t\t<div class=\"elementor-element elementor-element-ddb2778 elementor-widget elementor-widget-html\" data-id=\"ddb2778\" data-element_type=\"widget\" data-e-type=\"widget\" data-widget_type=\"html.default\">\n\t\t\t\t<div class=\"elementor-widget-container\">\n\t\t\t\t\t<hr>\t\t\t\t<\/div>\n\t\t\t\t<\/div>\n\t\t\t\t<div class=\"elementor-element elementor-element-a13d344 elementor-widget__width-inherit elementor-widget-tablet__width-inherit elementor-hidden-tablet elementor-hidden-mobile elementor-widget elementor-widget-image-gallery\" data-id=\"a13d344\" data-element_type=\"widget\" data-e-type=\"widget\" data-widget_type=\"image-gallery.default\">\n\t\t\t\t<div class=\"elementor-widget-container\">\n\t\t\t\t\t\t\t<div class=\"elementor-image-gallery\">\n\t\t\t<div class=\"tiled-gallery type-rectangular tiled-gallery-unresized\" data-original-width=\"800\" data-carousel-extra='null' itemscope itemtype=\"http:\/\/schema.org\/ImageGallery\" > <div class=\"gallery-row\" style=\"width: 800px; height: 612px;\" data-original-width=\"800\" data-original-height=\"612\" > <div class=\"gallery-group images-3\" style=\"width: 293px; height: 612px;\" data-original-width=\"293\" data-original-height=\"612\" > <div class=\"tiled-gallery-item tiled-gallery-item-large\" itemprop=\"associatedMedia\" itemscope itemtype=\"http:\/\/schema.org\/ImageObject\"> <a href=\"https:\/\/i0.wp.com\/www.igrejabatistadecorreas.com.br\/2018\/wp-content\/uploads\/2024\/09\/Pr_CC.jpg?ssl=1\" border=\"0\" itemprop=\"url\"> <meta itemprop=\"width\" content=\"289\"> <meta itemprop=\"height\" content=\"216\"> <img loading=\"lazy\" decoding=\"async\" class=\"\" data-attachment-id=\"5922\" data-orig-file=\"https:\/\/www.igrejabatistadecorreas.com.br\/2018\/wp-content\/uploads\/2024\/09\/Pr_CC.jpg\" data-orig-size=\"960,720\" data-comments-opened=\"1\" data-image-meta=\"{&quot;aperture&quot;:&quot;0&quot;,&quot;credit&quot;:&quot;&quot;,&quot;camera&quot;:&quot;&quot;,&quot;caption&quot;:&quot;&quot;,&quot;created_timestamp&quot;:&quot;0&quot;,&quot;copyright&quot;:&quot;&quot;,&quot;focal_length&quot;:&quot;0&quot;,&quot;iso&quot;:&quot;0&quot;,&quot;shutter_speed&quot;:&quot;0&quot;,&quot;title&quot;:&quot;&quot;,&quot;orientation&quot;:&quot;0&quot;}\" data-image-title=\"Pr_CC\" data-image-description=\"\" data-medium-file=\"https:\/\/i0.wp.com\/www.igrejabatistadecorreas.com.br\/2018\/wp-content\/uploads\/2024\/09\/Pr_CC.jpg?fit=300%2C225&#038;ssl=1\" data-large-file=\"https:\/\/i0.wp.com\/www.igrejabatistadecorreas.com.br\/2018\/wp-content\/uploads\/2024\/09\/Pr_CC.jpg?fit=800%2C600&#038;ssl=1\" src=\"https:\/\/i0.wp.com\/www.igrejabatistadecorreas.com.br\/2018\/wp-content\/uploads\/2024\/09\/Pr_CC.jpg?w=289&#038;h=216&#038;ssl=1\" srcset=\"https:\/\/i0.wp.com\/www.igrejabatistadecorreas.com.br\/2018\/wp-content\/uploads\/2024\/09\/Pr_CC.jpg?w=960&amp;ssl=1 960w, https:\/\/i0.wp.com\/www.igrejabatistadecorreas.com.br\/2018\/wp-content\/uploads\/2024\/09\/Pr_CC.jpg?resize=300%2C225&amp;ssl=1 300w, https:\/\/i0.wp.com\/www.igrejabatistadecorreas.com.br\/2018\/wp-content\/uploads\/2024\/09\/Pr_CC.jpg?resize=768%2C576&amp;ssl=1 768w\" width=\"289\" height=\"216\" loading=\"lazy\" data-original-width=\"289\" data-original-height=\"216\" itemprop=\"http:\/\/schema.org\/image\" title=\"Pr_CC\" alt=\"Pr_CC\" style=\"width: 289px; height: 216px;\" \/> <\/a> <\/div> <div class=\"tiled-gallery-item tiled-gallery-item-large\" itemprop=\"associatedMedia\" itemscope itemtype=\"http:\/\/schema.org\/ImageObject\"> <a href=\"https:\/\/i0.wp.com\/www.igrejabatistadecorreas.com.br\/2018\/wp-content\/uploads\/2021\/10\/DSC00349-scaled.jpg?ssl=1\" border=\"0\" itemprop=\"url\"> <meta itemprop=\"width\" content=\"289\"> <meta itemprop=\"height\" content=\"192\"> <img loading=\"lazy\" decoding=\"async\" class=\"\" data-attachment-id=\"3035\" data-orig-file=\"https:\/\/www.igrejabatistadecorreas.com.br\/2018\/wp-content\/uploads\/2021\/10\/DSC00349-scaled.jpg\" data-orig-size=\"2560,1699\" data-comments-opened=\"1\" data-image-meta=\"{&quot;aperture&quot;:&quot;4&quot;,&quot;credit&quot;:&quot;&quot;,&quot;camera&quot;:&quot;NEX-F3&quot;,&quot;caption&quot;:&quot;&quot;,&quot;created_timestamp&quot;:&quot;1596395435&quot;,&quot;copyright&quot;:&quot;&quot;,&quot;focal_length&quot;:&quot;19&quot;,&quot;iso&quot;:&quot;1600&quot;,&quot;shutter_speed&quot;:&quot;0.00625&quot;,&quot;title&quot;:&quot;&quot;,&quot;orientation&quot;:&quot;1&quot;}\" data-image-title=\"Culto de Reabertura\" data-image-description=\"\" data-medium-file=\"https:\/\/i0.wp.com\/www.igrejabatistadecorreas.com.br\/2018\/wp-content\/uploads\/2021\/10\/DSC00349-scaled.jpg?fit=300%2C199&#038;ssl=1\" data-large-file=\"https:\/\/i0.wp.com\/www.igrejabatistadecorreas.com.br\/2018\/wp-content\/uploads\/2021\/10\/DSC00349-scaled.jpg?fit=800%2C531&#038;ssl=1\" src=\"https:\/\/i0.wp.com\/www.igrejabatistadecorreas.com.br\/2018\/wp-content\/uploads\/2021\/10\/DSC00349-scaled.jpg?w=289&#038;h=192&#038;ssl=1\" srcset=\"https:\/\/i0.wp.com\/www.igrejabatistadecorreas.com.br\/2018\/wp-content\/uploads\/2021\/10\/DSC00349-scaled.jpg?w=2560&amp;ssl=1 2560w, https:\/\/i0.wp.com\/www.igrejabatistadecorreas.com.br\/2018\/wp-content\/uploads\/2021\/10\/DSC00349-scaled.jpg?resize=300%2C199&amp;ssl=1 300w, https:\/\/i0.wp.com\/www.igrejabatistadecorreas.com.br\/2018\/wp-content\/uploads\/2021\/10\/DSC00349-scaled.jpg?resize=1024%2C680&amp;ssl=1 1024w, https:\/\/i0.wp.com\/www.igrejabatistadecorreas.com.br\/2018\/wp-content\/uploads\/2021\/10\/DSC00349-scaled.jpg?resize=768%2C510&amp;ssl=1 768w, https:\/\/i0.wp.com\/www.igrejabatistadecorreas.com.br\/2018\/wp-content\/uploads\/2021\/10\/DSC00349-scaled.jpg?resize=391%2C260&amp;ssl=1 391w, https:\/\/i0.wp.com\/www.igrejabatistadecorreas.com.br\/2018\/wp-content\/uploads\/2021\/10\/DSC00349-scaled.jpg?resize=1536%2C1019&amp;ssl=1 1536w, https:\/\/i0.wp.com\/www.igrejabatistadecorreas.com.br\/2018\/wp-content\/uploads\/2021\/10\/DSC00349-scaled.jpg?resize=2048%2C1359&amp;ssl=1 2048w, https:\/\/i0.wp.com\/www.igrejabatistadecorreas.com.br\/2018\/wp-content\/uploads\/2021\/10\/DSC00349-scaled.jpg?w=1600&amp;ssl=1 1600w, https:\/\/i0.wp.com\/www.igrejabatistadecorreas.com.br\/2018\/wp-content\/uploads\/2021\/10\/DSC00349-scaled.jpg?w=2400&amp;ssl=1 2400w\" width=\"289\" height=\"192\" loading=\"lazy\" data-original-width=\"289\" data-original-height=\"192\" itemprop=\"http:\/\/schema.org\/image\" title=\"Culto de Reabertura\" alt=\"Culto de Reabertura - Pr. Carlos Carnavalli\" style=\"width: 289px; height: 192px;\" \/> <\/a> <div class=\"tiled-gallery-caption\" itemprop=\"caption description\"> Culto de Reabertura &#8211; Pr. Carlos Carnavalli <\/div> <\/div> <div class=\"tiled-gallery-item tiled-gallery-item-large\" itemprop=\"associatedMedia\" itemscope itemtype=\"http:\/\/schema.org\/ImageObject\"> <a href=\"https:\/\/i0.wp.com\/www.igrejabatistadecorreas.com.br\/2018\/wp-content\/uploads\/2021\/10\/DSC00350-scaled.jpg?ssl=1\" border=\"0\" itemprop=\"url\"> <meta itemprop=\"width\" content=\"289\"> <meta itemprop=\"height\" content=\"192\"> <img loading=\"lazy\" decoding=\"async\" class=\"\" data-attachment-id=\"3036\" data-orig-file=\"https:\/\/www.igrejabatistadecorreas.com.br\/2018\/wp-content\/uploads\/2021\/10\/DSC00350-scaled.jpg\" data-orig-size=\"2560,1699\" data-comments-opened=\"1\" data-image-meta=\"{&quot;aperture&quot;:&quot;4&quot;,&quot;credit&quot;:&quot;&quot;,&quot;camera&quot;:&quot;NEX-F3&quot;,&quot;caption&quot;:&quot;&quot;,&quot;created_timestamp&quot;:&quot;1596395440&quot;,&quot;copyright&quot;:&quot;&quot;,&quot;focal_length&quot;:&quot;31&quot;,&quot;iso&quot;:&quot;2000&quot;,&quot;shutter_speed&quot;:&quot;0.00625&quot;,&quot;title&quot;:&quot;&quot;,&quot;orientation&quot;:&quot;1&quot;}\" data-image-title=\"Culto de Reabertura\" data-image-description=\"\" data-medium-file=\"https:\/\/i0.wp.com\/www.igrejabatistadecorreas.com.br\/2018\/wp-content\/uploads\/2021\/10\/DSC00350-scaled.jpg?fit=300%2C199&#038;ssl=1\" data-large-file=\"https:\/\/i0.wp.com\/www.igrejabatistadecorreas.com.br\/2018\/wp-content\/uploads\/2021\/10\/DSC00350-scaled.jpg?fit=800%2C531&#038;ssl=1\" src=\"https:\/\/i0.wp.com\/www.igrejabatistadecorreas.com.br\/2018\/wp-content\/uploads\/2021\/10\/DSC00350-scaled.jpg?w=289&#038;h=192&#038;ssl=1\" srcset=\"https:\/\/i0.wp.com\/www.igrejabatistadecorreas.com.br\/2018\/wp-content\/uploads\/2021\/10\/DSC00350-scaled.jpg?w=2560&amp;ssl=1 2560w, https:\/\/i0.wp.com\/www.igrejabatistadecorreas.com.br\/2018\/wp-content\/uploads\/2021\/10\/DSC00350-scaled.jpg?resize=300%2C199&amp;ssl=1 300w, https:\/\/i0.wp.com\/www.igrejabatistadecorreas.com.br\/2018\/wp-content\/uploads\/2021\/10\/DSC00350-scaled.jpg?resize=1024%2C680&amp;ssl=1 1024w, https:\/\/i0.wp.com\/www.igrejabatistadecorreas.com.br\/2018\/wp-content\/uploads\/2021\/10\/DSC00350-scaled.jpg?resize=768%2C510&amp;ssl=1 768w, https:\/\/i0.wp.com\/www.igrejabatistadecorreas.com.br\/2018\/wp-content\/uploads\/2021\/10\/DSC00350-scaled.jpg?resize=391%2C260&amp;ssl=1 391w, https:\/\/i0.wp.com\/www.igrejabatistadecorreas.com.br\/2018\/wp-content\/uploads\/2021\/10\/DSC00350-scaled.jpg?resize=1536%2C1019&amp;ssl=1 1536w, https:\/\/i0.wp.com\/www.igrejabatistadecorreas.com.br\/2018\/wp-content\/uploads\/2021\/10\/DSC00350-scaled.jpg?resize=2048%2C1359&amp;ssl=1 2048w, https:\/\/i0.wp.com\/www.igrejabatistadecorreas.com.br\/2018\/wp-content\/uploads\/2021\/10\/DSC00350-scaled.jpg?w=1600&amp;ssl=1 1600w, https:\/\/i0.wp.com\/www.igrejabatistadecorreas.com.br\/2018\/wp-content\/uploads\/2021\/10\/DSC00350-scaled.jpg?w=2400&amp;ssl=1 2400w\" width=\"289\" height=\"192\" loading=\"lazy\" data-original-width=\"289\" data-original-height=\"192\" itemprop=\"http:\/\/schema.org\/image\" title=\"Culto de Reabertura\" alt=\"Culto de Reabertura - Pr. Carlos Carnavalli\" style=\"width: 289px; height: 192px;\" \/> <\/a> <div class=\"tiled-gallery-caption\" itemprop=\"caption description\"> Culto de Reabertura &#8211; Pr. Carlos Carnavalli <\/div> <\/div> <\/div> <!-- close group --> <div class=\"gallery-group images-1\" style=\"width: 507px; height: 612px;\" data-original-width=\"507\" data-original-height=\"612\" > <div class=\"tiled-gallery-item tiled-gallery-item-large\" itemprop=\"associatedMedia\" itemscope itemtype=\"http:\/\/schema.org\/ImageObject\"> <a href=\"https:\/\/i0.wp.com\/www.igrejabatistadecorreas.com.br\/2018\/wp-content\/uploads\/2022\/09\/WhatsApp-Image-2022-09-22-at-13.43.12.jpeg?ssl=1\" border=\"0\" itemprop=\"url\"> <meta itemprop=\"width\" content=\"503\"> <meta itemprop=\"height\" content=\"608\"> <img loading=\"lazy\" decoding=\"async\" class=\"\" data-attachment-id=\"3610\" data-orig-file=\"https:\/\/www.igrejabatistadecorreas.com.br\/2018\/wp-content\/uploads\/2022\/09\/WhatsApp-Image-2022-09-22-at-13.43.12.jpeg\" data-orig-size=\"1324,1600\" data-comments-opened=\"1\" data-image-meta=\"{&quot;aperture&quot;:&quot;0&quot;,&quot;credit&quot;:&quot;&quot;,&quot;camera&quot;:&quot;&quot;,&quot;caption&quot;:&quot;&quot;,&quot;created_timestamp&quot;:&quot;0&quot;,&quot;copyright&quot;:&quot;&quot;,&quot;focal_length&quot;:&quot;0&quot;,&quot;iso&quot;:&quot;0&quot;,&quot;shutter_speed&quot;:&quot;0&quot;,&quot;title&quot;:&quot;&quot;,&quot;orientation&quot;:&quot;0&quot;,&quot;resized_images&quot;:[&quot;200x200&quot;]}\" data-image-title=\"Pr. Carlos Carnavalli\" data-image-description=\"\" data-medium-file=\"https:\/\/i0.wp.com\/www.igrejabatistadecorreas.com.br\/2018\/wp-content\/uploads\/2022\/09\/WhatsApp-Image-2022-09-22-at-13.43.12.jpeg?fit=248%2C300&#038;ssl=1\" data-large-file=\"https:\/\/i0.wp.com\/www.igrejabatistadecorreas.com.br\/2018\/wp-content\/uploads\/2022\/09\/WhatsApp-Image-2022-09-22-at-13.43.12.jpeg?fit=800%2C967&#038;ssl=1\" src=\"https:\/\/i0.wp.com\/www.igrejabatistadecorreas.com.br\/2018\/wp-content\/uploads\/2022\/09\/WhatsApp-Image-2022-09-22-at-13.43.12.jpeg?w=503&#038;h=608&#038;ssl=1\" srcset=\"https:\/\/i0.wp.com\/www.igrejabatistadecorreas.com.br\/2018\/wp-content\/uploads\/2022\/09\/WhatsApp-Image-2022-09-22-at-13.43.12.jpeg?w=1324&amp;ssl=1 1324w, https:\/\/i0.wp.com\/www.igrejabatistadecorreas.com.br\/2018\/wp-content\/uploads\/2022\/09\/WhatsApp-Image-2022-09-22-at-13.43.12.jpeg?resize=248%2C300&amp;ssl=1 248w, https:\/\/i0.wp.com\/www.igrejabatistadecorreas.com.br\/2018\/wp-content\/uploads\/2022\/09\/WhatsApp-Image-2022-09-22-at-13.43.12.jpeg?resize=847%2C1024&amp;ssl=1 847w, https:\/\/i0.wp.com\/www.igrejabatistadecorreas.com.br\/2018\/wp-content\/uploads\/2022\/09\/WhatsApp-Image-2022-09-22-at-13.43.12.jpeg?resize=768%2C928&amp;ssl=1 768w, https:\/\/i0.wp.com\/www.igrejabatistadecorreas.com.br\/2018\/wp-content\/uploads\/2022\/09\/WhatsApp-Image-2022-09-22-at-13.43.12.jpeg?resize=1271%2C1536&amp;ssl=1 1271w\" width=\"503\" height=\"608\" loading=\"lazy\" data-original-width=\"503\" data-original-height=\"608\" itemprop=\"http:\/\/schema.org\/image\" title=\"Pr. Carlos Carnavalli\" alt=\"Pr. Carlos Carnavalli\" style=\"width: 503px; height: 608px;\" \/> <\/a> <div class=\"tiled-gallery-caption\" itemprop=\"caption description\"> Pr. Carlos Carnavalli <\/div> <\/div> <\/div> <!-- close group --> <\/div> <!-- close row --> <\/div>\t\t<\/div>\n\t\t\t\t\t\t<\/div>\n\t\t\t\t<\/div>\n\t\t\t\t\t<\/div>\n\t\t\t\t<\/div>\n\t\t\t\t<div class=\"elementor-element elementor-element-a3538d0 elementor-widget__width-inherit elementor-widget elementor-widget-text-editor\" data-id=\"a3538d0\" data-element_type=\"widget\" data-e-type=\"widget\" data-widget_type=\"text-editor.default\">\n\t\t\t\t<div class=\"elementor-widget-container\">\n\t\t\t\t\t\t\t\t\t<p>Filho de Henrique e Herm\u00ednia Carnavalli, nascido em Petr\u00f3polis, RJ, em 23 de maio de 1960. Casado h\u00e1 46 anos com Marlene, pai de Luc\u00edlia, Giovana, Alessandra e av\u00f4 de Ramon Carlos (7 anos), Helena (6 anos) e Tobias (1 ano).<\/p><p>Atuou na denomina\u00e7\u00e3o Batista como l\u00edder dos jovens, destacou-se como m\u00fasico e compositor. Em 1986 foi enviado ao SEMIN\u00c1RIO BATISTA DO SUL DO BRASIL, pela PIB de Petr\u00f3polis, RJ, concluindo o Bacharel em Teologia em 1990, ano em que foi consagrado ao minist\u00e9rio pastoral (22\/12).<\/p><p>Pastoreou interinamente a SIB em Tr\u00eas Rios em 1991, foi titular da PIB em Teres\u00f3polis em 1992, e h\u00e1 trinta e dois anos, est\u00e1 \u00e0 frente da Igreja Batista em Corr\u00eaas, 2\u00ba distrito de Petr\u00f3polis, RJ.<\/p><p>Cursou Capelania Hospitalar em 1989 especializando-se na \u00e1rea em 2006, pela UNIPAS INTERNACIONAL CHAPLAIN \u2013 USA. Graduou-se em Servi\u00e7o Social e Gest\u00e3o P\u00fablica em 2012 pela UNOPAR. Cursou pela Sociedade Brasileira de Coach o curso de Personal &amp; Professional Coaching e L\u00edder Coach (2015).<\/p><p>Publicou duas revistas para Escola B\u00edblica Dominical na \u00e1rea de Maturidade Crist\u00e3: \u201cA Garantia da Salva\u00e7\u00e3o\u201d e \u201cAdora\u00e7\u00e3o B\u00edblica 2 \u2013 O Perfeito Projeto de Deus\u201d. Autor do livro, \u201cCAMINHO PARA O SUCESSO NO CASAMENTO\u201d 2\u00aa edi\u00e7\u00e3o, publicado pela editora Ep\u00edgrafe. O livro tem como prop\u00f3sito fundamental alertar os casais das armadilhas e perigos que surgem ao longo da jornada conjugal, comprometendo a felicidade do casamento a exemplo da ociosidade, da frivolidade espiritual, da cobi\u00e7a, da aus\u00eancia dos c\u00f4njuges, da car\u00eancia emocional e sexual, da neglig\u00eancia relacional, da inimizade, da conviv\u00eancia com o pecado e da desordem financeira.<\/p><p>Foi o fundador e presidente da ASSOCIA\u00c7\u00c3O RECONSTRUINDO VIDAS E VALORES \u2013 REVIVAS \u2013 organizada em 16 de mar\u00e7o de 2011, sendo o seu diretor at\u00e9 2016 \u2013 bra\u00e7o direito da Igreja Batista na realiza\u00e7\u00e3o de projetos sociais, evangeliza\u00e7\u00e3o e capacita\u00e7\u00e3o de l\u00edderes.<\/p><p>H\u00e1 trinta e dois anos vem se destacando na realiza\u00e7\u00e3o de palestras, confer\u00eancias, encontros de casais e congressos de fam\u00edlias pelos diversos estados do Brasil e no estrangeiro, tratando de temas como: CASAMENTO E SEXO, RESTAURANDO A ALIAN\u00c7A COM DEUS, COM A FAM\u00cdLIA, LIDERAN\u00c7A e IGREJA EM C\u00c9LULAS.<\/p><p>Sua agenda pode ser consultada atrav\u00e9s do e-mail\u00a0<a href=\"mailto:carloscarnavalli@gmail.com\">carloscarnavalli@gmail.com<\/a>\u00a0ou atrav\u00e9s dos telefones:\u00a0<a href=\"https:\/\/api.whatsapp.com\/send?phone=552422211740\">(24) 2221-1740<\/a>\u00a0\u2013\u00a0<a href=\"https:\/\/api.whatsapp.com\/send?phone=5524988332231\">(24) 98833-2231<\/a>.<\/p><p>\u00a0<\/p>\t\t\t\t\t\t\t\t<\/div>\n\t\t\t\t<\/div>\n\t\t\t\t<div class=\"elementor-element elementor-element-9898e90 animated-fast elementor-invisible elementor-widget elementor-widget-heading\" data-id=\"9898e90\" data-element_type=\"widget\" data-e-type=\"widget\" data-settings=\"{&quot;_animation&quot;:&quot;lightSpeedIn&quot;}\" data-widget_type=\"heading.default\">\n\t\t\t\t<div class=\"elementor-widget-container\">\n\t\t\t\t\t<h5 class=\"elementor-heading-title elementor-size-default\">Redes sociais:<\/h5>\t\t\t\t<\/div>\n\t\t\t\t<\/div>\n\t\t\t\t<div class=\"elementor-element elementor-element-75e96ce elementor-grid-3 e-grid-align-left animated-fast elementor-shape-rounded elementor-invisible elementor-widget elementor-widget-social-icons\" data-id=\"75e96ce\" data-element_type=\"widget\" data-e-type=\"widget\" data-settings=\"{&quot;_animation&quot;:&quot;lightSpeedIn&quot;}\" data-widget_type=\"social-icons.default\">\n\t\t\t\t<div class=\"elementor-widget-container\">\n\t\t\t\t\t\t\t<div class=\"elementor-social-icons-wrapper elementor-grid\" role=\"list\">\n\t\t\t\t\t\t\t<span class=\"elementor-grid-item\" role=\"listitem\">\n\t\t\t\t\t<a class=\"elementor-icon elementor-social-icon elementor-social-icon-facebook elementor-animation-shrink elementor-repeater-item-215a529\" href=\"https:\/\/www.facebook.com\/ccarnavalli?mibextid=LQQJ4d\" target=\"_blank\">\n\t\t\t\t\t\t<span class=\"elementor-screen-only\">Facebook<\/span>\n\t\t\t\t\t\t<i aria-hidden=\"true\" class=\"fab fa-facebook\"><\/i>\t\t\t\t\t<\/a>\n\t\t\t\t<\/span>\n\t\t\t\t\t\t\t<span class=\"elementor-grid-item\" role=\"listitem\">\n\t\t\t\t\t<a class=\"elementor-icon elementor-social-icon elementor-social-icon-instagram elementor-animation-shrink elementor-repeater-item-6a1cb07\" href=\"https:\/\/instagram.com\/carloscarnavalli?igshid=MzRlODBiNWFlZA==\" target=\"_blank\">\n\t\t\t\t\t\t<span class=\"elementor-screen-only\">Instagram<\/span>\n\t\t\t\t\t\t<i aria-hidden=\"true\" class=\"fab fa-instagram\"><\/i>\t\t\t\t\t<\/a>\n\t\t\t\t<\/span>\n\t\t\t\t\t\t\t<span class=\"elementor-grid-item\" role=\"listitem\">\n\t\t\t\t\t<a class=\"elementor-icon elementor-social-icon elementor-social-icon-youtube elementor-animation-shrink elementor-repeater-item-573ffe3\" href=\"https:\/\/www.youtube.com\/carloscarnavalli\" target=\"_blank\">\n\t\t\t\t\t\t<span class=\"elementor-screen-only\">Youtube<\/span>\n\t\t\t\t\t\t<i aria-hidden=\"true\" class=\"fab fa-youtube\"><\/i>\t\t\t\t\t<\/a>\n\t\t\t\t<\/span>\n\t\t\t\t\t<\/div>\n\t\t\t\t\t\t<\/div>\n\t\t\t\t<\/div>\n\t\t\t\t\t<\/div>\n\t\t\t\t<\/div>\n\t\t\t\t<\/div>\n\t\t","protected":false},"excerpt":{"rendered":"<p>Pr. Carlos Carnavalli Culto de Reabertura &#8211; Pr. Carlos Carnavalli Culto de Reabertura &#8211; Pr. Carlos Carnavalli Pr. Carlos Carnavalli Filho de Henrique e Herm\u00ednia Carnavalli, nascido em Petr\u00f3polis, RJ, &#8230;<\/p>\n","protected":false},"author":1,"featured_media":0,"parent":0,"menu_order":0,"comment_status":"closed","ping_status":"closed","template":"template-fullwidth.php","meta":{"footnotes":""},"class_list":["post-1865","page","type-page","status-publish","hentry"],"jetpack_sharing_enabled":true,"_links":{"self":[{"href":"https:\/\/www.igrejabatistadecorreas.com.br\/2018\/wp-json\/wp\/v2\/pages\/1865","targetHints":{"allow":["GET"]}}],"collection":[{"href":"https:\/\/www.igrejabatistadecorreas.com.br\/2018\/wp-json\/wp\/v2\/pages"}],"about":[{"href":"https:\/\/www.igrejabatistadecorreas.com.br\/2018\/wp-json\/wp\/v2\/types\/page"}],"author":[{"embeddable":true,"href":"https:\/\/www.igrejabatistadecorreas.com.br\/2018\/wp-json\/wp\/v2\/users\/1"}],"replies":[{"embeddable":true,"href":"https:\/\/www.igrejabatistadecorreas.com.br\/2018\/wp-json\/wp\/v2\/comments?post=1865"}],"version-history":[{"count":108,"href":"https:\/\/www.igrejabatistadecorreas.com.br\/2018\/wp-json\/wp\/v2\/pages\/1865\/revisions"}],"predecessor-version":[{"id":5959,"href":"https:\/\/www.igrejabatistadecorreas.com.br\/2018\/wp-json\/wp\/v2\/pages\/1865\/revisions\/5959"}],"wp:attachment":[{"href":"https:\/\/www.igrejabatistadecorreas.com.br\/2018\/wp-json\/wp\/v2\/media?parent=1865"}],"curies":[{"name":"wp","href":"https:\/\/api.w.org\/{rel}","templated":true}]}}