{"id":1860,"date":"2018-12-13T10:55:01","date_gmt":"2018-12-13T12:55:01","guid":{"rendered":"https:\/\/www.igrejabatistadecorreas.com.br\/2018\/?page_id=1860"},"modified":"2024-10-11T14:41:53","modified_gmt":"2024-10-11T17:41:53","slug":"hoje-completo","status":"publish","type":"page","link":"https:\/\/www.igrejabatistadecorreas.com.br\/2018\/our-vision\/hoje-completo\/","title":{"rendered":"Atualmente completo"},"content":{"rendered":"\t\t<div data-elementor-type=\"wp-page\" data-elementor-id=\"1860\" class=\"elementor elementor-1860\">\n\t\t\t\t<div class=\"elementor-element elementor-element-8ce11aa e-flex e-con-boxed e-con e-parent\" data-id=\"8ce11aa\" data-element_type=\"container\" data-e-type=\"container\">\n\t\t\t\t\t<div class=\"e-con-inner\">\n\t\t\t\t<div class=\"elementor-element elementor-element-4e892e3 elementor-position-left elementor-vertical-align-middle elementor-widget elementor-widget-image-box\" data-id=\"4e892e3\" data-element_type=\"widget\" data-e-type=\"widget\" data-widget_type=\"image-box.default\">\n\t\t\t\t<div class=\"elementor-widget-container\">\n\t\t\t\t\t<div class=\"elementor-image-box-wrapper\"><figure class=\"elementor-image-box-img\"><img fetchpriority=\"high\" decoding=\"async\" width=\"2560\" height=\"1920\" src=\"https:\/\/i0.wp.com\/www.igrejabatistadecorreas.com.br\/2018\/wp-content\/uploads\/2023\/08\/WhatsApp-Image-2023-08-21-at-10.47.09-scaled.jpeg?fit=2560%2C1920&amp;ssl=1\" class=\"elementor-animation-grow attachment-full size-full wp-image-4708\" alt=\"\" srcset=\"https:\/\/i0.wp.com\/www.igrejabatistadecorreas.com.br\/2018\/wp-content\/uploads\/2023\/08\/WhatsApp-Image-2023-08-21-at-10.47.09-scaled.jpeg?w=2560&amp;ssl=1 2560w, https:\/\/i0.wp.com\/www.igrejabatistadecorreas.com.br\/2018\/wp-content\/uploads\/2023\/08\/WhatsApp-Image-2023-08-21-at-10.47.09-scaled.jpeg?resize=300%2C225&amp;ssl=1 300w, https:\/\/i0.wp.com\/www.igrejabatistadecorreas.com.br\/2018\/wp-content\/uploads\/2023\/08\/WhatsApp-Image-2023-08-21-at-10.47.09-scaled.jpeg?resize=1024%2C768&amp;ssl=1 1024w, https:\/\/i0.wp.com\/www.igrejabatistadecorreas.com.br\/2018\/wp-content\/uploads\/2023\/08\/WhatsApp-Image-2023-08-21-at-10.47.09-scaled.jpeg?resize=768%2C576&amp;ssl=1 768w, https:\/\/i0.wp.com\/www.igrejabatistadecorreas.com.br\/2018\/wp-content\/uploads\/2023\/08\/WhatsApp-Image-2023-08-21-at-10.47.09-scaled.jpeg?resize=1536%2C1152&amp;ssl=1 1536w, https:\/\/i0.wp.com\/www.igrejabatistadecorreas.com.br\/2018\/wp-content\/uploads\/2023\/08\/WhatsApp-Image-2023-08-21-at-10.47.09-scaled.jpeg?resize=2048%2C1536&amp;ssl=1 2048w, https:\/\/i0.wp.com\/www.igrejabatistadecorreas.com.br\/2018\/wp-content\/uploads\/2023\/08\/WhatsApp-Image-2023-08-21-at-10.47.09-scaled.jpeg?w=1600&amp;ssl=1 1600w, https:\/\/i0.wp.com\/www.igrejabatistadecorreas.com.br\/2018\/wp-content\/uploads\/2023\/08\/WhatsApp-Image-2023-08-21-at-10.47.09-scaled.jpeg?w=2400&amp;ssl=1 2400w\" sizes=\"(max-width: 800px) 100vw, 800px\" \/><\/figure><div class=\"elementor-image-box-content\"><h1 class=\"elementor-image-box-title\">Atualmente<\/h1><\/div><\/div>\t\t\t\t<\/div>\n\t\t\t\t<\/div>\n\t\t\t\t<div class=\"elementor-element elementor-element-c7fe3ae elementor-drop-cap-yes elementor-drop-cap-view-default elementor-widget elementor-widget-text-editor\" data-id=\"c7fe3ae\" data-element_type=\"widget\" data-e-type=\"widget\" data-settings=\"{&quot;drop_cap&quot;:&quot;yes&quot;}\" data-widget_type=\"text-editor.default\">\n\t\t\t\t<div class=\"elementor-widget-container\">\n\t\t\t\t\t\t\t\t\t<p>Os cultos nos lares em 1961, marcaram o in\u00edcio de um trabalho que hoje \u00e9 conhecido al\u00e9m fronteira. Depois em dois lugares alugados no Posto 2 em diferentes ocasi\u00f5es, em Corr\u00eaas, segundo distrito de Petr\u00f3polis, num tempo em que a escassez de servi\u00e7os sociais era vis\u00edvel e prejudicava muito o deslocamento das pessoas de um bairro para o outro.<\/p>\n<p>O evangelho foi se consolidando e crescendo apesar das persegui\u00e7\u00f5es religiosas e do n\u00famero pequeno de crentes realizando o trabalho mission\u00e1rio nos bairros adjacentes. Os cultos nos lares eram feitos sob a luz de lampi\u00e3o \u00e0 querosene ou \u00e0 vela, nas casas de ch\u00e3o batido e com muita simplicidade. Os irm\u00e3os Ant\u00f4nio J\u00falio de Azevedo, Geraldo e Izaura Carvalho, Jos\u00e9 Felix, Evangelista Grion, Alzira Barros, Maria Aparecida e Valdir Carmo, Vazumira e muitos outros foram obedecendo o Ide de Jesus, fazendo disc\u00edpulos e multiplicando o n\u00famero daqueles que criam no Evangelho e no poder de Deus. Ao perceberem a diferen\u00e7a que estes irm\u00e3os estavam fazendo no local, por causa do testemunho, a coragem e a motiva\u00e7\u00e3o de todos os cooperantes, o Pr. Nilson Dimarzio, decidiu levar a assembleia da igreja o seu desejo de come\u00e7ar a congrega\u00e7\u00e3o Batista que em seguida foi organizada em IGREJA BATISTA DE CORR\u00caAS na data de 22 de setembro de 1962. O evangelho avan\u00e7ou sendo pregado e testemunhado por toda parte do 1\u00ba, 2\u00ba e do 3\u00ba distritos, para a gl\u00f3ria do Senhor Jesus, atrav\u00e9s dos cinquenta irm\u00e3os. Os pastores que presidiram a igreja foram:<\/p>\n<p>I- Ismail de Oliveira Ribeiro de 30\/03\/63 a 16\/08\/66.<br>II- Francisco Rocha dos Santos de 20\/09\/66 a 18\/08\/69.<br>III- Ant\u00f4nio Lopes da Silveira de 19\/11\/68 a 20\/08\/69.<br>IV- Nilson Dim\u00e1rzio 05\/04\/70 a 23\/08\/71.<br>V- Nilo Franco de Oliveira de 23\/08\/71 a 18\/02\/73.<br>VI- Madson Paulo de Carvalho de 06\/06\/73 a 29\/05\/93.<\/p>\n<p>Foram seminaristas os seguintes irm\u00e3os: Joaquim de Paula Rosa, Sebasti\u00e3o Ferreira, Marcos Vantine Esteves, Cesar T\u00e1cio Vila da Silva, Paulo S\u00e9rgio Esteves, Herc\u00edlio Mayworm, Valmir Carvalho, Luciano Gastaldelli, Paulo Cesar Silva e Edson Cardoso. No dia 05 de junho de 1993, o Pr. Madson Paulo de Carvalho ap\u00f3s jubila\u00e7\u00e3o, deixou o pastorado e a presid\u00eancia da igreja, dando posse ao seu sucessor, o pastor Carlos Carnavalli, que passou a presidi-la e lider\u00e1-la at\u00e9 o presente momento. Ao iniciar o trabalho encontrou 07 fundadores e 82 membros no rol da igreja. Hoje s\u00e3o mais de 280 (durante pandemia), colaboradores que atuam nas diversas \u00e1reas do minist\u00e9rio pastoral \u00e0 servi\u00e7o do Rei Jesus. O novo modelo de gest\u00e3o e pastorado, desenvolveu v\u00e1rios projetos que ajudaram no crescimento do n\u00famero de vidas que foram transformadas pelo poder da Palavra e do nome de Jesus. Somos parceiros e mantenedores das seguintes organiza\u00e7\u00f5es: C.B.B, C.B.F, ABAPE, JME, JMN, JMM, Cristol\u00e2ndia, Mission\u00e1rios em Boa Vista\/RR, Vinho e P\u00e3o\/RS e outros parceiros na evangeliza\u00e7\u00e3o.<\/p>\n<p>A constru\u00e7\u00e3o do novo templo teve seu in\u00edcio em 22\/09\/2003 com o lan\u00e7amento da pedra fundamental e foi inaugurado em 22\/09\/2012. O orador oficial do cinquenten\u00e1rio foi o Pr. Dr. Nilson Dim\u00e1rzio, presidente do conc\u00edlio de organiza\u00e7\u00e3o na data de 1962. Em 2015, o pr\u00e9dio de quatro andares foi inaugurado, com catorze salas, dentre elas, nove que atendem aos alunos da Escola B\u00edblica Dominical e capacita\u00e7\u00e3o de toda a lideran\u00e7a, incluindo uma biblioteca. Em 16\/03\/2011, por ocasi\u00e3o da maior cat\u00e1strofe ambiental da hist\u00f3ria na Regi\u00e3o Serrana, foi organizada a REVIVAS \u2013 Associa\u00e7\u00e3o Reconstruindo Vidas e Valores que se tornou em um bra\u00e7o de evangeliza\u00e7\u00e3o e de servi\u00e7o social, da maior import\u00e2ncia na cidade de Petr\u00f3polis e no Estado do Rio de Janeiro. A associa\u00e7\u00e3o ap\u00f3s nove anos de trabalho social foi dissolvida. Somos gratos a Deus pela oportunidade que nos tem concedido de investir e trabalhar ao longo de quase seis d\u00e9cadas, semeando o evangelho e colhendo os resultados que s\u00e3o vidas transformadas, libertas e salvas pelo poder da prega\u00e7\u00e3o do evangelho e do nome do Senhor Jesus.<\/p>\t\t\t\t\t\t\t\t<\/div>\n\t\t\t\t<\/div>\n\t\t\t\t<div class=\"elementor-element elementor-element-e09245a elementor-widget elementor-widget-text-editor\" data-id=\"e09245a\" data-element_type=\"widget\" data-e-type=\"widget\" data-widget_type=\"text-editor.default\">\n\t\t\t\t<div class=\"elementor-widget-container\">\n\t\t\t\t\t\t\t\t\t<p class=\"footer-page\">A Deus toda honra, toda gl\u00f3ria e todo louvor!<\/p>\t\t\t\t\t\t\t\t<\/div>\n\t\t\t\t<\/div>\n\t\t\t\t\t<\/div>\n\t\t\t\t<\/div>\n\t\t\t\t<\/div>\n\t\t","protected":false},"excerpt":{"rendered":"<p>Atualmente Os cultos nos lares em 1961, marcaram o in\u00edcio de um trabalho que hoje \u00e9 conhecido al\u00e9m fronteira. Depois em dois lugares alugados no Posto 2 em diferentes ocasi\u00f5es, &#8230;<\/p>\n","protected":false},"author":1,"featured_media":0,"parent":22,"menu_order":0,"comment_status":"closed","ping_status":"closed","template":"template-fullwidth.php","meta":{"footnotes":""},"class_list":["post-1860","page","type-page","status-publish","hentry"],"jetpack_sharing_enabled":true,"_links":{"self":[{"href":"https:\/\/www.igrejabatistadecorreas.com.br\/2018\/wp-json\/wp\/v2\/pages\/1860","targetHints":{"allow":["GET"]}}],"collection":[{"href":"https:\/\/www.igrejabatistadecorreas.com.br\/2018\/wp-json\/wp\/v2\/pages"}],"about":[{"href":"https:\/\/www.igrejabatistadecorreas.com.br\/2018\/wp-json\/wp\/v2\/types\/page"}],"author":[{"embeddable":true,"href":"https:\/\/www.igrejabatistadecorreas.com.br\/2018\/wp-json\/wp\/v2\/users\/1"}],"replies":[{"embeddable":true,"href":"https:\/\/www.igrejabatistadecorreas.com.br\/2018\/wp-json\/wp\/v2\/comments?post=1860"}],"version-history":[{"count":46,"href":"https:\/\/www.igrejabatistadecorreas.com.br\/2018\/wp-json\/wp\/v2\/pages\/1860\/revisions"}],"predecessor-version":[{"id":5968,"href":"https:\/\/www.igrejabatistadecorreas.com.br\/2018\/wp-json\/wp\/v2\/pages\/1860\/revisions\/5968"}],"up":[{"embeddable":true,"href":"https:\/\/www.igrejabatistadecorreas.com.br\/2018\/wp-json\/wp\/v2\/pages\/22"}],"wp:attachment":[{"href":"https:\/\/www.igrejabatistadecorreas.com.br\/2018\/wp-json\/wp\/v2\/media?parent=1860"}],"curies":[{"name":"wp","href":"https:\/\/api.w.org\/{rel}","templated":true}]}}