{"id":1727,"date":"2018-12-04T10:07:02","date_gmt":"2018-12-04T12:07:02","guid":{"rendered":"https:\/\/www.igrejabatistadecorreas.com.br\/2018\/?page_id=1727"},"modified":"2023-11-01T10:36:04","modified_gmt":"2023-11-01T13:36:04","slug":"os-tres-poderes-que-sustentam-o-crente","status":"publish","type":"page","link":"https:\/\/www.igrejabatistadecorreas.com.br\/2018\/sermoes\/os-tres-poderes-que-sustentam-o-crente\/","title":{"rendered":"Os tr\u00eas poderes que sustentam o crente"},"content":{"rendered":"\t\t<div data-elementor-type=\"wp-page\" data-elementor-id=\"1727\" class=\"elementor elementor-1727\">\n\t\t\t\t<div class=\"elementor-element elementor-element-0c64e73 e-flex e-con-boxed e-con e-parent\" data-id=\"0c64e73\" data-element_type=\"container\" data-e-type=\"container\">\n\t\t\t\t\t<div class=\"e-con-inner\">\n\t\t\t\t<div class=\"elementor-element elementor-element-e9bd6d7 elementor-widget elementor-widget-heading\" data-id=\"e9bd6d7\" data-element_type=\"widget\" data-e-type=\"widget\" id=\"sermao\" data-widget_type=\"heading.default\">\n\t\t\t\t<div class=\"elementor-widget-container\">\n\t\t\t\t\t<h1 class=\"elementor-heading-title elementor-size-default\"><a href=\"https:\/\/www.igrejabatistadecorreas.com.br\/2018\/sermoes\/os-tres-poderes-que-sustentam-o-crente\/#sermao\">Os 3 poderes que sustentam o crente<\/a><\/h1>\t\t\t\t<\/div>\n\t\t\t\t<\/div>\n\t\t\t\t\t<\/div>\n\t\t\t\t<\/div>\n\t\t<div class=\"elementor-element elementor-element-8fb8446 e-flex e-con-boxed e-con e-parent\" data-id=\"8fb8446\" data-element_type=\"container\" data-e-type=\"container\">\n\t\t\t\t\t<div class=\"e-con-inner\">\n\t\t\t\t<div class=\"elementor-element elementor-element-7ed9236 elementor-widget elementor-widget-text-editor\" data-id=\"7ed9236\" data-element_type=\"widget\" data-e-type=\"widget\" data-widget_type=\"text-editor.default\">\n\t\t\t\t<div class=\"elementor-widget-container\">\n\t\t\t\t\t\t\t\t\t<strong>Texto base:<\/strong> Atos 16:19-26\n<br>\n<strong>O texto diz:<\/strong> \u201cVendo os seus senhores que se lhes desfizera a esperan\u00e7a do lucro, agarrando em Paulo e Silas, os arrastaram para a pra\u00e7a, \u00e0 presen\u00e7a das autoridades; e, levando-os aos pretores, disseram: Estes homens, sendo judeus, perturbam a nossa cidade, propagando costumes que n\u00e3o podemos receber, nem praticar, porque somos romanos. Levantou-se a multid\u00e3o, unida contra eles, e os pretores, rasgando as suas vestes, mandaram a\u00e7oit\u00e1-los com varas. E, depois de lhes darem muitos a\u00e7oites, os lan\u00e7aram no c\u00e1rcere, ordenando ao carcereiro que os guardasse com toda a seguran\u00e7a. Este, recebendo tal ordem, levou-os para o c\u00e1rcere interior e lhes prendeu os p\u00e9s no tronco. Por volta da meia-noite, Paulo e Silas oravam e cantavam louvores a Deus, e os demais companheiros de pris\u00e3o escutavam. De repente, sobreveio tamanho terremoto, que sacudiu os alicerces da pris\u00e3o abriram-se todas as portas, e soltaram-se as cadeias de todos\u201d\n<hr \/>\t\t\t\t\t\t\t\t<\/div>\n\t\t\t\t<\/div>\n\t\t\t\t\t<\/div>\n\t\t\t\t<\/div>\n\t\t<div class=\"elementor-element elementor-element-5321a20 e-flex e-con-boxed e-con e-parent\" data-id=\"5321a20\" data-element_type=\"container\" data-e-type=\"container\">\n\t\t\t\t\t<div class=\"e-con-inner\">\n\t\t\t\t<div class=\"elementor-element elementor-element-6521b8c elementor-widget elementor-widget-heading\" data-id=\"6521b8c\" data-element_type=\"widget\" data-e-type=\"widget\" data-widget_type=\"heading.default\">\n\t\t\t\t<div class=\"elementor-widget-container\">\n\t\t\t\t\t<h3 class=\"elementor-heading-title elementor-size-default\">Introdu\u00e7\u00e3o<\/h3>\t\t\t\t<\/div>\n\t\t\t\t<\/div>\n\t\t\t\t\t<\/div>\n\t\t\t\t<\/div>\n\t\t<div class=\"elementor-element elementor-element-ef5cf64 e-flex e-con-boxed e-con e-parent\" data-id=\"ef5cf64\" data-element_type=\"container\" data-e-type=\"container\">\n\t\t\t\t\t<div class=\"e-con-inner\">\n\t\t\t\t<div class=\"elementor-element elementor-element-bf2d075 elementor-widget elementor-widget-text-editor\" data-id=\"bf2d075\" data-element_type=\"widget\" data-e-type=\"widget\" data-widget_type=\"text-editor.default\">\n\t\t\t\t<div class=\"elementor-widget-container\">\n\t\t\t\t\t\t\t\t\t<p>Quais s\u00e3o os tr\u00eas poderes que sustentam a na\u00e7\u00e3o brasileira?<\/p><p>O EXECUTIVO: Que executa as leis. \u00c9 representado pelo Presidente da Rep\u00fablica.<br \/>O LEGISLATIVO: Que cria as leis. \u00c9 representado pelos deputados e senadores.<br \/>O JUDICI\u00c1RIO: Que julga conforme as leis. \u00c9 representado pelos ju\u00edzes e magistrados.<\/p><p>Qual \u00e9 o sistema de governo estabelecido por Deus para a fam\u00edlia:<br \/>O HOMEM: como cabe\u00e7a e respons\u00e1vel pelo lar.<br \/>A ESPOSA: como auxiliadora e deve estar em plena submiss\u00e3o ao marido, assim como o marido ao Senhor.<br \/>OS FILHOS: devem obedecer e honrar os pais. Tem mandamento pra isso!<\/p><p>Os tr\u00eas poderes do mundo espiritual s\u00e3o: PRINCIPADOS, POTESTADOS E EX\u00c9RCITOS ESPIRITUAIS, conforme descritos em Ef\u00e9sios 6:12.<br \/>E, o CRENTE, quais s\u00e3o os tr\u00eas poderes que devem governar a sua vida?<br \/>O relato b\u00edblico d\u00e1 conta de que Paulo e Silas estavam realizando um excelente trabalho de evangeliza\u00e7\u00e3o e implanta\u00e7\u00e3o de igrejas em Filipos, uma cidade dif\u00edcil de trabalhar por causa do polite\u00edsmo.<br \/>Mesmo assim pessoas estavam sendo transformadas pelo poder da Palavra pregada.<br \/>Perseguidos por uma mulher possessa que tentava revelar e delatar a obra mission\u00e1ria, Paulo irritado, expulsa o esp\u00edrito adivinhador que a usava.<br \/>Isso causou furor entre os comerciantes, que se uniram aos magistrados para o espancamento e, a seguir a pris\u00e3o dos mission\u00e1rios (19-24).<\/p><p>A partir de ent\u00e3o podemos encontrar os tr\u00eas poderes que sustentam a vida do crente:<\/p><p>O primeiro poder \u00e9:<\/p>\t\t\t\t\t\t\t\t<\/div>\n\t\t\t\t<\/div>\n\t\t\t\t\t<\/div>\n\t\t\t\t<\/div>\n\t\t<div class=\"elementor-element elementor-element-ad80242 e-flex e-con-boxed e-con e-parent\" data-id=\"ad80242\" data-element_type=\"container\" data-e-type=\"container\">\n\t\t\t\t\t<div class=\"e-con-inner\">\n\t\t\t\t<div class=\"elementor-element elementor-element-dd0a50a elementor-widget elementor-widget-heading\" data-id=\"dd0a50a\" data-element_type=\"widget\" data-e-type=\"widget\" data-widget_type=\"heading.default\">\n\t\t\t\t<div class=\"elementor-widget-container\">\n\t\t\t\t\t<h3 class=\"elementor-heading-title elementor-size-default\">I- O poder da ora\u00e7\u00e3o<\/h3>\t\t\t\t<\/div>\n\t\t\t\t<\/div>\n\t\t\t\t\t<\/div>\n\t\t\t\t<\/div>\n\t\t<div class=\"elementor-element elementor-element-28d8352 e-flex e-con-boxed e-con e-parent\" data-id=\"28d8352\" data-element_type=\"container\" data-e-type=\"container\">\n\t\t\t\t\t<div class=\"e-con-inner\">\n\t\t\t\t<div class=\"elementor-element elementor-element-a3a094c elementor-widget elementor-widget-text-editor\" data-id=\"a3a094c\" data-element_type=\"widget\" data-e-type=\"widget\" data-widget_type=\"text-editor.default\">\n\t\t\t\t<div class=\"elementor-widget-container\">\n\t\t\t\t\t\t\t\t\t<p>\u201c\u2026 perto da meia noite\u2026\u201d<br \/>Sobre as palavras:<br \/>Meia \u2013 Significado: Flecha que divide. Neste caso ela faz uma divis\u00e3o entre a vida e a morte, pois somente \u00e9 usada contra um inimigo!<br \/>Noite \u2013 Oportunidade de esconder-se. H\u00e1 um dem\u00f4nio que atua durante a noite lan\u00e7ando setas e aprisionando pessoas.<br \/>Em s\u00edntese &gt; A meia noite O Diabo coloca alguns de seus dem\u00f4nios para atacar e aprisionar pessoas com as suas armas.<br \/>Mas, a meia noite, do ponto de vista b\u00edblico \u00e9 tamb\u00e9m a hora da manifesta\u00e7\u00e3o de Deus para a liberta\u00e7\u00e3o e reden\u00e7\u00e3o de pessoas.<br \/>O texto diz: \u201c\u2026perto da meia noite\u2026\u201d.<br \/>Isso nos mostra a grande possibilidade dos ap\u00f3stolos saberem o que estavam fazendo: ORANDO!<br \/>A ora\u00e7\u00e3o chegou ao lugar onde est\u00e1 assentado aquele que ouve e responde ora\u00e7\u00f5es.<br \/>Portanto, o que vemos \u00e9 que a ORA\u00c7\u00c3O produz manifesta\u00e7\u00f5es espirituais.<br \/>Resultado: vs 26.<\/p>\t\t\t\t\t\t\t\t<\/div>\n\t\t\t\t<\/div>\n\t\t\t\t\t<\/div>\n\t\t\t\t<\/div>\n\t\t<div class=\"elementor-element elementor-element-40774d6 e-flex e-con-boxed e-con e-parent\" data-id=\"40774d6\" data-element_type=\"container\" data-e-type=\"container\">\n\t\t\t\t\t<div class=\"e-con-inner\">\n\t\t\t\t<div class=\"elementor-element elementor-element-411a67f elementor-widget elementor-widget-heading\" data-id=\"411a67f\" data-element_type=\"widget\" data-e-type=\"widget\" data-widget_type=\"heading.default\">\n\t\t\t\t<div class=\"elementor-widget-container\">\n\t\t\t\t\t<h3 class=\"elementor-heading-title elementor-size-default\">II- O poder da adora\u00e7\u00e3o - (servi\u00e7o)<\/h3>\t\t\t\t<\/div>\n\t\t\t\t<\/div>\n\t\t\t\t\t<\/div>\n\t\t\t\t<\/div>\n\t\t<div class=\"elementor-element elementor-element-834cb24 e-flex e-con-boxed e-con e-parent\" data-id=\"834cb24\" data-element_type=\"container\" data-e-type=\"container\">\n\t\t\t\t\t<div class=\"e-con-inner\">\n\t\t\t\t<div class=\"elementor-element elementor-element-dd3e03d elementor-drop-cap-yes elementor-drop-cap-view-default elementor-widget elementor-widget-text-editor\" data-id=\"dd3e03d\" data-element_type=\"widget\" data-e-type=\"widget\" data-settings=\"{&quot;drop_cap&quot;:&quot;yes&quot;}\" data-widget_type=\"text-editor.default\">\n\t\t\t\t<div class=\"elementor-widget-container\">\n\t\t\t\t\t\t\t\t\t<p>O que acontece quando um crente serve a Jesus com exclusividade?<\/p><p>Ele alegra o cora\u00e7\u00e3o de Deus e, Deus que o ama, abre caminhos, socorre, ajuda, livra defende, faz aquele servo fiel prosperar!!!<br \/>\u201cDe repente houve um terremoto intenso naquele lugar (apenas na cadeia)\u201d.<br \/>A cadeia foi sacudida, e n\u00e3o destru\u00edda, as portas se abriram, as correntes se soltaram dos p\u00e9s dos presos\u201d. E todos permaneceram ali!<br \/>Um grande abalo localizado havia acontecido provando que ningu\u00e9m pode impedir o agir de Deus quando um crente verdadeiro ora (Is. 43:13).<\/p><p>O 3\u00ba poder que sustenta o crente \u00e9:<\/p>\t\t\t\t\t\t\t\t<\/div>\n\t\t\t\t<\/div>\n\t\t\t\t\t<\/div>\n\t\t\t\t<\/div>\n\t\t<div class=\"elementor-element elementor-element-50ba651 e-flex e-con-boxed e-con e-parent\" data-id=\"50ba651\" data-element_type=\"container\" data-e-type=\"container\">\n\t\t\t\t\t<div class=\"e-con-inner\">\n\t\t\t\t<div class=\"elementor-element elementor-element-ba617d6 elementor-widget elementor-widget-heading\" data-id=\"ba617d6\" data-element_type=\"widget\" data-e-type=\"widget\" data-widget_type=\"heading.default\">\n\t\t\t\t<div class=\"elementor-widget-container\">\n\t\t\t\t\t<h3 class=\"elementor-heading-title elementor-size-default\">III\u2013 O poder da palavra<\/h3>\t\t\t\t<\/div>\n\t\t\t\t<\/div>\n\t\t\t\t\t<\/div>\n\t\t\t\t<\/div>\n\t\t<div class=\"elementor-element elementor-element-fde9851 e-flex e-con-boxed e-con e-parent\" data-id=\"fde9851\" data-element_type=\"container\" data-e-type=\"container\">\n\t\t\t\t\t<div class=\"e-con-inner\">\n\t\t\t\t<div class=\"elementor-element elementor-element-7a77304 elementor-drop-cap-yes elementor-drop-cap-view-default elementor-widget elementor-widget-text-editor\" data-id=\"7a77304\" data-element_type=\"widget\" data-e-type=\"widget\" data-settings=\"{&quot;drop_cap&quot;:&quot;yes&quot;}\" data-widget_type=\"text-editor.default\">\n\t\t\t\t<div class=\"elementor-widget-container\">\n\t\t\t\t\t\t\t\t\t<p>Depois de ouvi-los orando e cantando agora era a hora de ouvi-los pregando a palavra que liberta das algemas espirituais.<br \/>\u201cDisse o carcereiro: senhores que preciso fazer para ser como voc\u00eas? Paulo respondeu: Cr\u00ea no Senhor Jesus, e sereis salvo tu e a toda a tua fam\u00edlia.<br \/>Vs. 32: \u201cent\u00e3o pregaram a palavra de Deus a ele e a todos de sua casa.\u201d<br \/>A palavra de Deus tem poder para salvar um, dois, tr\u00eas, milhares de pessoas que acreditem e validem o sacrif\u00edcio vivo de Jesus na cruz.<br \/>Tem poder para restaurar e salvar a fam\u00edlia.<br \/>Mateus 16:16 diz: Aquele que crer e for batizado ser\u00e1 salvo. Todavia, quem n\u00e3o crer ser\u00e1 condenado!<br \/>H\u00e1 poder na Palavra de Deus para quebrar cadeias e cortar amarras, desfazer v\u00ednculos e libertar oprimidos.<br \/>Basta crer. Basta querer, bastar dizer: Eu aceito Jesus como o meu \u00fanico e suficiente salvador, senhor e libertador!<br \/>O resultado extraordin\u00e1rio deste acontecido foi o batismo de todos daquela fam\u00edlia. Quando? Na mesma hora!!!!<br \/>Quando um crente transformado evangelicamente, biblicamente entende a mensagem de Deus, ele n\u00e3o quer esperar, logo deseja ser batizado!<\/p>\t\t\t\t\t\t\t\t<\/div>\n\t\t\t\t<\/div>\n\t\t\t\t\t<\/div>\n\t\t\t\t<\/div>\n\t\t<div class=\"elementor-element elementor-element-4b816c2 e-flex e-con-boxed e-con e-parent\" data-id=\"4b816c2\" data-element_type=\"container\" data-e-type=\"container\">\n\t\t\t\t\t<div class=\"e-con-inner\">\n\t\t\t\t<div class=\"elementor-element elementor-element-cc9c5f9 elementor-widget elementor-widget-heading\" data-id=\"cc9c5f9\" data-element_type=\"widget\" data-e-type=\"widget\" data-widget_type=\"heading.default\">\n\t\t\t\t<div class=\"elementor-widget-container\">\n\t\t\t\t\t<h3 class=\"elementor-heading-title elementor-size-default\">Conclus\u00e3o<\/h3>\t\t\t\t<\/div>\n\t\t\t\t<\/div>\n\t\t\t\t\t<\/div>\n\t\t\t\t<\/div>\n\t\t<div class=\"elementor-element elementor-element-3dd5022 e-flex e-con-boxed e-con e-parent\" data-id=\"3dd5022\" data-element_type=\"container\" data-e-type=\"container\">\n\t\t\t\t\t<div class=\"e-con-inner\">\n\t\t\t\t<div class=\"elementor-element elementor-element-bc7c3ae elementor-widget elementor-widget-text-editor\" data-id=\"bc7c3ae\" data-element_type=\"widget\" data-e-type=\"widget\" data-widget_type=\"text-editor.default\">\n\t\t\t\t<div class=\"elementor-widget-container\">\n\t\t\t\t\t\t\t\t\t<p>Hoje te veio salva\u00e7\u00e3o e a oportunidade de contar com os tr\u00eas poderes que sustentam o crente:<\/p><p>I- O PODER DA ORA\u00c7\u00c3O<br \/>II- O PODER DA ADORA\u00c7\u00c3O E<br \/>III- O PODER DA PALAVRA DE DEUS.<\/p><p>O mesmo Deus que operou naquela noite, pode operar nesta, vencer com voc\u00ea o Diabo e todos os seus aprisionamentos, para que voc\u00ea seja feliz e tenha a vida eterna.<br \/>Domingo 23\/11\/2014 \u2013 noite.<\/p>\t\t\t\t\t\t\t\t<\/div>\n\t\t\t\t<\/div>\n\t\t\t\t\t<\/div>\n\t\t\t\t<\/div>\n\t\t<div class=\"elementor-element elementor-element-3b65b5d e-flex e-con-boxed e-con e-parent\" data-id=\"3b65b5d\" data-element_type=\"container\" data-e-type=\"container\">\n\t\t\t\t\t<div class=\"e-con-inner\">\n\t\t\t\t<div class=\"elementor-element elementor-element-66f4821 elementor-widget elementor-widget-text-editor\" data-id=\"66f4821\" data-element_type=\"widget\" data-e-type=\"widget\" data-widget_type=\"text-editor.default\">\n\t\t\t\t<div class=\"elementor-widget-container\">\n\t\t\t\t\t\t\t\t\t<p class=\"footer-page\">Pr. Carlos Henrique Carnavalli<\/p>\t\t\t\t\t\t\t\t<\/div>\n\t\t\t\t<\/div>\n\t\t\t\t\t<\/div>\n\t\t\t\t<\/div>\n\t\t\t\t<\/div>\n\t\t","protected":false},"excerpt":{"rendered":"<p>TEXTO: (Atos 16: 19-26)<\/p>\n","protected":false},"author":6,"featured_media":1728,"parent":1725,"menu_order":0,"comment_status":"closed","ping_status":"closed","template":"template-fullwidth.php","meta":{"footnotes":""},"class_list":["post-1727","page","type-page","status-publish","has-post-thumbnail","hentry"],"jetpack_sharing_enabled":true,"_links":{"self":[{"href":"https:\/\/www.igrejabatistadecorreas.com.br\/2018\/wp-json\/wp\/v2\/pages\/1727","targetHints":{"allow":["GET"]}}],"collection":[{"href":"https:\/\/www.igrejabatistadecorreas.com.br\/2018\/wp-json\/wp\/v2\/pages"}],"about":[{"href":"https:\/\/www.igrejabatistadecorreas.com.br\/2018\/wp-json\/wp\/v2\/types\/page"}],"author":[{"embeddable":true,"href":"https:\/\/www.igrejabatistadecorreas.com.br\/2018\/wp-json\/wp\/v2\/users\/6"}],"replies":[{"embeddable":true,"href":"https:\/\/www.igrejabatistadecorreas.com.br\/2018\/wp-json\/wp\/v2\/comments?post=1727"}],"version-history":[{"count":29,"href":"https:\/\/www.igrejabatistadecorreas.com.br\/2018\/wp-json\/wp\/v2\/pages\/1727\/revisions"}],"predecessor-version":[{"id":5339,"href":"https:\/\/www.igrejabatistadecorreas.com.br\/2018\/wp-json\/wp\/v2\/pages\/1727\/revisions\/5339"}],"up":[{"embeddable":true,"href":"https:\/\/www.igrejabatistadecorreas.com.br\/2018\/wp-json\/wp\/v2\/pages\/1725"}],"wp:featuredmedia":[{"embeddable":true,"href":"https:\/\/www.igrejabatistadecorreas.com.br\/2018\/wp-json\/wp\/v2\/media\/1728"}],"wp:attachment":[{"href":"https:\/\/www.igrejabatistadecorreas.com.br\/2018\/wp-json\/wp\/v2\/media?parent=1727"}],"curies":[{"name":"wp","href":"https:\/\/api.w.org\/{rel}","templated":true}]}}