{"id":1687,"date":"2018-12-04T09:12:09","date_gmt":"2018-12-04T11:12:09","guid":{"rendered":"https:\/\/www.igrejabatistadecorreas.com.br\/2018\/?page_id=1687"},"modified":"2023-10-31T10:17:43","modified_gmt":"2023-10-31T13:17:43","slug":"familia","status":"publish","type":"page","link":"https:\/\/www.igrejabatistadecorreas.com.br\/2018\/familia\/","title":{"rendered":"\u00c1gape &#8211; Minist. Fam\u00edlia"},"content":{"rendered":"\t\t<div data-elementor-type=\"wp-page\" data-elementor-id=\"1687\" class=\"elementor elementor-1687\">\n\t\t\t\t<div class=\"elementor-element elementor-element-5f7a9df e-flex e-con-boxed e-con e-parent\" data-id=\"5f7a9df\" data-element_type=\"container\" data-e-type=\"container\">\n\t\t\t\t\t<div class=\"e-con-inner\">\n\t\t\t\t<div class=\"elementor-element elementor-element-2ce1651 elementor-hidden-mobile elementor-widget elementor-widget-image\" data-id=\"2ce1651\" data-element_type=\"widget\" data-e-type=\"widget\" id=\"texto\" data-settings=\"{&quot;_animation&quot;:&quot;none&quot;}\" data-widget_type=\"image.default\">\n\t\t\t\t<div class=\"elementor-widget-container\">\n\t\t\t\t\t\t\t\t\t\t\t\t\t\t\t\t<a href=\"https:\/\/www.igrejabatistadecorreas.com.br\/2018\/familia\/#texto\">\n\t\t\t\t\t\t\t<img fetchpriority=\"high\" decoding=\"async\" width=\"221\" height=\"300\" src=\"https:\/\/i0.wp.com\/www.igrejabatistadecorreas.com.br\/2018\/wp-content\/uploads\/2023\/10\/Logo-Ministerio-Agape.png?fit=221%2C300&amp;ssl=1\" class=\"elementor-animation-shrink attachment-medium size-medium wp-image-5010\" alt=\"\" srcset=\"https:\/\/i0.wp.com\/www.igrejabatistadecorreas.com.br\/2018\/wp-content\/uploads\/2023\/10\/Logo-Ministerio-Agape.png?w=2398&amp;ssl=1 2398w, https:\/\/i0.wp.com\/www.igrejabatistadecorreas.com.br\/2018\/wp-content\/uploads\/2023\/10\/Logo-Ministerio-Agape.png?resize=221%2C300&amp;ssl=1 221w, https:\/\/i0.wp.com\/www.igrejabatistadecorreas.com.br\/2018\/wp-content\/uploads\/2023\/10\/Logo-Ministerio-Agape.png?resize=756%2C1024&amp;ssl=1 756w, https:\/\/i0.wp.com\/www.igrejabatistadecorreas.com.br\/2018\/wp-content\/uploads\/2023\/10\/Logo-Ministerio-Agape.png?resize=768%2C1040&amp;ssl=1 768w, https:\/\/i0.wp.com\/www.igrejabatistadecorreas.com.br\/2018\/wp-content\/uploads\/2023\/10\/Logo-Ministerio-Agape.png?resize=1134%2C1536&amp;ssl=1 1134w, https:\/\/i0.wp.com\/www.igrejabatistadecorreas.com.br\/2018\/wp-content\/uploads\/2023\/10\/Logo-Ministerio-Agape.png?resize=1512%2C2048&amp;ssl=1 1512w, https:\/\/i0.wp.com\/www.igrejabatistadecorreas.com.br\/2018\/wp-content\/uploads\/2023\/10\/Logo-Ministerio-Agape.png?w=1600&amp;ssl=1 1600w\" sizes=\"(max-width: 221px) 100vw, 221px\" \/>\t\t\t\t\t\t\t\t<\/a>\n\t\t\t\t\t\t\t\t\t\t\t\t\t\t\t<\/div>\n\t\t\t\t<\/div>\n\t\t\t\t<div class=\"elementor-element elementor-element-4bade86 animated-fast elementor-invisible elementor-widget elementor-widget-heading\" data-id=\"4bade86\" data-element_type=\"widget\" data-e-type=\"widget\" data-settings=\"{&quot;_animation&quot;:&quot;lightSpeedIn&quot;}\" data-widget_type=\"heading.default\">\n\t\t\t\t<div class=\"elementor-widget-container\">\n\t\t\t\t\t<p class=\"elementor-heading-title elementor-size-default\">Nomeado como Minist\u00e9rio \u00c1gape, dirigido em primeiro lugar por Deus, juntamente com Pr. Edson Cardoso e  sua esposa Maria Fernanda Cardoso, esse \u00e9 o minist\u00e9rio respons\u00e1vel por realizar o trabalho necess\u00e1rio com as fam\u00edlias da Igreja Batista de Corr\u00eaas.<\/p>\t\t\t\t<\/div>\n\t\t\t\t<\/div>\n\t\t\t\t\t<\/div>\n\t\t\t\t<\/div>\n\t\t<div class=\"elementor-element elementor-element-beb63a6 e-flex e-con-boxed e-con e-parent\" data-id=\"beb63a6\" data-element_type=\"container\" data-e-type=\"container\">\n\t\t\t\t\t<div class=\"e-con-inner\">\n\t\t\t\t<div class=\"elementor-element elementor-element-05bc776 elementor-widget elementor-widget-heading\" data-id=\"05bc776\" data-element_type=\"widget\" data-e-type=\"widget\" data-widget_type=\"heading.default\">\n\t\t\t\t<div class=\"elementor-widget-container\">\n\t\t\t\t\t<h3 class=\"elementor-heading-title elementor-size-default\">Jantar dos namorados - 11\/06<\/h3>\t\t\t\t<\/div>\n\t\t\t\t<\/div>\n\t\t\t\t<div class=\"elementor-element elementor-element-6d80da5 elementor-arrows-position-inside elementor-widget elementor-widget-image-carousel\" data-id=\"6d80da5\" data-element_type=\"widget\" data-e-type=\"widget\" data-settings=\"{&quot;slides_to_show&quot;:&quot;3&quot;,&quot;slides_to_scroll&quot;:&quot;1&quot;,&quot;navigation&quot;:&quot;arrows&quot;,&quot;autoplay&quot;:&quot;yes&quot;,&quot;pause_on_hover&quot;:&quot;yes&quot;,&quot;pause_on_interaction&quot;:&quot;yes&quot;,&quot;autoplay_speed&quot;:5000,&quot;infinite&quot;:&quot;yes&quot;,&quot;speed&quot;:500}\" data-widget_type=\"image-carousel.default\">\n\t\t\t\t<div class=\"elementor-widget-container\">\n\t\t\t\t\t\t\t<div class=\"elementor-image-carousel-wrapper swiper\" role=\"region\" aria-roledescription=\"carousel\" aria-label=\"Carrossel de imagens\" dir=\"ltr\">\n\t\t\t<div class=\"elementor-image-carousel swiper-wrapper\" aria-live=\"off\">\n\t\t\t\t\t\t\t\t<div class=\"swiper-slide\" role=\"group\" aria-roledescription=\"slide\" aria-label=\"1 de 7\"><a data-elementor-open-lightbox=\"yes\" data-elementor-lightbox-slideshow=\"6d80da5\" data-elementor-lightbox-title=\"Jantar dos Namorados\" data-e-action-hash=\"#elementor-action%3Aaction%3Dlightbox%26settings%3DeyJpZCI6MzMzNSwidXJsIjoiaHR0cHM6XC9cL3d3dy5pZ3JlamFiYXRpc3RhZGVjb3JyZWFzLmNvbS5iclwvMjAxOFwvd3AtY29udGVudFwvdXBsb2Fkc1wvMjAyMlwvMDZcL1BIT1RPLTIwMjItMDYtMjItMTYtMTAtMTAuanBnIiwic2xpZGVzaG93IjoiNmQ4MGRhNSJ9\" href=\"https:\/\/i0.wp.com\/www.igrejabatistadecorreas.com.br\/2018\/wp-content\/uploads\/2022\/06\/PHOTO-2022-06-22-16-10-10.jpg?ssl=1\"><figure class=\"swiper-slide-inner\"><img decoding=\"async\" class=\"swiper-slide-image\" src=\"https:\/\/i0.wp.com\/www.igrejabatistadecorreas.com.br\/2018\/wp-content\/uploads\/2022\/06\/PHOTO-2022-06-22-16-10-10.jpg?fit=300%2C225&amp;ssl=1\" alt=\"Jantar dos Namorados\" \/><\/figure><\/a><\/div><div class=\"swiper-slide\" role=\"group\" aria-roledescription=\"slide\" aria-label=\"2 de 7\"><a data-elementor-open-lightbox=\"yes\" data-elementor-lightbox-slideshow=\"6d80da5\" data-elementor-lightbox-title=\"Jantar dos Namorados\" data-e-action-hash=\"#elementor-action%3Aaction%3Dlightbox%26settings%3DeyJpZCI6MzMzNCwidXJsIjoiaHR0cHM6XC9cL3d3dy5pZ3JlamFiYXRpc3RhZGVjb3JyZWFzLmNvbS5iclwvMjAxOFwvd3AtY29udGVudFwvdXBsb2Fkc1wvMjAyMlwvMDZcL1BIT1RPLTIwMjItMDYtMjItMTYtMTAtMTAtMS5qcGciLCJzbGlkZXNob3ciOiI2ZDgwZGE1In0%3D\" href=\"https:\/\/i0.wp.com\/www.igrejabatistadecorreas.com.br\/2018\/wp-content\/uploads\/2022\/06\/PHOTO-2022-06-22-16-10-10-1.jpg?ssl=1\"><figure class=\"swiper-slide-inner\"><img decoding=\"async\" class=\"swiper-slide-image\" src=\"https:\/\/i0.wp.com\/www.igrejabatistadecorreas.com.br\/2018\/wp-content\/uploads\/2022\/06\/PHOTO-2022-06-22-16-10-10-1.jpg?fit=300%2C225&amp;ssl=1\" alt=\"Jantar dos Namorados\" \/><\/figure><\/a><\/div><div class=\"swiper-slide\" role=\"group\" aria-roledescription=\"slide\" aria-label=\"3 de 7\"><a data-elementor-open-lightbox=\"yes\" data-elementor-lightbox-slideshow=\"6d80da5\" data-elementor-lightbox-title=\"Jantar dos Namorados\" data-e-action-hash=\"#elementor-action%3Aaction%3Dlightbox%26settings%3DeyJpZCI6MzMxOSwidXJsIjoiaHR0cHM6XC9cL3d3dy5pZ3JlamFiYXRpc3RhZGVjb3JyZWFzLmNvbS5iclwvMjAxOFwvd3AtY29udGVudFwvdXBsb2Fkc1wvMjAyMlwvMDZcL1BIT1RPLTIwMjItMDYtMTktMTctNDctMTAuanBnIiwic2xpZGVzaG93IjoiNmQ4MGRhNSJ9\" href=\"https:\/\/i0.wp.com\/www.igrejabatistadecorreas.com.br\/2018\/wp-content\/uploads\/2022\/06\/PHOTO-2022-06-19-17-47-10.jpg?ssl=1\"><figure class=\"swiper-slide-inner\"><img decoding=\"async\" class=\"swiper-slide-image\" src=\"https:\/\/i0.wp.com\/www.igrejabatistadecorreas.com.br\/2018\/wp-content\/uploads\/2022\/06\/PHOTO-2022-06-19-17-47-10.jpg?fit=300%2C225&amp;ssl=1\" alt=\"Jantar dos Namorados\" \/><\/figure><\/a><\/div><div class=\"swiper-slide\" role=\"group\" aria-roledescription=\"slide\" aria-label=\"4 de 7\"><a data-elementor-open-lightbox=\"yes\" data-elementor-lightbox-slideshow=\"6d80da5\" data-elementor-lightbox-title=\"Jantar dos Namorados\" data-e-action-hash=\"#elementor-action%3Aaction%3Dlightbox%26settings%3DeyJpZCI6MzMzNiwidXJsIjoiaHR0cHM6XC9cL3d3dy5pZ3JlamFiYXRpc3RhZGVjb3JyZWFzLmNvbS5iclwvMjAxOFwvd3AtY29udGVudFwvdXBsb2Fkc1wvMjAyMlwvMDZcL1BIT1RPLTIwMjItMDYtMjItMTYtMTAtMDguanBnIiwic2xpZGVzaG93IjoiNmQ4MGRhNSJ9\" href=\"https:\/\/i0.wp.com\/www.igrejabatistadecorreas.com.br\/2018\/wp-content\/uploads\/2022\/06\/PHOTO-2022-06-22-16-10-08.jpg?ssl=1\"><figure class=\"swiper-slide-inner\"><img decoding=\"async\" class=\"swiper-slide-image\" src=\"https:\/\/i0.wp.com\/www.igrejabatistadecorreas.com.br\/2018\/wp-content\/uploads\/2022\/06\/PHOTO-2022-06-22-16-10-08.jpg?fit=300%2C225&amp;ssl=1\" alt=\"Jantar dos Namorados\" \/><\/figure><\/a><\/div><div class=\"swiper-slide\" role=\"group\" aria-roledescription=\"slide\" aria-label=\"5 de 7\"><a data-elementor-open-lightbox=\"yes\" data-elementor-lightbox-slideshow=\"6d80da5\" data-elementor-lightbox-title=\"Jantar dos Namorados\" data-e-action-hash=\"#elementor-action%3Aaction%3Dlightbox%26settings%3DeyJpZCI6MzMzNywidXJsIjoiaHR0cHM6XC9cL3d3dy5pZ3JlamFiYXRpc3RhZGVjb3JyZWFzLmNvbS5iclwvMjAxOFwvd3AtY29udGVudFwvdXBsb2Fkc1wvMjAyMlwvMDZcL1BIT1RPLTIwMjItMDYtMjItMTYtMTAtMDcuanBnIiwic2xpZGVzaG93IjoiNmQ4MGRhNSJ9\" href=\"https:\/\/i0.wp.com\/www.igrejabatistadecorreas.com.br\/2018\/wp-content\/uploads\/2022\/06\/PHOTO-2022-06-22-16-10-07.jpg?ssl=1\"><figure class=\"swiper-slide-inner\"><img decoding=\"async\" class=\"swiper-slide-image\" src=\"https:\/\/i0.wp.com\/www.igrejabatistadecorreas.com.br\/2018\/wp-content\/uploads\/2022\/06\/PHOTO-2022-06-22-16-10-07.jpg?fit=300%2C225&amp;ssl=1\" alt=\"Jantar dos Namorados\" \/><\/figure><\/a><\/div><div class=\"swiper-slide\" role=\"group\" aria-roledescription=\"slide\" aria-label=\"6 de 7\"><a data-elementor-open-lightbox=\"yes\" data-elementor-lightbox-slideshow=\"6d80da5\" data-elementor-lightbox-title=\"Jantar dos Namorados\" data-e-action-hash=\"#elementor-action%3Aaction%3Dlightbox%26settings%3DeyJpZCI6MzMxOCwidXJsIjoiaHR0cHM6XC9cL3d3dy5pZ3JlamFiYXRpc3RhZGVjb3JyZWFzLmNvbS5iclwvMjAxOFwvd3AtY29udGVudFwvdXBsb2Fkc1wvMjAyMlwvMDZcL1BIT1RPLTIwMjItMDYtMTktMTctNDctMDktMS5qcGciLCJzbGlkZXNob3ciOiI2ZDgwZGE1In0%3D\" href=\"https:\/\/i0.wp.com\/www.igrejabatistadecorreas.com.br\/2018\/wp-content\/uploads\/2022\/06\/PHOTO-2022-06-19-17-47-09-1.jpg?ssl=1\"><figure class=\"swiper-slide-inner\"><img decoding=\"async\" class=\"swiper-slide-image\" src=\"https:\/\/i0.wp.com\/www.igrejabatistadecorreas.com.br\/2018\/wp-content\/uploads\/2022\/06\/PHOTO-2022-06-19-17-47-09-1.jpg?fit=300%2C225&amp;ssl=1\" alt=\"Jantar dos Namorados\" \/><\/figure><\/a><\/div><div class=\"swiper-slide\" role=\"group\" aria-roledescription=\"slide\" aria-label=\"7 de 7\"><a data-elementor-open-lightbox=\"yes\" data-elementor-lightbox-slideshow=\"6d80da5\" data-elementor-lightbox-title=\"Jantar dos Namorados\" data-e-action-hash=\"#elementor-action%3Aaction%3Dlightbox%26settings%3DeyJpZCI6MzMxNywidXJsIjoiaHR0cHM6XC9cL3d3dy5pZ3JlamFiYXRpc3RhZGVjb3JyZWFzLmNvbS5iclwvMjAxOFwvd3AtY29udGVudFwvdXBsb2Fkc1wvMjAyMlwvMDZcL1BIT1RPLTIwMjItMDYtMTktMTctNDctMDkuanBnIiwic2xpZGVzaG93IjoiNmQ4MGRhNSJ9\" href=\"https:\/\/i0.wp.com\/www.igrejabatistadecorreas.com.br\/2018\/wp-content\/uploads\/2022\/06\/PHOTO-2022-06-19-17-47-09.jpg?ssl=1\"><figure class=\"swiper-slide-inner\"><img decoding=\"async\" class=\"swiper-slide-image\" src=\"https:\/\/i0.wp.com\/www.igrejabatistadecorreas.com.br\/2018\/wp-content\/uploads\/2022\/06\/PHOTO-2022-06-19-17-47-09.jpg?fit=300%2C225&amp;ssl=1\" alt=\"Jantar dos Namorados\" \/><\/figure><\/a><\/div>\t\t\t<\/div>\n\t\t\t\t\t\t\t\t\t\t\t\t<div class=\"elementor-swiper-button elementor-swiper-button-prev\" role=\"button\" tabindex=\"0\">\n\t\t\t\t\t\t<i aria-hidden=\"true\" class=\"eicon-chevron-left\"><\/i>\t\t\t\t\t<\/div>\n\t\t\t\t\t<div class=\"elementor-swiper-button elementor-swiper-button-next\" role=\"button\" tabindex=\"0\">\n\t\t\t\t\t\t<i aria-hidden=\"true\" class=\"eicon-chevron-right\"><\/i>\t\t\t\t\t<\/div>\n\t\t\t\t\n\t\t\t\t\t\t\t\t\t<\/div>\n\t\t\t\t\t\t<\/div>\n\t\t\t\t<\/div>\n\t\t\t\t<div class=\"elementor-element elementor-element-0e52933 elementor-widget elementor-widget-heading\" data-id=\"0e52933\" data-element_type=\"widget\" data-e-type=\"widget\" data-widget_type=\"heading.default\">\n\t\t\t\t<div class=\"elementor-widget-container\">\n\t\t\t\t\t<h3 class=\"elementor-heading-title elementor-size-default\">Passeio da fam\u00edlia para Sapucaia - Feriado 20\/11<\/h3>\t\t\t\t<\/div>\n\t\t\t\t<\/div>\n\t\t\t\t<div class=\"elementor-element elementor-element-110e7be elementor-arrows-position-inside elementor-widget elementor-widget-image-carousel\" data-id=\"110e7be\" data-element_type=\"widget\" data-e-type=\"widget\" data-settings=\"{&quot;navigation&quot;:&quot;arrows&quot;,&quot;autoplay&quot;:&quot;yes&quot;,&quot;pause_on_hover&quot;:&quot;yes&quot;,&quot;pause_on_interaction&quot;:&quot;yes&quot;,&quot;autoplay_speed&quot;:5000,&quot;infinite&quot;:&quot;yes&quot;,&quot;speed&quot;:500}\" data-widget_type=\"image-carousel.default\">\n\t\t\t\t<div class=\"elementor-widget-container\">\n\t\t\t\t\t\t\t<div class=\"elementor-image-carousel-wrapper swiper\" role=\"region\" aria-roledescription=\"carousel\" aria-label=\"Carrossel de imagens\" dir=\"ltr\">\n\t\t\t<div class=\"elementor-image-carousel swiper-wrapper\" aria-live=\"off\">\n\t\t\t\t\t\t\t\t<div class=\"swiper-slide\" role=\"group\" aria-roledescription=\"slide\" aria-label=\"1 de 7\"><a data-elementor-open-lightbox=\"yes\" data-elementor-lightbox-slideshow=\"110e7be\" data-elementor-lightbox-title=\"Fam\u00edlia - Batista de Corr\u00eaas\" data-e-action-hash=\"#elementor-action%3Aaction%3Dlightbox%26settings%3DeyJpZCI6MzA4NiwidXJsIjoiaHR0cHM6XC9cL3d3dy5pZ3JlamFiYXRpc3RhZGVjb3JyZWFzLmNvbS5iclwvMjAxOFwvd3AtY29udGVudFwvdXBsb2Fkc1wvMjAyMVwvMTFcL01JRkFNLUlCQy0xLmpwZWciLCJzbGlkZXNob3ciOiIxMTBlN2JlIn0%3D\" href=\"https:\/\/i0.wp.com\/www.igrejabatistadecorreas.com.br\/2018\/wp-content\/uploads\/2021\/11\/MIFAM-IBC-1.jpeg?ssl=1\"><figure class=\"swiper-slide-inner\"><img decoding=\"async\" class=\"swiper-slide-image\" src=\"https:\/\/i0.wp.com\/www.igrejabatistadecorreas.com.br\/2018\/wp-content\/uploads\/2021\/11\/MIFAM-IBC-1.jpeg?fit=300%2C169&amp;ssl=1\" alt=\"Fam\u00edlia - Batista de Corr\u00eaas\" \/><\/figure><\/a><\/div><div class=\"swiper-slide\" role=\"group\" aria-roledescription=\"slide\" aria-label=\"2 de 7\"><a data-elementor-open-lightbox=\"yes\" data-elementor-lightbox-slideshow=\"110e7be\" data-elementor-lightbox-title=\"Passeio - Sapucaia\" data-e-action-hash=\"#elementor-action%3Aaction%3Dlightbox%26settings%3DeyJpZCI6MzA4NSwidXJsIjoiaHR0cHM6XC9cL3d3dy5pZ3JlamFiYXRpc3RhZGVjb3JyZWFzLmNvbS5iclwvMjAxOFwvd3AtY29udGVudFwvdXBsb2Fkc1wvMjAyMVwvMTFcL01JRkFNLUlCQy0yLmpwZWciLCJzbGlkZXNob3ciOiIxMTBlN2JlIn0%3D\" href=\"https:\/\/i0.wp.com\/www.igrejabatistadecorreas.com.br\/2018\/wp-content\/uploads\/2021\/11\/MIFAM-IBC-2.jpeg?ssl=1\"><figure class=\"swiper-slide-inner\"><img decoding=\"async\" class=\"swiper-slide-image\" src=\"https:\/\/i0.wp.com\/www.igrejabatistadecorreas.com.br\/2018\/wp-content\/uploads\/2021\/11\/MIFAM-IBC-2.jpeg?fit=300%2C225&amp;ssl=1\" alt=\"MIFAM - IBC\" \/><\/figure><\/a><\/div><div class=\"swiper-slide\" role=\"group\" aria-roledescription=\"slide\" aria-label=\"3 de 7\"><a data-elementor-open-lightbox=\"yes\" data-elementor-lightbox-slideshow=\"110e7be\" data-elementor-lightbox-title=\"Passeio da Fam\u00edlia - Sapucaia\" data-e-action-hash=\"#elementor-action%3Aaction%3Dlightbox%26settings%3DeyJpZCI6MzA4NCwidXJsIjoiaHR0cHM6XC9cL3d3dy5pZ3JlamFiYXRpc3RhZGVjb3JyZWFzLmNvbS5iclwvMjAxOFwvd3AtY29udGVudFwvdXBsb2Fkc1wvMjAyMVwvMTFcL01JRkFNLUlCQy0zLmpwZWciLCJzbGlkZXNob3ciOiIxMTBlN2JlIn0%3D\" href=\"https:\/\/i0.wp.com\/www.igrejabatistadecorreas.com.br\/2018\/wp-content\/uploads\/2021\/11\/MIFAM-IBC-3.jpeg?ssl=1\"><figure class=\"swiper-slide-inner\"><img decoding=\"async\" class=\"swiper-slide-image\" src=\"https:\/\/i0.wp.com\/www.igrejabatistadecorreas.com.br\/2018\/wp-content\/uploads\/2021\/11\/MIFAM-IBC-3.jpeg?fit=225%2C300&amp;ssl=1\" alt=\"Passeio da Fam\u00edlia - Sapucaia\" \/><\/figure><\/a><\/div><div class=\"swiper-slide\" role=\"group\" aria-roledescription=\"slide\" aria-label=\"4 de 7\"><a data-elementor-open-lightbox=\"yes\" data-elementor-lightbox-slideshow=\"110e7be\" data-elementor-lightbox-title=\"Passeio - Sapucaia\" data-e-action-hash=\"#elementor-action%3Aaction%3Dlightbox%26settings%3DeyJpZCI6MzA4MiwidXJsIjoiaHR0cHM6XC9cL3d3dy5pZ3JlamFiYXRpc3RhZGVjb3JyZWFzLmNvbS5iclwvMjAxOFwvd3AtY29udGVudFwvdXBsb2Fkc1wvMjAyMVwvMTFcL01JRkFNLUlCQy01LmpwZWciLCJzbGlkZXNob3ciOiIxMTBlN2JlIn0%3D\" href=\"https:\/\/i0.wp.com\/www.igrejabatistadecorreas.com.br\/2018\/wp-content\/uploads\/2021\/11\/MIFAM-IBC-5.jpeg?ssl=1\"><figure class=\"swiper-slide-inner\"><img decoding=\"async\" class=\"swiper-slide-image\" src=\"https:\/\/i0.wp.com\/www.igrejabatistadecorreas.com.br\/2018\/wp-content\/uploads\/2021\/11\/MIFAM-IBC-5.jpeg?fit=300%2C225&amp;ssl=1\" alt=\"MIFAM - IBC\" \/><\/figure><\/a><\/div><div class=\"swiper-slide\" role=\"group\" aria-roledescription=\"slide\" aria-label=\"5 de 7\"><a data-elementor-open-lightbox=\"yes\" data-elementor-lightbox-slideshow=\"110e7be\" data-elementor-lightbox-title=\"Passeio da Fam\u00edlia - Sapucaia\" data-e-action-hash=\"#elementor-action%3Aaction%3Dlightbox%26settings%3DeyJpZCI6MzA4MCwidXJsIjoiaHR0cHM6XC9cL3d3dy5pZ3JlamFiYXRpc3RhZGVjb3JyZWFzLmNvbS5iclwvMjAxOFwvd3AtY29udGVudFwvdXBsb2Fkc1wvMjAyMVwvMTFcL01JRkFNLUlCQy03LmpwZWciLCJzbGlkZXNob3ciOiIxMTBlN2JlIn0%3D\" href=\"https:\/\/i0.wp.com\/www.igrejabatistadecorreas.com.br\/2018\/wp-content\/uploads\/2021\/11\/MIFAM-IBC-7.jpeg?ssl=1\"><figure class=\"swiper-slide-inner\"><img decoding=\"async\" class=\"swiper-slide-image\" src=\"https:\/\/i0.wp.com\/www.igrejabatistadecorreas.com.br\/2018\/wp-content\/uploads\/2021\/11\/MIFAM-IBC-7.jpeg?fit=300%2C225&amp;ssl=1\" alt=\"Passeio da Fam\u00edlia - Sapucaia\" \/><\/figure><\/a><\/div><div class=\"swiper-slide\" role=\"group\" aria-roledescription=\"slide\" aria-label=\"6 de 7\"><a data-elementor-open-lightbox=\"yes\" data-elementor-lightbox-slideshow=\"110e7be\" data-elementor-lightbox-title=\"Coordenadores - Minist\u00e9rio \u00c1gape\" data-e-action-hash=\"#elementor-action%3Aaction%3Dlightbox%26settings%3DeyJpZCI6MzA3OSwidXJsIjoiaHR0cHM6XC9cL3d3dy5pZ3JlamFiYXRpc3RhZGVjb3JyZWFzLmNvbS5iclwvMjAxOFwvd3AtY29udGVudFwvdXBsb2Fkc1wvMjAyMVwvMTFcL01JRkFNLUlCQy5qcGVnIiwic2xpZGVzaG93IjoiMTEwZTdiZSJ9\" href=\"https:\/\/i0.wp.com\/www.igrejabatistadecorreas.com.br\/2018\/wp-content\/uploads\/2021\/11\/MIFAM-IBC.jpeg?ssl=1\"><figure class=\"swiper-slide-inner\"><img decoding=\"async\" class=\"swiper-slide-image\" src=\"https:\/\/i0.wp.com\/www.igrejabatistadecorreas.com.br\/2018\/wp-content\/uploads\/2021\/11\/MIFAM-IBC.jpeg?fit=300%2C225&amp;ssl=1\" alt=\"Coordenadores - Minist\u00e9rio \u00c1gape\" \/><\/figure><\/a><\/div><div class=\"swiper-slide\" role=\"group\" aria-roledescription=\"slide\" aria-label=\"7 de 7\"><a data-elementor-open-lightbox=\"yes\" data-elementor-lightbox-slideshow=\"110e7be\" data-elementor-lightbox-title=\"Passeio da Fam\u00edlia - Sapucaia\" data-e-action-hash=\"#elementor-action%3Aaction%3Dlightbox%26settings%3DeyJpZCI6MzA4MSwidXJsIjoiaHR0cHM6XC9cL3d3dy5pZ3JlamFiYXRpc3RhZGVjb3JyZWFzLmNvbS5iclwvMjAxOFwvd3AtY29udGVudFwvdXBsb2Fkc1wvMjAyMVwvMTFcL01JRkFNLUlCQy02LmpwZWciLCJzbGlkZXNob3ciOiIxMTBlN2JlIn0%3D\" href=\"https:\/\/i0.wp.com\/www.igrejabatistadecorreas.com.br\/2018\/wp-content\/uploads\/2021\/11\/MIFAM-IBC-6.jpeg?ssl=1\"><figure class=\"swiper-slide-inner\"><img decoding=\"async\" class=\"swiper-slide-image\" src=\"https:\/\/i0.wp.com\/www.igrejabatistadecorreas.com.br\/2018\/wp-content\/uploads\/2021\/11\/MIFAM-IBC-6.jpeg?fit=225%2C300&amp;ssl=1\" alt=\"Passeio da Fam\u00edlia - Sapucaia\" \/><\/figure><\/a><\/div>\t\t\t<\/div>\n\t\t\t\t\t\t\t\t\t\t\t\t<div class=\"elementor-swiper-button elementor-swiper-button-prev\" role=\"button\" tabindex=\"0\">\n\t\t\t\t\t\t<i aria-hidden=\"true\" class=\"eicon-chevron-left\"><\/i>\t\t\t\t\t<\/div>\n\t\t\t\t\t<div class=\"elementor-swiper-button elementor-swiper-button-next\" role=\"button\" tabindex=\"0\">\n\t\t\t\t\t\t<i aria-hidden=\"true\" class=\"eicon-chevron-right\"><\/i>\t\t\t\t\t<\/div>\n\t\t\t\t\n\t\t\t\t\t\t\t\t\t<\/div>\n\t\t\t\t\t\t<\/div>\n\t\t\t\t<\/div>\n\t\t\t\t\t<\/div>\n\t\t\t\t<\/div>\n\t\t<div class=\"elementor-element elementor-element-74c3392 e-flex e-con-boxed e-con e-parent\" data-id=\"74c3392\" data-element_type=\"container\" data-e-type=\"container\">\n\t\t\t\t\t<div class=\"e-con-inner\">\n\t\t\t\t<div class=\"elementor-element elementor-element-16144c8 elementor-widget elementor-widget-video\" data-id=\"16144c8\" data-element_type=\"widget\" data-e-type=\"widget\" data-settings=\"{&quot;video_type&quot;:&quot;hosted&quot;,&quot;autoplay&quot;:&quot;yes&quot;,&quot;play_on_mobile&quot;:&quot;yes&quot;,&quot;mute&quot;:&quot;yes&quot;,&quot;controls&quot;:&quot;yes&quot;}\" data-widget_type=\"video.default\">\n\t\t\t\t<div class=\"elementor-widget-container\">\n\t\t\t\t\t\t\t<div class=\"e-hosted-video elementor-wrapper elementor-open-inline\">\n\t\t\t\t\t<video class=\"elementor-video\" src=\"https:\/\/www.igrejabatistadecorreas.com.br\/2018\/wp-content\/uploads\/2021\/11\/F7008066-5217-4AB0-A6AF-68F0A25FBFD8.mp4\" autoplay=\"\" controls=\"\" muted=\"muted\" playsinline=\"\" controlsList=\"nodownload\" poster=\"https:\/\/www.igrejabatistadecorreas.com.br\/2018\/wp-content\/uploads\/2021\/11\/MIFAM-IBC-1.jpeg\"><\/video>\n\t\t\t\t<\/div>\n\t\t\t\t\t\t<\/div>\n\t\t\t\t<\/div>\n\t\t\t\t\t<\/div>\n\t\t\t\t<\/div>\n\t\t\t\t<\/div>\n\t\t","protected":false},"excerpt":{"rendered":"<p>Nomeado como Minist\u00e9rio \u00c1gape, dirigido em primeiro lugar por Deus, juntamente com Pr. Edson Cardoso e sua esposa Maria Fernanda Cardoso, esse \u00e9 o minist\u00e9rio respons\u00e1vel por realizar o trabalho &#8230;<\/p>\n","protected":false},"author":6,"featured_media":0,"parent":0,"menu_order":0,"comment_status":"closed","ping_status":"closed","template":"template-fullwidth.php","meta":{"footnotes":""},"class_list":["post-1687","page","type-page","status-publish","hentry"],"jetpack_sharing_enabled":true,"_links":{"self":[{"href":"https:\/\/www.igrejabatistadecorreas.com.br\/2018\/wp-json\/wp\/v2\/pages\/1687","targetHints":{"allow":["GET"]}}],"collection":[{"href":"https:\/\/www.igrejabatistadecorreas.com.br\/2018\/wp-json\/wp\/v2\/pages"}],"about":[{"href":"https:\/\/www.igrejabatistadecorreas.com.br\/2018\/wp-json\/wp\/v2\/types\/page"}],"author":[{"embeddable":true,"href":"https:\/\/www.igrejabatistadecorreas.com.br\/2018\/wp-json\/wp\/v2\/users\/6"}],"replies":[{"embeddable":true,"href":"https:\/\/www.igrejabatistadecorreas.com.br\/2018\/wp-json\/wp\/v2\/comments?post=1687"}],"version-history":[{"count":43,"href":"https:\/\/www.igrejabatistadecorreas.com.br\/2018\/wp-json\/wp\/v2\/pages\/1687\/revisions"}],"predecessor-version":[{"id":5529,"href":"https:\/\/www.igrejabatistadecorreas.com.br\/2018\/wp-json\/wp\/v2\/pages\/1687\/revisions\/5529"}],"wp:attachment":[{"href":"https:\/\/www.igrejabatistadecorreas.com.br\/2018\/wp-json\/wp\/v2\/media?parent=1687"}],"curies":[{"name":"wp","href":"https:\/\/api.w.org\/{rel}","templated":true}]}}